{"id":4893,"date":"2017-06-13T16:51:23","date_gmt":"2017-06-13T15:51:23","guid":{"rendered":"http:\/\/www.iconemediationsante.fr\/icone-new\/?page_id=4893"},"modified":"2026-04-15T14:05:27","modified_gmt":"2026-04-15T13:05:27","slug":"mentions-legales","status":"publish","type":"page","link":"http:\/\/www.iconemediationsante.fr\/icone-new\/?page_id=4893","title":{"rendered":"Mentions l\u00e9gales"},"content":{"rendered":"<p><strong>ICONE MEDIATION SANTE<\/strong><\/p>\n<hr \/>\n<p>SAS au capital variable minimum de 75 000 Euros\u00a0<\/p>\n<p><em>RCS Rennes B 382437531 &#8211; N\u00b0 Siret : 382 437 531 000 25 &#8211;\u00a0 N\u00b0 TVA intracommunautaire : FR00382437531<br \/><\/em><\/p>\n<p><em>Si\u00e8ge social : 81 Mail Fran\u00e7ois Mitterrand &#8211; 35000 RENNES &#8211; T\u00e9l. : 02 99 31 75 00<\/em><\/p>\n<p><em>Antennes Toulouse &#8211; Paris &#8211; Avignon &#8211; Valence : 05 61 63 10 69<\/em><\/p>\n<p><em>E-mail : accueil@iconemediationsante.fr &#8211;\u00a0 Site Web : <a href=\"http:\/\/www.iconemediationsante.fr\"> www.iconemediationsante.fr<\/a><\/em><\/p>\n<p><em>\u00a0<\/em><\/p>\n<p><em><strong>Responsables de la r\u00e9daction :<\/strong> C\u00e9line LORANDEL<\/em><\/p>\n<p><em><strong>Conception et gestion du site web :<\/strong> C\u00e9line LORANDEL et G\u00e9rard DURAND<\/em><\/p>\n<p><em><strong>Si\u00e8ge social de l&rsquo;h\u00e9bergeur :<\/strong> Soci\u00e9t\u00e9 LINKS &#8211; 72 chemin des Rivi\u00e8res &#8211; 69390 Vernaison &#8211; T\u00e9l : 09 50 70 79 89<\/em><\/p>\n","protected":false},"excerpt":{"rendered":"<p>ICONE MEDIATION SANTE SAS au capital variable minimum de 75 000 Euros\u00a0 RCS Rennes B 382437531 &#8211; N\u00b0 Siret : 382 437 531 000 25 &#8211;\u00a0 N\u00b0 TVA intracommunautaire : FR00382437531 Si\u00e8ge social : 81 Mail Fran\u00e7ois Mitterrand &#8211; 35000 RENNES &#8211; T\u00e9l. : 02 99 31 75 00 Antennes\u2026<\/p>\n<p> <a class=\"continue-reading-link\" href=\"http:\/\/www.iconemediationsante.fr\/icone-new\/?page_id=4893\"><span>Lire la suite<\/span><i class=\"icon-right-dir\"><\/i><\/a><\/p>\n","protected":false},"author":2,"featured_media":0,"parent":0,"menu_order":0,"comment_status":"closed","ping_status":"closed","template":"","meta":[],"tags":[],"_links":{"self":[{"href":"http:\/\/www.iconemediationsante.fr\/icone-new\/index.php?rest_route=\/wp\/v2\/pages\/4893"}],"collection":[{"href":"http:\/\/www.iconemediationsante.fr\/icone-new\/index.php?rest_route=\/wp\/v2\/pages"}],"about":[{"href":"http:\/\/www.iconemediationsante.fr\/icone-new\/index.php?rest_route=\/wp\/v2\/types\/page"}],"author":[{"embeddable":true,"href":"http:\/\/www.iconemediationsante.fr\/icone-new\/index.php?rest_route=\/wp\/v2\/users\/2"}],"replies":[{"embeddable":true,"href":"http:\/\/www.iconemediationsante.fr\/icone-new\/index.php?rest_route=%2Fwp%2Fv2%2Fcomments&post=4893"}],"version-history":[{"count":9,"href":"http:\/\/www.iconemediationsante.fr\/icone-new\/index.php?rest_route=\/wp\/v2\/pages\/4893\/revisions"}],"predecessor-version":[{"id":5630,"href":"http:\/\/www.iconemediationsante.fr\/icone-new\/index.php?rest_route=\/wp\/v2\/pages\/4893\/revisions\/5630"}],"wp:attachment":[{"href":"http:\/\/www.iconemediationsante.fr\/icone-new\/index.php?rest_route=%2Fwp%2Fv2%2Fmedia&parent=4893"}],"wp:term":[{"taxonomy":"post_tag","embeddable":true,"href":"http:\/\/www.iconemediationsante.fr\/icone-new\/index.php?rest_route=%2Fwp%2Fv2%2Ftags&post=4893"}],"curies":[{"name":"wp","href":"https:\/\/api.w.org\/{rel}","templated":true}]}}