{"id":4825,"date":"2017-06-07T12:54:47","date_gmt":"2017-06-07T11:54:47","guid":{"rendered":"http:\/\/www.iconemediationsante.fr\/icone-new\/?page_id=4825"},"modified":"2026-04-15T14:01:10","modified_gmt":"2026-04-15T13:01:10","slug":"descriptif-equipe","status":"publish","type":"page","link":"http:\/\/www.iconemediationsante.fr\/icone-new\/?page_id=4825","title":{"rendered":"Descriptif \u00e9quipe"},"content":{"rendered":"<h2>Descriptif de notre \u00e9quipe<\/h2>\n<figure><img src=\"http:\/\/www.iconemediationsante.fr\/icone-new\/wp-content\/uploads\/Vincent-BAUDOT-bis.jpg\" alt=\"Vincent BAUDOT bis\" title=\"Vincent BAUDOT bis\"><\/figure>\n<h3>Vincent BAUDOT<\/h3>\n<p>G\u00e9ographe, consultant en d\u00e9veloppement local et sant\u00e9 publique\n<\/p>\n<p><strong>Associ\u00e9 au sein d\u2019Icone M\u00e9diation Sant\u00e9<\/strong><\/p>\n<p><strong>Domaines de comp\u00e9tences et champs d\u2019intervention :<\/strong><\/p>\n<p>Diagnostic territoriaux, d\u00e9marches participatives population, ing\u00e9nierie des r\u00e9seaux de sant\u00e9, appui aux porteurs de programmes et projets, sant\u00e9 publique et probl\u00e9matiques urbaines.<\/p>\n<p><strong>Exp\u00e9riences ant\u00e9rieures :<\/strong><\/p>\n<p>Charg\u00e9 d&rsquo;\u00e9tudes dans une soci\u00e9t\u00e9 d&rsquo;analyse des politiques publiques (Scop Regards) ; charg\u00e9 d&rsquo;\u00e9tudes en g\u00e9ographie de la sant\u00e9 \u00e0 l&rsquo;Observatoire r\u00e9gional de la sant\u00e9 de la r\u00e9gion Provence-Alpes-C\u00f4te d&rsquo;Azur ; responsable des projets sant\u00e9 publique et coordinateur p\u00e9dagogique de formations universitaires de second cycle en pratiques sociales dans un bureau d&rsquo;\u00e9tudes et de formation associ\u00e9 \u00e0 l&rsquo;Universit\u00e9 de la M\u00e9diterran\u00e9e (Coll\u00e8ge coop\u00e9ratif Provence-Alpes-M\u00e9diterran\u00e9e)<\/p>\n<figure><img src=\"http:\/\/www.iconemediationsante.fr\/icone-new\/wp-content\/uploads\/Isabelle-BOURGEOIS-Bis.jpg\" alt=\"Isabelle BOURGEOIS Bis\" title=\"Isabelle BOURGEOIS Bis\"><\/figure>\n<h3>Isabelle BOURGEOIS<\/h3>\n<p>Docteur en sociologie, consultante en sant\u00e9 publique<\/p>\n<p><strong>Associ\u00e9e au sein d\u2019Icone M\u00e9diation Sant\u00e9<\/strong><\/p>\n<p>Chercheure associ\u00e9e \u00e0 l&rsquo;Institut de Recherche et de Documentation en Economie de la Sant\u00e9 (IRDES)<\/p>\n<p style=\"text-align: left;\"><strong>Domaines de comp\u00e9tences et champs d\u2019intervention :<\/strong><\/p>\n<p style=\"text-align: left;\">Diagnostics territoriaux, \u00e9tudes et conseils aupr\u00e8s des collectivit\u00e9s territoriales, appui \u00e0 l\u2019\u00e9laboration de projets de maisons de sant\u00e9 pluridisciplinaires. Prestations sociologiques : Diagnostics organisationnels. Formation en sociologie qualitative aupr\u00e8s de professionnels de sant\u00e9.<\/p>\n<p style=\"text-align: left;\"><strong>Exp\u00e9riences ant\u00e9rieures :<\/strong><\/p>\n<p style=\"text-align: left;\">R\u00e9alisation d\u2019un Doctorat en sociologie (2007) au Centre de Sociologie des Organisations (Institut d\u2019Etudes Politiques de Paris). 10 ans d\u2019activit\u00e9 de recherche et d\u2019enseignement en sociologie des organisations et de la sant\u00e9.<\/p>\n<figure><img src=\"http:\/\/www.iconemediationsante.fr\/icone-new\/wp-content\/uploads\/Mathilde-COSSON-Bis.jpg\" alt=\"Mathilde COSSON Bis\" title=\"Mathilde COSSON Bis\"><\/figure>\n<h3>Mathilde COSSON<\/h3>\n<p>Docteur en pharmacie, consultante en sant\u00e9 publique<\/p>\n<p><strong>Associ\u00e9e au sein d\u2019Icone M\u00e9diation sant\u00e9<\/strong><\/p>\n<p><strong>Domaines de comp\u00e9tences et champs d\u2019intervention :<\/strong><\/p>\n<p>M\u00e9thodologie de projet de sant\u00e9, organisation et animation de r\u00e9union, suivi de s\u00e9ances d\u2019\u00e9ducation th\u00e9rapeutique du patient. Participation \u00e0 l&rsquo;organisation de la campagne de d\u00e9pistage des cancers du c\u00f4lon en Ille et Vilaine (ADECI 35). Accompagnement \u00e0 l\u2019\u00e9laboration de projets de maisons de sant\u00e9.<\/p>\n<p><strong>Exp\u00e9riences ant\u00e9rieures :<\/strong><\/p>\n<p>Coordinatrice du P\u00f4le r\u00e9gional ressources en Education Th\u00e9rapeutique du Patient \u00e0 l\u2019IREPS Bretagne. Pharmacien charg\u00e9 de mission en sant\u00e9 au CESPHARM (Ordre National des Pharmaciens).<\/p>\n<p>\u00a0<\/p>\n<p>\u00a0<\/p>\n<p>\u00a0<\/p>\n<figure><img src=\"http:\/\/www.iconemediationsante.fr\/icone-new\/wp-content\/uploads\/G\u00e9rard-DURAND-1.jpg\" alt=\"G\u00e9rard DURAND\" title=\"G\u00e9rard DURAND\"><\/figure>\n<h3>G\u00e9rard DURAND<\/h3>\n<p>M\u00e9decin, sp\u00e9cialiste en Sant\u00e9 Publique<\/p>\n<p><strong>Co fondateur d\u2019Icones et associ\u00e9 au sein d\u2019Icone M\u00e9diation Sant\u00e9, en cumul emploi-retraite depuis avril 2017<\/strong><\/p>\n<p><strong>Domaines de comp\u00e9tences et champs d\u2019intervention :<\/strong><\/p>\n<p>Audit d&rsquo;organisation et aide \u00e0 la conception de projets d&rsquo;\u00e9tablissements ou d&rsquo;institutions, conception, organisation, \u00e9valuation de programmes de d\u00e9pistage des cancers, accompagnements de conseils et \u00e9tudes pour la conception de maisons et p\u00f4les de sant\u00e9 pluridisciplinaires \u2013 centre de sant\u00e9, programmes Qualit\u00e9. Formation. Etudes et conseils aux collectivit\u00e9s locales<\/p>\n<p><strong>Exp\u00e9riences ant\u00e9rieures : <\/strong><\/p>\n<p>Responsable d&rsquo;une association d\u2019\u00e9tude et de recherche universitaire au sein du D\u00e9partement de Sant\u00e9 Publique de Rennes &#8211; GRISS de 1988 \u00e0 1990; Responsable du secteur Sant\u00e9 publique &#8211; Recherche \u00e0 l&rsquo;UNAFORMEC jusqu&rsquo;en 1990 puis co-initiateur du Coll\u00e8ge des Hautes Etudes en M\u00e9decine G\u00e9n\u00e9rale de Bretagne; \u00a0M\u00e9decin g\u00e9n\u00e9raliste \u00e0 Tournus (Dpt 71) de 1980 \u00e0 1987 et activit\u00e9s de sant\u00e9 publique locor\u00e9gionales en Bourgogne parall\u00e8lement.<\/p>\n<figure><img src=\"http:\/\/www.iconemediationsante.fr\/icone-new\/wp-content\/uploads\/C\u00e9line-LORANDEL-bis-.jpg\" alt=\"C\u00e9line LORANDEL bis\" title=\"C\u00e9line LORANDEL bis\"><\/figure>\n<h3>C\u00e9line LORANDEL<\/h3>\n<p>Charg\u00e9e d&rsquo;\u00e9tudes <\/p>\n<p><strong>Charg\u00e9e d\u2019\u00e9tudes au sein d\u2019Icone M\u00e9diation Sant\u00e9<\/strong><\/p>\n<p><strong>Domaines de comp\u00e9tences et champs d\u2019intervention :<\/strong><\/p>\n<p>Elaboration de diagnostics territoriaux de sant\u00e9 (\u00e9tudes socio-d\u00e9mographiques, analyse de l\u2019\u00e9tat de sant\u00e9, de l\u2019offre de sant\u00e9, des \u00e9tablissements hospitaliers et \u00e9tablissements m\u00e9dico-sociaux).<\/p>\n<p>R\u00e9alisation d\u2019enqu\u00eates en ligne et analyse des r\u00e9sultats.<\/p>\n<p>Participation \u00e0 plusieurs prestations pour des regroupements de professionnels de sant\u00e9, collectivit\u00e9s locales, MSP, CPTS, etc.<\/p>\n<p>Animation ou co-animation de groupes de travail.<\/p>\n<p><strong>Exp\u00e9riences ant\u00e9rieures : <\/strong><\/p>\n<p>Assistante technicienne au sein d\u2019Icone M\u00e9diation Sant\u00e9 depuis 1997<\/p>\n<figure><img src=\"http:\/\/www.iconemediationsante.fr\/icone-new\/wp-content\/uploads\/Karelle-LE-GLEUT.jpg\" alt=\"Karelle LE GLEUT\" title=\"Karelle LE GLEUT\"><\/figure>\n<h3>Karelle LE GLEUT<\/h3>\n<p>Economiste de la sant\u00e9, consultante en sant\u00e9 publique<\/p>\n<p><strong>Associ\u00e9e au sein d\u2019Icone M\u00e9diation Sant\u00e9<\/strong><\/p>\n<p><strong>Domaines de comp\u00e9tences et champs d\u2019intervention :<\/strong><\/p>\n<p>Aide \u00e0 la conception de projets d\u2019organisation des soins, en lib\u00e9ral et\/ou en \u00e9tablissement aupr\u00e8s d\u2019associations ou d\u2019institutions. Accompagnement de p\u00f4les de sant\u00e9 dans la mise en \u0153uvre de leur projet de sant\u00e9. Etude \u00e9pid\u00e9miologique et m\u00e9dico-\u00e9conomiques. Formation.<\/p>\n<p><strong>Exp\u00e9riences ant\u00e9rieures : <\/strong><\/p>\n<p>Charg\u00e9e d\u2019\u00e9tudes statistiques. Soci\u00e9t\u00e9 Genset, Evry pendant 3 ans.<\/p>\n<figure><img src=\"http:\/\/www.iconemediationsante.fr\/icone-new\/wp-content\/uploads\/Emmanuelle-ROBERT-clair.jpg\" alt=\"Emmanuelle ROBERT + clair\" title=\"Emmanuelle ROBERT + clair\"><\/figure>\n<h3>Emmanuelle ROBERT<\/h3>\n<p>M\u00e9decin, consultante en Sant\u00e9 Publique<\/p>\n<p><strong>Associ\u00e9e au sein d\u2019Icone M\u00e9diation Sant\u00e9<\/strong><\/p>\n<p><strong>Domaines de comp\u00e9tences et champs d\u2019intervention :<\/strong><\/p>\n<p>Participation \u00e0 l&rsquo;organisation de campagne de d\u00e9pistage des cancers du sein. Conseil et accompagnement\u00a0 de projet\u00a0: maisons de sant\u00e9, r\u00e9seaux, CLS\u2026. R\u00e9alisation de diagnostics locaux de sant\u00e9. Participation \u00e0 l\u2019accompagnement de projets m\u00e9dicaux d\u2019\u00e9tablissements de sant\u00e9 (h\u00f4pital local, centre hospitalier, centre de sant\u00e9\u2026). Etudes et \u00e9valuation\u00a0: r\u00e9seaux, projets, programme de sant\u00e9.<\/p>\n<p><strong>Exp\u00e9riences ant\u00e9rieures : <\/strong><\/p>\n<p>Remplacements en m\u00e9decine g\u00e9n\u00e9rale.<\/p>\n<p>\u00a0<\/p>\n<p>\u00a0<\/p>\n<p>\u00a0<\/p>\n","protected":false},"excerpt":{"rendered":"<p>Descriptif de notre \u00e9quipe Vincent BAUDOT G\u00e9ographe, consultant en d\u00e9veloppement local et sant\u00e9 publique Associ\u00e9 au sein d\u2019Icone M\u00e9diation Sant\u00e9 Domaines de comp\u00e9tences et champs d\u2019intervention : Diagnostic territoriaux, d\u00e9marches participatives population, ing\u00e9nierie des r\u00e9seaux de sant\u00e9, appui aux porteurs de programmes et projets, sant\u00e9 publique et probl\u00e9matiques urbaines. Exp\u00e9riences\u2026<\/p>\n<p> <a class=\"continue-reading-link\" href=\"http:\/\/www.iconemediationsante.fr\/icone-new\/?page_id=4825\"><span>Lire la suite<\/span><i class=\"icon-right-dir\"><\/i><\/a><\/p>\n","protected":false},"author":2,"featured_media":0,"parent":3245,"menu_order":0,"comment_status":"closed","ping_status":"closed","template":"","meta":[],"tags":[],"_links":{"self":[{"href":"http:\/\/www.iconemediationsante.fr\/icone-new\/index.php?rest_route=\/wp\/v2\/pages\/4825"}],"collection":[{"href":"http:\/\/www.iconemediationsante.fr\/icone-new\/index.php?rest_route=\/wp\/v2\/pages"}],"about":[{"href":"http:\/\/www.iconemediationsante.fr\/icone-new\/index.php?rest_route=\/wp\/v2\/types\/page"}],"author":[{"embeddable":true,"href":"http:\/\/www.iconemediationsante.fr\/icone-new\/index.php?rest_route=\/wp\/v2\/users\/2"}],"replies":[{"embeddable":true,"href":"http:\/\/www.iconemediationsante.fr\/icone-new\/index.php?rest_route=%2Fwp%2Fv2%2Fcomments&post=4825"}],"version-history":[{"count":84,"href":"http:\/\/www.iconemediationsante.fr\/icone-new\/index.php?rest_route=\/wp\/v2\/pages\/4825\/revisions"}],"predecessor-version":[{"id":5628,"href":"http:\/\/www.iconemediationsante.fr\/icone-new\/index.php?rest_route=\/wp\/v2\/pages\/4825\/revisions\/5628"}],"up":[{"embeddable":true,"href":"http:\/\/www.iconemediationsante.fr\/icone-new\/index.php?rest_route=\/wp\/v2\/pages\/3245"}],"wp:attachment":[{"href":"http:\/\/www.iconemediationsante.fr\/icone-new\/index.php?rest_route=%2Fwp%2Fv2%2Fmedia&parent=4825"}],"wp:term":[{"taxonomy":"post_tag","embeddable":true,"href":"http:\/\/www.iconemediationsante.fr\/icone-new\/index.php?rest_route=%2Fwp%2Fv2%2Ftags&post=4825"}],"curies":[{"name":"wp","href":"https:\/\/api.w.org\/{rel}","templated":true}]}}