{"id":4555,"date":"2017-04-07T10:23:06","date_gmt":"2017-04-07T09:23:06","guid":{"rendered":"http:\/\/www.iconemediationsante.fr\/icone-new\/?page_id=4555"},"modified":"2018-08-01T08:29:12","modified_gmt":"2018-08-01T07:29:12","slug":"descriptif-etablissements-de-sante-medico-sociaux-et-de-prevention","status":"publish","type":"page","link":"http:\/\/www.iconemediationsante.fr\/icone-new\/?page_id=4555","title":{"rendered":"Descriptif \u00e9tablissements de sant\u00e9 et m\u00e9dico-sociaux"},"content":{"rendered":"<h2>Descriptif \u00e9tablissements de sant\u00e9 et m\u00e9dico-sociaux <\/h2>\n<p>Ainsi ont \u00e9t\u00e9 assur\u00e9s de nombreux travaux d\u2019aide \u00e0 la conception de projets m\u00e9dicaux et d\u2019\u00e9tablissement pour <strong>les h\u00f4pitaux locaux<\/strong>.<\/p>\n<p>\u00a0<\/p>\n<p>Certains de nos intervenants ont accompagn\u00e9 l\u2019Association Nationale des M\u00e9decins des H\u00f4pitaux Locaux historiquement et ont organis\u00e9 ou particip\u00e9 \u00e0 plusieurs reprises aux journ\u00e9es nationales des m\u00e9decins des h\u00f4pitaux locaux.<\/p>\n<p>\u00a0<\/p>\n<p>Nous avons \u00e9galement accompagn\u00e9 des <strong>centres hospitaliers, cliniques, centres de r\u00e9\u00e9ducations<\/strong>, pour des projets m\u00e9dicaux et projets de service, des projets de groupements de coop\u00e9ration sanitaire, des \u00e9valuations de dispositifs exp\u00e9rimentaux, des regroupements h\u00f4pitaux, cliniques priv\u00e9es.<\/p>\n<p>\u00a0<\/p>\n<p>Nous intervenons pour des \u00e9tudes de faisabilit\u00e9, accompagnement de projet, \u00e9valuation de dispositifs innovants, aupr\u00e8s des<strong> EHPAD, SAMSAH, APAJH, CLIC et des Collectivit\u00e9s locales<\/strong>.<\/p>\n<p>\u00a0<\/p>\n<p>\u00a0<\/p>\n<h2>Quelques exemples<\/h2>\n<p>\t\t\t\t\t\tAide \u00e0 l\u2019\u00e9laboration du projet d\u2019\u00e9tablissement. Aspects concernant le projet m\u00e9dical, le projet de soins et le projet de vie de l\u2019H\u00f4pital Local de Cancale (Bretagne) \t\t\t\t\t<\/p>\n<p><em>L\u2019h\u00f4pital local de Cancale est n\u00e9 de la fusion d\u2019un foyer logement et d\u2019un centre de long s\u00e9jour en 2003.\u00a0 Il avait souhait\u00e9 \u00e9tablir des nouvelles perspectives d\u2019activit\u00e9s dans un contexte local de fusion des directions des deux Centres Hospitaliers du secteur et de la possible cr\u00e9ation d\u2019une Communaut\u00e9 Hospitali\u00e8re de Territoire. <\/em><\/p>\n<p><strong><em>\u00a0<\/em><\/strong><em>La d\u00e9finition du nouveau projet d\u2019\u00e9tablissement lui a permis de s\u2019inscrire pleinement dans la logique de son territoire et peser en tant qu\u2019acteur de l\u2019offre de soins sur le Pays de Saint-Malo.<\/em><\/p>\n<p><em>\u00a0Les \u00e9quipes de l\u2019\u00e9tablissement ont propos\u00e9\u00a0: <\/em><\/p>\n<ul>\n<li><em>une orientation g\u00e9riatrique sanitaire et m\u00e9dico-sociale affirm\u00e9e pour leur \u00e9tablissement,<\/em><\/li>\n<li><em>la mise en \u0153uvre d\u2019une direction commune avec les centres hospitaliers du territoire<\/em><\/li>\n<li><em>la transformation de ses lits de m\u00e9decine en lits de SSR g\u00e9riatriques,<\/em><\/li>\n<li><em>le partage des postes m\u00e9dicaux avec le Centre Hospitalier de Saint-Malo.<\/em><em> <br \/><\/em><\/li>\n<\/ul>\n<p>\t\t\t\t\t\tAccompagnement \u00e0 l\u2019\u00e9laboration du projet m\u00e9dical du centre hospitalier de Guingamp (Bretagne)\t\t\t\t\t<\/p>\n<p><em>Elaboration du projet m\u00e9dical suite \u00e0 la phase diagnostique pour un centre hospitalier \u2013 clinique attachant qui essaye et arrive souvent \u00e0 maintenir voir d\u00e9velopper\u00a0 des activit\u00e9s de base en MCO avec gros secteur MS et fili\u00e8re g\u00e9riatrique en consolidation sans oublier la n\u00e9cessit\u00e9 d\u2019une intense collaboration avec les m\u00e9decins g\u00e9n\u00e9ralistes de ville avec \u00e0 terme peut \u00eatre une MSP. Une fusion public-priv\u00e9\u00a0 bien r\u00e9ussie.<\/em><\/p>\n<p><em>Cette prestation a donn\u00e9 lieu ensuite \u00e0 une \u00e9tude compl\u00e9mentaire : approche de la morbidit\u00e9 dans les disciplines faisant l\u2019objet d\u2019un d\u00e9veloppement ou d\u2019une consolidation au projet de prise en charge du P\u00f4le de Sant\u00e9 de Guingamp.\u00a0Etude ponctuelle rapide d\u2019approfondissement des donn\u00e9es de morbidit\u00e9 mobilisables pour aider \u00e0 argumenter les orientations du projet m\u00e9dical de l\u2019h\u00f4pital de Guingamp pour ses discussions avec l\u2019ARS. <\/em><\/p>\n<p><em>\u00a0<\/em><\/p>\n<p>\t\t\t\t\t\tEvaluation externe de la R\u00e9sidence Saint H\u00e9lier (Bretagne)\t\t\t\t\t<\/p>\n<p><em>A \u00e9t\u00e9 r\u00e9alis\u00e9e l\u2019\u00e9valuation externe de l&rsquo;EHPAD R\u00e9sidence Saint H\u00e9lier de Rennes adoss\u00e9 \u00e0 un centre de r\u00e9\u00e9ducation, r\u00e9cemment construit et ayant fait l\u2019objet d\u2019importantes r\u00e9organisations en termes de direction et personnel.<\/em><\/p>\n<p><em>\u00a0<\/em><\/p>\n<p><em>A partir d&rsquo;un r\u00e9f\u00e9rentiel valid\u00e9,\u00a0 ont \u00e9t\u00e9 interrog\u00e9s les \u00e9quipes soignantes, la direction, les r\u00e9sidents, diff\u00e9rentes ressources internes (pharmacie, cellule qualit\u00e9, cellule bientraitance\u2026) et externes (\u00e9quipe mobile de soins palliatifs, m\u00e9decins g\u00e9n\u00e9ralistes\u2026) pour r\u00e9pondre aux diff\u00e9rentes questions \u00e9valuatives.<\/em><\/p>\n<p>\t\t\t\t\t\tEtude d&rsquo;opportunit\u00e9 et de faisabilit\u00e9 de l\u2019ouverture d\u2019un centre d\u2019accueil pour autistes sur la ville de Saignes (Auvergne-Rh\u00f4ne-Alpes)\t\t\t\t\t<\/p>\n<p><em>La commune de Saignes s\u2019interrogeait sur l\u2019opportunit\u00e9 et la faisabilit\u00e9 de l\u2019ouverture d\u2019un centre d\u2019accueil pour autistes sur son territoire. Cette r\u00e9flexion s\u2019int\u00e9grait dans une tradition d\u2019implication ancienne du Nord-Ouest Cantal dans le domaine de la sant\u00e9 et du m\u00e9dico-social, ainsi qu\u2019une volont\u00e9 d\u2019am\u00e9nagement du territoire.<\/em><\/p>\n<p>\u00a0<\/p>\n<p><em>Les objectifs de l\u2019\u00e9tude \u00e9taient\u00a0:<\/em><\/p>\n<p><em><strong>&#8211; <\/strong>Phase 1\u00a0: Exploration de l\u2019opportunit\u00e9 g\u00e9n\u00e9rale d\u2019un centre d\u2019accueil pour autistes sur Saignes\u00a0<\/em><\/p>\n<ul>\n<li><em>Evaluation des besoins\u00a0et ad\u00e9quation de l\u2019offre actuelle aux besoins sur le territoire du Nord Cantal, du d\u00e9partement, de la r\u00e9gion ;<\/em><\/li>\n<li><em>Population concern\u00e9e\u00a0par des besoins actuellement non couverts ;<\/em><\/li>\n<li><em>Pertinence d\u2019une structure sur la communes de Saignes.<\/em><\/li>\n<\/ul>\n<p><em>&#8211; Phase 2\u00a0: Premiers \u00e9l\u00e9ments de faisabilit\u00e9 d\u2019un centre d\u2019accueil pour autistes sur Saignes<\/em><\/p>\n<ul>\n<li><em>Recueil des premiers \u00e9l\u00e9ments de faisabilit\u00e9 d\u2019un projet de centre d\u2019accueil pour autistes sur Saignes\u00a0(types de structures possibles, proc\u00e9dures \u00e0 suivre\u2026) ;<\/em><\/li>\n<li><em>Exploration des volont\u00e9s et capacit\u00e9s des acteurs locaux et des partenaires\u00a0 participer \u00e0 ce projet.<\/em><\/li>\n<\/ul>\n<p>\u00a0<\/p>\n<h2>Nos derni\u00e8res r\u00e9f\u00e9rences<\/h2>\n<h4 style=\"text-align: justify; margin: 0cm 0cm 0.0001pt;\"><strong>&lsquo;;\u00a0\u00bb>Le d\u00e9tail de nos r\u00e9f\u00e9rences est disponible sur demande (cf contact\u00a0). Ci-dessous les prestations les plus r\u00e9centes.<br \/><\/strong><\/h4>\n<p style=\"text-align: left;\">\u00a0<\/p>\n<h4>Accompagnement des h\u00f4pitaux de proximit\u00e9<\/h4>\n<p><em><strong>Une grande exp\u00e9rience a \u00e9t\u00e9 d\u00e9velopp\u00e9e avec les h\u00f4pitaux de proximit\u00e9<\/strong> (ex-h\u00f4pitaux locaux) dont la particularit\u00e9 essentielle est l\u2019articulation avec les m\u00e9decins g\u00e9n\u00e9ralistes. Ainsi ont \u00e9t\u00e9 assur\u00e9s de nombreux travaux d\u2019aide \u00e0 la conception de projets m\u00e9dicaux et d\u2019\u00e9tablissement pour les h\u00f4pitaux locaux. Certains de nos intervenants ont accompagn\u00e9 l\u2019Association Nationale des M\u00e9decins des H\u00f4pitaux Locaux historiquement et ont organis\u00e9 ou particip\u00e9 \u00e0 plusieurs reprises aux journ\u00e9es nationales des m\u00e9decins des h\u00f4pitaux locaux. Vous trouverez ci-apr\u00e8s la liste des \u00e9tablissements dans lesquels nous sommes intervenus.<\/em><\/p>\n<p>\u00a0<\/p>\n<ul>\n<li><strong>H\u00f4pital local de Rue (Picardie). <\/strong>Elaboration du projet de SSR \u2013 2010<\/li>\n<li><strong>H\u00f4pital local de Saint-M\u00e9en-le-Grand (Bretagne). <\/strong>Aide \u00e0 l\u2019analyse des besoins en h\u00e9bergement m\u00e9dico-social de patients de moins de 60 ans atteints de scl\u00e9rose en plaque en Bretagne \u2013 2010<\/li>\n<li><strong>H\u00f4pitaux locaux de Houdan et Montfort l\u2019Amaury (Ile de France). <\/strong>Accompagnement \u00e0 la formalisation d\u2019un projet m\u00e9dical et d\u2019organisation des soins \u2013 2010<\/li>\n<li><strong>\u00a0H\u00f4pital local de Cancale (Bretagne)<\/strong>\n<ul>\n<li>Projet qualit\u00e9 et mise en \u0153uvre d\u2019EPP- 2010<\/li>\n<li>Aide \u00e0 l\u2019\u00e9laboration du projet d\u2019\u00e9tablissement \u2013 2009<\/li>\n<\/ul>\n<\/li>\n<li><strong>\u00a0H\u00f4pital de Saint Val\u00e9ry-sur-Somme (Picardie)<\/strong>\n<ul>\n<li>Aide \u00e0 l\u2019\u00e9laboration du projet m\u00e9dical, de soins et social du projet d\u2019\u00e9tablissement avec projet de maison de sant\u00e9 \u2013 2010<\/li>\n<li>Aide \u00e0 l\u2019\u00e9laboration du dossier technique pour la cr\u00e9ation d\u2019une maison d\u2019accueil sp\u00e9cialis\u00e9e (MAS) \u2013 2001<\/li>\n<\/ul>\n<\/li>\n<li><strong>\u00a0H\u00f4pital de Tournus (Bourgogne). <\/strong>Actualisation du projet m\u00e9dical \u2013 2006<\/li>\n<\/ul>\n<h4>Accompagnement d&rsquo;\u00e9tablissements de sant\u00e9<\/h4>\n<ul>\n<li><strong>H\u00f4pitaux de Dreux, Houdan et Verneuil-sur-Avre (Centre, Ile de France). <\/strong>Accompagnement du projet de groupement de coop\u00e9ration sanitaire \u2013 2013<\/li>\n<li><strong>Fondation Mallet (Ile de France). <\/strong>Accompagnement \u00e0 la finalisation du projet m\u00e9dical et de soins du P\u00f4le de M\u00e9decine Physique et de R\u00e9adaptation \u2013 2012<\/li>\n<li><strong>\u00a0Villa Notre Dame \u2013 Saint-Gilles-Croix-de-Vie (Pays de la Loire). <\/strong>Aide \u00e0 l\u2019\u00e9laboration du projet m\u00e9dical du Centre de R\u00e9\u00e9ducation Fonctionnelle \u2013 2012<\/li>\n<li><strong>Centre hospitalier de Guingamp (Bretagne)<\/strong>\n<ul>\n<li>Approche de la morbidit\u00e9 dans les disciplines faisant l\u2019objet d\u2019un d\u00e9veloppement ou d\u2019une consolidation au projet de prise en charge du P\u00f4le de Sant\u00e9 de Guingamp (centre hospitalier et clinique) \u2013 2012<\/li>\n<li>Accompagnement \u00e0 l\u2019\u00e9laboration du projet m\u00e9dical \u2013 2011<\/li>\n<\/ul>\n<\/li>\n<li><strong>Centre hospitalier de Fontenay le Comte, Clinique Sud Vend\u00e9e, H\u00f4pital local de la Ch\u00e2taigneraie (Pays de la Loire). <\/strong>Accompagnement \u00e0 l\u2019\u00e9laboration du projet m\u00e9dical strat\u00e9gique du Groupement d\u2019Etablissements de Sant\u00e9 du Sud Vend\u00e9e \u2013 2010-2011<\/li>\n<li><strong>Centre Hospitalier de Dinan (Bretagne). <\/strong>Accompagnement de la conception du projet m\u00e9dical du regroupement public &#8211; priv\u00e9 \u2013 2008<\/li>\n<li><strong>Pays de Rance de Dinan (Bretagne). <\/strong>Etude d\u2019opportunit\u00e9 de la polyclinique \u2013 2007<\/li>\n<li><strong>Clinique Philae\u00a0 (Bretagne). <\/strong>Aide \u00e0 la conception du projet m\u00e9dical et th\u00e9rapeutique d\u2019alcoologie et d\u2019addictologie \u2013 2007<\/li>\n<li><strong>Clinique Mutualiste de la Sagesse (Bretagne)<\/strong>\n<ul>\n<li>Accompagnement de la conception du projet m\u00e9dical \u2013 2006<\/li>\n<li>Mission d\u2019accompagnement, de conseil et d\u2019\u00e9valuation sur le retour modulable \u00e0 domicile apr\u00e8s accouchement \u2013 2005-2006<\/li>\n<\/ul>\n<\/li>\n<\/ul>\n<p>\u00a0<\/p>\n<h4>Accompagnement d&rsquo;\u00e9tablissements et projets m\u00e9dico-sociaux<\/h4>\n<ul>\n<li><strong>GIP SIB &#8211; Sant\u00e9 Informatique Sant\u00e9 (Bretagne).<\/strong> Mission d&rsquo;expertise r\u00e9alis\u00e9e par un de nos m\u00e9decins de sant\u00e9 publique depuis 2017. Une mission d\u2019expertise avait d\u00e9j\u00e0 \u00e9t\u00e9 men\u00e9e il y a une dizaine d\u2019ann\u00e9es pendant 3 ans pour cet \u00e9tablissement.<\/li>\n<li><strong>ADMR Vend\u00e9e. <\/strong>Prestation d\u2019\u00e9tudes et de conseils \u00e0 l\u2019implication des 13 Centres de Soins Infirmiers de l\u2019ADMR Vend\u00e9e dans les potentialit\u00e9s de Maisons de Sant\u00e9 du territoire \u2013 2016<\/li>\n<li><strong>EHPAD Notre Dame (Bretagne). <\/strong>Evaluation externe de l\u2019\u00e9tablissement \u2013 2014<\/li>\n<li><strong>Centre d\u2019accueil pour autistes pour la commune de Saignes (Midi-Pyr\u00e9n\u00e9es). <\/strong>\u00c9tude d\u2019opportunit\u00e9 et de faisabilit\u00e9 d\u2019un centre d\u2019accueil pour autistes \u2013 2014<\/li>\n<li><strong>\u00a0APAJH 34 \u2013 Coordination locale insertion handicap \u2013 Montpellier. <\/strong>Appui m\u00e9thodologique pour\u00a0 l\u2019\u00e9valuation du dispositif de coordination des parcours d\u2019insertion socio-professionnelle des personnes en situation de handicap psychique \u2013 Action soutenue par la Fondation de France \u2013 2013-2014<\/li>\n<li><strong>INSERM (Ile de France) &#8211; Enqu\u00eate sociologique.\u00a0 <\/strong>Point d\u2019\u00e9tape organisationnel de la d\u00e9l\u00e9gation r\u00e9gionale Paris 5 de l\u2019INSERM &#8211; 2011 et 2014<\/li>\n<li><strong>Canc\u00e9rop\u00f4le Ile-de-France\u00a0 &#8211; Enqu\u00eate sociologique. <\/strong>Recensement des associations franciliennes de malades, anciens malades, proches de malades, dans le domaine du cancer &#8211; 2013<\/li>\n<li><strong>Croix rouge fran\u00e7aise &#8211; Enqu\u00eate sociologique. <\/strong>Aide \u00e0 l\u2019\u00e9valuation interne de l\u2019exp\u00e9rience des maisons d\u2019accompagnement pour les personnes en fin de vie \u2013 Croix Rouge Fran\u00e7aise &#8211; 2012.<\/li>\n<li><strong>APAJH 37 (Pays de la Loire). <\/strong>Evaluation externe APAJH 37, avec la collaboration de Techn\u00e9 conseil \u2013 2012<\/li>\n<li><strong>H\u00f4pital local de Saint-M\u00e9en-le-Grand (Bretagne). <\/strong>Aide \u00e0 l\u2019analyse des besoins en h\u00e9bergement m\u00e9dico-social de patients de moins de 60 ans atteints de scl\u00e9rose en plaque en Bretagne \u2013 2010<\/li>\n<li><strong>SAMSAH, Association An Treiz (Bretagne). <\/strong>Accompagnement \u00e0 la mise en \u0153uvre d\u2019un Service d\u2019Accompagnement M\u00e9dico-Social pour Personnes Adultes Handicap\u00e9es \u2013 2009<\/li>\n<li><strong>Centre de Perharidy \u00e0 Roscoff (Bretagne). <\/strong>Accompagnement du r\u00e9seau exp\u00e9rimental des traumatis\u00e9s cr\u00e2niens du Finist\u00e8re \u2013 2008<\/li>\n<li><strong>E.H.P.A.D de la Fere (Picardie). <\/strong>Aide \u00e0 la r\u00e9organisation des prises en charge \u2013 2008<\/li>\n<li><strong>Maison de retraite de Parign\u00e9-l\u2019Ev\u00e8que (Pays de la Loire). <\/strong>Aide \u00e0 l\u2019\u00e9laboration du projet de soins \u2013 2007<\/li>\n<li><strong>\u00a0Association ASMAD (Pays de la Loire). <\/strong>Accompagnement \u00e0 la r\u00e9flexion pour le projet de service de l\u2019association, Mayenne \u2013 2007<\/li>\n<li><strong>CLIC MAY\u2019\u00c2GE (Pays de la Loire). <\/strong>Accompagnement\u00a0\u00e0 l\u2019organisation d\u2019une d\u00e9marche de mobilisation autour de la coordination sanitaire et sociale sur son territoire d\u2019intervention, Mayenne \u2013 2007<\/li>\n<\/ul>\n","protected":false},"excerpt":{"rendered":"<p>Descriptif \u00e9tablissements de sant\u00e9 et m\u00e9dico-sociaux Ainsi ont \u00e9t\u00e9 assur\u00e9s de nombreux travaux d\u2019aide \u00e0 la conception de projets m\u00e9dicaux et d\u2019\u00e9tablissement pour les h\u00f4pitaux locaux. \u00a0 Certains de nos intervenants ont accompagn\u00e9 l\u2019Association Nationale des M\u00e9decins des H\u00f4pitaux Locaux historiquement et ont organis\u00e9 ou particip\u00e9 \u00e0 plusieurs reprises aux\u2026<\/p>\n<p> <a class=\"continue-reading-link\" href=\"http:\/\/www.iconemediationsante.fr\/icone-new\/?page_id=4555\"><span>Lire la suite<\/span><i class=\"icon-right-dir\"><\/i><\/a><\/p>\n","protected":false},"author":2,"featured_media":0,"parent":4342,"menu_order":0,"comment_status":"closed","ping_status":"closed","template":"","meta":[],"tags":[],"_links":{"self":[{"href":"http:\/\/www.iconemediationsante.fr\/icone-new\/index.php?rest_route=\/wp\/v2\/pages\/4555"}],"collection":[{"href":"http:\/\/www.iconemediationsante.fr\/icone-new\/index.php?rest_route=\/wp\/v2\/pages"}],"about":[{"href":"http:\/\/www.iconemediationsante.fr\/icone-new\/index.php?rest_route=\/wp\/v2\/types\/page"}],"author":[{"embeddable":true,"href":"http:\/\/www.iconemediationsante.fr\/icone-new\/index.php?rest_route=\/wp\/v2\/users\/2"}],"replies":[{"embeddable":true,"href":"http:\/\/www.iconemediationsante.fr\/icone-new\/index.php?rest_route=%2Fwp%2Fv2%2Fcomments&post=4555"}],"version-history":[{"count":27,"href":"http:\/\/www.iconemediationsante.fr\/icone-new\/index.php?rest_route=\/wp\/v2\/pages\/4555\/revisions"}],"predecessor-version":[{"id":5246,"href":"http:\/\/www.iconemediationsante.fr\/icone-new\/index.php?rest_route=\/wp\/v2\/pages\/4555\/revisions\/5246"}],"up":[{"embeddable":true,"href":"http:\/\/www.iconemediationsante.fr\/icone-new\/index.php?rest_route=\/wp\/v2\/pages\/4342"}],"wp:attachment":[{"href":"http:\/\/www.iconemediationsante.fr\/icone-new\/index.php?rest_route=%2Fwp%2Fv2%2Fmedia&parent=4555"}],"wp:term":[{"taxonomy":"post_tag","embeddable":true,"href":"http:\/\/www.iconemediationsante.fr\/icone-new\/index.php?rest_route=%2Fwp%2Fv2%2Ftags&post=4555"}],"curies":[{"name":"wp","href":"https:\/\/api.w.org\/{rel}","templated":true}]}}