{"id":4546,"date":"2017-04-07T09:09:05","date_gmt":"2017-04-07T08:09:05","guid":{"rendered":"http:\/\/www.iconemediationsante.fr\/icone-new\/?page_id=4546"},"modified":"2022-02-24T15:47:05","modified_gmt":"2022-02-24T14:47:05","slug":"descriptif-politiques-regionales-de-sante-publique","status":"publish","type":"page","link":"http:\/\/www.iconemediationsante.fr\/icone-new\/?page_id=4546","title":{"rendered":"Descriptif politiques r\u00e9gionales de sant\u00e9 publique"},"content":{"rendered":"<h2>Descriptif politiques r\u00e9gionales de sant\u00e9 publique<\/h2>\n<p>Les prestations portent sur :<\/p>\n<p>\u00a0<\/p>\n<ul>\n<li>l\u2019assistance \u00e0 l\u2019\u00e9laboration : analyse de la situation, animation de groupes de travail, aide \u00e0 la hi\u00e9rarchisation des probl\u00e8mes, production de fiches actions<\/li>\n<li>l\u2019accompagnement du pilotage et l\u2019appui pour la mise en \u0153uvre : conseil strat\u00e9gique, aide \u00e0 la d\u00e9cision<\/li>\n<li>l\u2019\u00e9valuation et recommandations : gouvernance et mobilisation des acteurs, pertinence, coh\u00e9rence, facteurs de r\u00e9ussite et freins<\/li>\n<\/ul>\n<p>\u00a0<\/p>\n<h2>Quelques exemples<\/h2>\n<p>\t\t\t\t\t\tEvaluation de la valeur ajout\u00e9e des \u00e9quipes mobiles dans les interventions \u00e0 domicile des secteurs de psychiatrie adulte des Pays de la Loire \t\t\t\t\t<\/p>\n<p><em>A la demande de l&rsquo;ARS, nous avons r\u00e9alis\u00e9 en 2016 une \u00e9valuation de la valeur ajout\u00e9e des \u00e9quipes mobiles dans les interventions \u00e0 domicile des secteurs de psychiatrie adulte des Pays de la Loire, avec trois grands enjeux\u00a0:<\/em><\/p>\n<ul>\n<li><em>Appr\u00e9hender la r\u00e9alit\u00e9 des interventions \u00e0 domicile des secteurs de psychiatrie, y compris des \u00e9quipes mobiles\u00a0;<\/em><\/li>\n<li><em>Comprendre les facteurs de succ\u00e8s et d\u2019\u00e9checs des organisations mises en place\u00a0;<\/em><\/li>\n<li><em>Identifier la valeur ajout\u00e9e des \u00e9quipes mobiles par rapport aux interventions \u00ab\u00a0classiques\u00a0\u00bb \u00e0 domicile.<\/em><\/li>\n<\/ul>\n<p>\u00a0<\/p>\n<p>\t\t\t\t\t\tEvaluation finale du deuxi\u00e8me plan r\u00e9gional sant\u00e9 environnement Aquitaine \t\t\t\t\t<\/p>\n<p><em>En Aquitaine, dans le cadre du 1<sup>er<\/sup> comme du 2<sup>\u00e8me<\/sup> Plan R\u00e9gional Sant\u00e9 Environnement (PRSE), une attention forte est port\u00e9e \u00e0 l\u2019\u00e9valuation\u00a0: la charte du PRSE 2 Aquitaine fixe les conditions de suivi et d\u2019\u00e9valuation, et pr\u00e9voit notamment une \u00e9valuation \u00e0 mi-parcours et une \u00e9valuation finale. L\u2019\u00e9valuation \u00e0 mi-parcours a \u00e9t\u00e9 r\u00e9alis\u00e9e par MC2 consultants et Icone M\u00e9diation Sant\u00e9 d\u2019avril \u00e0 novembre 2012. A la suite de ce travail, cinq grandes recommandations ont \u00e9t\u00e9 \u00e9mises\u00a0: <\/em><\/p>\n<ul>\n<li><strong><em>R1 <\/em><\/strong><em>\u2013 Donner un nouvel \u00e9lan au partenariat institutionnel,<\/em><\/li>\n<li><strong><em>R2<\/em><\/strong><em> \u2013 Renforcer les instances de gouvernance du PRSE,<\/em><\/li>\n<li><strong><em>R3<\/em><\/strong><em> \u2013 Appuyer les pilotes et animateurs dans leur mission,<\/em><\/li>\n<li><strong><em>R4<\/em><\/strong><em> \u2013 Renforcer le caract\u00e8re strat\u00e9gique et partenarial des actions,<\/em><\/li>\n<li><strong><em>R5<\/em><\/strong><em> \u2013 Valoriser le PRSE et ses actions. <\/em><\/li>\n<\/ul>\n<p><em>\u00a0<\/em><\/p>\n<p><em>Dans la continuit\u00e9 de cette \u00e9valuation interm\u00e9diaire, l\u2019\u00e9valuation finale avait 3 objectifs\u00a0:<\/em><\/p>\n<ul>\n<li><em>R\u00e9actualiser le bilan sur l\u2019avancement des actions, <\/em><\/li>\n<li><em>Analyser la mise en \u0153uvre des recommandations issues de l\u2019\u00e9valuation interm\u00e9diaire (en termes de gouvernance, d\u2019ajustement des actions, de communication),<\/em><\/li>\n<li><em>Elaborer des recommandations pour le PRSE 3 (pilotage et animation du plan et des actions, mobilisation des partenaires, th\u00e9matiques et les modalit\u00e9s de priorisation, objectifs strat\u00e9giques et le positionnement du PRSE).<\/em><\/li>\n<\/ul>\n<p>\t\t\t\t\t\tEtude d\u2019opportunit\u00e9 et de faisabilit\u00e9 d\u2019un portail sant\u00e9 environnement en Aquitaine \t\t\t\t\t<\/p>\n<p><em>Etude d\u2019opportunit\u00e9 et de faisabilit\u00e9 sur la mise en place d\u2019un portail Internet d\u00e9di\u00e9 au th\u00e8me sant\u00e9-environnement en Aquitaine, d\u00e9marche initi\u00e9e par l\u2019ARS, la DREAL et le Conseil R\u00e9gional dans le cadre du Plan R\u00e9gional Sant\u00e9 Environnement aquitain.<\/em><\/p>\n<p>\u00a0<\/p>\n<p><em>La premi\u00e8re phase consistant \u00e0 tester l\u2019opportunit\u00e9 d\u2019un tel projet aupr\u00e8s des futurs potentiels fournisseurs d\u2019information et\/ou utilisateurs du Portail\u00a0: leurs besoins, leurs attentes, leurs craintes,\u2026 a permis de mener des entretiens avec des acteurs tr\u00e8s divers.<\/em><\/p>\n<p>\u00a0<\/p>\n<p><em>Cette phase a \u00e9t\u00e9 suivie d\u2019une phase plus technique faisant appel aux comp\u00e9tences informatiques de J.M. Husson de la soci\u00e9t\u00e9 informatique LINKS (collaborant avec l\u2019Adeci en tant que d\u00e9veloppeur du logiciel de suivi de l\u2019activit\u00e9 des campagnes de d\u00e9pistage).<\/em><\/p>\n<p><em>Cette d\u00e9marche a permis d\u2019aboutir \u00e0 l\u2019\u00e9laboration d\u2019une maquette du futur site et d\u2019outils et m\u00e9thodes pour l\u2019aide \u00e0 la mise en place du Portail. L\u2019objectif \u00e9tait de faire un site de partage entre acteurs et actions.<br \/><\/em><\/p>\n<h2>Nos derni\u00e8res r\u00e9f\u00e9rences<\/h2>\n<h4 style=\"text-align: justify; margin: 0cm 0cm 0.0001pt;\"><strong>&lsquo;;\u00a0\u00bb>Le d\u00e9tail de nos r\u00e9f\u00e9rences est disponible sur demande (cf contact\u00a0). Ci-dessous les prestations les plus r\u00e9centes.<br \/><\/strong><\/h4>\n<p style=\"text-align: left;\">\u00a0<\/p>\n<p><em><strong>Accompagnements<\/strong><\/em><\/p>\n<ul>\n<li>\n<p>Elaboration du <strong>Plan Strat\u00e9gique Sant\u00e9 -Environnement \u00e0 l\u2019\u00e9chelle de Lorient Agglom\u00e9ration<\/strong> &#8211; 2022<\/p>\n<\/li>\n<li><strong>PRSE Nouvelle-Aquitaine. <\/strong>Accompagnement pour l&rsquo;\u00e9laboration du Plan R\u00e9gional Sant\u00e9 Environnement 3\u00a0 &#8211; 2017<\/li>\n<\/ul>\n<ul>\n<li><strong>PRSE Occitanie. <\/strong>Accompagnement pour l&rsquo;\u00e9laboration du Plan R\u00e9gional Sant\u00e9 Environnement 3 &#8211; 2017<\/li>\n<\/ul>\n<ul>\n<li><strong>Programme \u00ab\u00a0Profession de sant\u00e9\u00a0\u00bb pour l\u2019<\/strong><strong>ARS Haute Normandie. <\/strong>Diagnostic partag\u00e9 sur la situation d\u00e9mographique des professions de sant\u00e9 et la d\u00e9finition de pistes de solution pour r\u00e9pondre \u00e0 la demande des soins ambulatoires &#8211; 2013.<\/li>\n<\/ul>\n<ul>\n<li><strong>Sch\u00e9ma directeur r\u00e9gional des syst\u00e8mes d\u2019information de sant\u00e9 franciliens (Ile de France).<\/strong>Assistance \u00e0 ma\u00eetrise d\u2019ouvrage pour l\u2019\u00e9laboration du sch\u00e9ma 2012-2014 pour l\u2019ARS Ile-de-France port\u00e9e par SOLUCOM &#8211; 2012<\/li>\n<\/ul>\n<ul>\n<li><strong>PRSE Aquitaine.<\/strong>Etude d\u2019opportunit\u00e9 et de faisabilit\u00e9 pour la cr\u00e9ation d\u2019un Portail sant\u00e9 environnement en Aquitaine &#8211; DREAL &#8211; 2011.<\/li>\n<\/ul>\n<ul>\n<li><strong>PSRS Auvergne. <\/strong>Mission d\u2019appui \u00e0 l\u2019ARS Auvergne pour l\u2019\u00e9laboration du Plan strat\u00e9gique r\u00e9gional de sant\u00e9 Auvergne &#8211; Observatoire r\u00e9gional de la sant\u00e9 d\u2019Auvergne\u00a0 &#8211; 2011<\/li>\n<\/ul>\n<ul>\n<li><strong>Programme MCV Auvergne. <\/strong>Etude de faisabilit\u00e9 pour la mise en place d\u2019un d\u00e9pistage des facteurs de risque des maladies cardio-vasculaires &#8211; Ars Auvergne &#8211; 2011<\/li>\n<li><strong>Programme \u00e9ducation sant\u00e9 Conseil R\u00e9gional Languedoc Roussillon. <\/strong>Etudes sur l\u2019\u00e9valuation et le d\u00e9veloppement des actions d\u2019\u00e9ducation \u00e0 la sant\u00e9 en Languedoc Roussillon &#8211; 2007-2009\u00a0<\/li>\n<\/ul>\n<ul>\n<li><strong>\u00a0<\/strong><strong>PRSE 2 Lorraine. <\/strong>Accompagnement du Comit\u00e9 de pilotage et de quatre groupes de travail pour l\u2019\u00e9laboration du 2\u00e8me Plan r\u00e9gional sant\u00e9 environnement &#8211; Grsp Lorraine &#8211; 2010<\/li>\n<\/ul>\n<ul>\n<li><strong>Programmes sant\u00e9 des jeunes Fondation de France. <\/strong>Coordination nationale et d\u00e9partementale des Programmes d\u00e9partementaux en sant\u00e9 des jeunes Fondation de France \/ Ddass\u00a0: Alpes-de-Haute-Provence, Finist\u00e8re, Essonne, H\u00e9rault, Seine-Maritime, Pyr\u00e9n\u00e9es-Orientales, Val d\u2019Oise, Var, Yvelines\u00a0: 1994 \u00e0 2010 &#8211; Appui \u00e0\u00a0 la mise en \u0153uvre du Programme national \u00ab\u00a0Espaces sant\u00e9 jeunes\u00a0\u00bb de la Fondation de France : accompagnement national et aide sur le terrain aupr\u00e8s des \u00e9quipes pour la cr\u00e9ation de 30 espaces sant\u00e9 jeunes &#8211; Fondation de France &#8211; 1997 \u00e0 2006<\/li>\n<\/ul>\n<ul>\n<li><strong>PRSE Bretagne. <\/strong>Evaluation du Programme R\u00e9gional Sant\u00e9 Environnement (PRSE) &#8211; 2008<\/li>\n<\/ul>\n<ul>\n<li><strong>PRAPS Bretagne. <\/strong>Mise en oeuvre d&rsquo;un \u00e9tat des lieux du PRAPS II \u2013 2008<\/li>\n<\/ul>\n<ul>\n<li><strong>URCAM Bretagne. <\/strong>Conseil en sant\u00e9 publique aupr\u00e8s de l&rsquo;URCAM Bretagne,\u00a0 2000 \u00e0 2008<\/li>\n<\/ul>\n<p>\u00a0<\/p>\n<p><em><strong>Evaluations<br \/><\/strong><\/em><\/p>\n<ul>\n<li><strong>ARS Pays de la Loire :<\/strong> Evaluation du dispositif exp\u00e9rimental de soins psychiatriques de particuli\u00e8re intensit\u00e9 \u00e0 domicile en r\u00e9gion des Pays de la Loire &#8211; 2017<\/li>\n<li><strong>ARS Pays de la Loire. <\/strong>Evaluation de la valeur ajout\u00e9e des \u00e9quipes mobiles dans les interventions \u00e0 domicile des secteurs de psychiatrie adulte des Pays de la Loire &#8211; 2016<\/li>\n<\/ul>\n<ul>\n<li><strong>PRSE Aquitaine. <\/strong>Evaluation finale du 2nd plan r\u00e9gional sant\u00e9 environnement Aquitaine \u2013 2014-2015<\/li>\n<\/ul>\n<ul>\n<li><strong>PRSE Pays de Loire. <\/strong>Evaluation finale du Plan R\u00e9gional Sant\u00e9 Environnement 2010 &#8211; 2013 &#8211; 2014 &#8211; 2015<\/li>\n<\/ul>\n<ul>\n<li><strong>Coordination locale insertion handicap &#8211; AJAJH 34 &#8211; Montpellier. <\/strong>Appui m\u00e9thodologique pour\u00a0 l\u2019\u00e9valuation &#8211; Action soutenue par la Fondation de France \u2013 2013-2014<\/li>\n<\/ul>\n<ul>\n<li><strong>Programme cancer bucco-dentaire UFSBD. <\/strong>Evaluation du programme exp\u00e9rimental aupr\u00e8s de publics \u00e0 risque &#8211; 2013<\/li>\n<\/ul>\n<ul>\n<li><strong>PRSE Aquitaine. <\/strong>Evaluation finale du second plan r\u00e9gional sant\u00e9 environnement\u00a0 &#8211; 2014 &#8211; Evaluation \u00e0 mi-parcours du second plan r\u00e9gional sant\u00e9 environnement &#8211; DREAL &#8211; 2012.<\/li>\n<\/ul>\n<ul>\n<li><strong>Programme r\u00e9gional sant\u00e9 des jeunes Languedoc \u2013Roussillon. <\/strong>Evaluation du programme de sant\u00e9 des jeunes &#8211; Conseil R\u00e9gional Languedoc Roussillon &#8211;\u00a0 2007 \u00e0\u00a0 2010<\/li>\n<\/ul>\n<ul>\n<li><strong>Programme \u00ab\u00a0Populations fragiles et d\u00e9veloppement des territoires\u00a0\u00bb &#8211; Fondation de France Rh\u00f4ne Alpes. <\/strong>Evaluation du Programme &#8211; 2010-2011<\/li>\n<\/ul>\n<ul>\n<li><strong>PRSP de 3 r\u00e9gions Auvergne, Champagne Ardennes, Pays de la Loire. <\/strong>Evaluations r\u00e9alis\u00e9es en 2008 et 2009<\/li>\n<\/ul>\n<ul>\n<li><strong>Plan r\u00e9gional VIH-IST Provence-Alpes-C\u00f4te d&rsquo;Azur. <\/strong>Evaluation du Programme 14 Plan r\u00e9gional de sant\u00e9 publique \u00ab\u00a0am\u00e9liorer la pr\u00e9vention, le d\u00e9pistage et le suivi du Vih\/Sida et Ist\u00a0\u00bb en r\u00e9gion Paca \u2013 Grsp Provence-Alpes-C\u00f4te d&rsquo;Azur &#8211; 2009<\/li>\n<\/ul>\n<ul>\n<li><strong>PRSE Bretagne. <\/strong>Evaluation Plan R\u00e9gional Sant\u00e9 Environnement Bretagne: bilan et recommandations \u2013 2008<\/li>\n<\/ul>\n<ul>\n<li><strong>Evaluation du dispositif de recentralisation en Midi-Pyr\u00e9n\u00e9es. <\/strong>Bilan et perspectives &#8211; Groupement r\u00e9gional de sant\u00e9 publique Midi-Pyr\u00e9n\u00e9es \u2013 2008<\/li>\n<\/ul>\n<ul>\n<li><strong>Evaluation des actions de sant\u00e9 recentralis\u00e9es en Lorraine. <\/strong>Evaluation des actions de sant\u00e9 recentralis\u00e9es de ce dispositif et des actions en \u00e9manant\u00a0 &#8211; Groupement r\u00e9gional de sant\u00e9 publique Lorraine &#8211; 2008<\/li>\n<\/ul>\n<ul>\n<li><strong>Evaluation du programme r\u00e9gional de pr\u00e9vention du tabagisme de Provence-Alpes-C\u00f4te-d\u2019Azur. <\/strong>Centre d\u2019information et de ressources sur les drogues et les d\u00e9pendances Paca \/ Association m\u00e9diterran\u00e9enne de pr\u00e9vention et de traitement des addictions, 2005-2008<\/li>\n<\/ul>\n","protected":false},"excerpt":{"rendered":"<p>Descriptif politiques r\u00e9gionales de sant\u00e9 publique Les prestations portent sur : \u00a0 l\u2019assistance \u00e0 l\u2019\u00e9laboration : analyse de la situation, animation de groupes de travail, aide \u00e0 la hi\u00e9rarchisation des probl\u00e8mes, production de fiches actions l\u2019accompagnement du pilotage et l\u2019appui pour la mise en \u0153uvre : conseil strat\u00e9gique, aide \u00e0\u2026<\/p>\n<p> <a class=\"continue-reading-link\" href=\"http:\/\/www.iconemediationsante.fr\/icone-new\/?page_id=4546\"><span>Lire la suite<\/span><i class=\"icon-right-dir\"><\/i><\/a><\/p>\n","protected":false},"author":2,"featured_media":0,"parent":4334,"menu_order":0,"comment_status":"closed","ping_status":"closed","template":"","meta":[],"tags":[],"_links":{"self":[{"href":"http:\/\/www.iconemediationsante.fr\/icone-new\/index.php?rest_route=\/wp\/v2\/pages\/4546"}],"collection":[{"href":"http:\/\/www.iconemediationsante.fr\/icone-new\/index.php?rest_route=\/wp\/v2\/pages"}],"about":[{"href":"http:\/\/www.iconemediationsante.fr\/icone-new\/index.php?rest_route=\/wp\/v2\/types\/page"}],"author":[{"embeddable":true,"href":"http:\/\/www.iconemediationsante.fr\/icone-new\/index.php?rest_route=\/wp\/v2\/users\/2"}],"replies":[{"embeddable":true,"href":"http:\/\/www.iconemediationsante.fr\/icone-new\/index.php?rest_route=%2Fwp%2Fv2%2Fcomments&post=4546"}],"version-history":[{"count":10,"href":"http:\/\/www.iconemediationsante.fr\/icone-new\/index.php?rest_route=\/wp\/v2\/pages\/4546\/revisions"}],"predecessor-version":[{"id":5482,"href":"http:\/\/www.iconemediationsante.fr\/icone-new\/index.php?rest_route=\/wp\/v2\/pages\/4546\/revisions\/5482"}],"up":[{"embeddable":true,"href":"http:\/\/www.iconemediationsante.fr\/icone-new\/index.php?rest_route=\/wp\/v2\/pages\/4334"}],"wp:attachment":[{"href":"http:\/\/www.iconemediationsante.fr\/icone-new\/index.php?rest_route=%2Fwp%2Fv2%2Fmedia&parent=4546"}],"wp:term":[{"taxonomy":"post_tag","embeddable":true,"href":"http:\/\/www.iconemediationsante.fr\/icone-new\/index.php?rest_route=%2Fwp%2Fv2%2Ftags&post=4546"}],"curies":[{"name":"wp","href":"https:\/\/api.w.org\/{rel}","templated":true}]}}