{"id":4540,"date":"2017-04-07T08:29:20","date_gmt":"2017-04-07T07:29:20","guid":{"rendered":"http:\/\/www.iconemediationsante.fr\/icone-new\/?page_id=4540"},"modified":"2020-07-31T14:58:19","modified_gmt":"2020-07-31T13:58:19","slug":"descriptif-etudes-en-sante-publique","status":"publish","type":"page","link":"http:\/\/www.iconemediationsante.fr\/icone-new\/?page_id=4540","title":{"rendered":"Descriptif \u00e9tudes en sant\u00e9 publique"},"content":{"rendered":"<h2>Descriptif \u00e9tudes en sant\u00e9 publique<\/h2>\n<p><strong>Icone M\u00e9diation Sant\u00e9 m\u00e8ne des travaux d\u2019\u00e9tudes en terme de besoins de sant\u00e9 et de r\u00e9ponses d\u2019organisations des soins et de pr\u00e9vention pour des \u00a0domaines et populations sp\u00e9cifiques. <\/strong><\/p>\n<p>\u00a0<\/p>\n<p><strong>Il \u00e9t\u00e9 notamment d\u00e9velopp\u00e9 une expertise en mati\u00e8re de sant\u00e9 des jeunes,\u00a0 sant\u00e9 environnement, PMI, sant\u00e9 pr\u00e9carit\u00e9, prise en charge des personnes \u00e2g\u00e9es, d\u00e9marches participatives des usagers dans le syst\u00e8me de sant\u00e9.<\/strong><\/p>\n<p>\u00a0<\/p>\n<p><strong>Les \u00e9tudes en sant\u00e9 publique sur les domaines et populations sp\u00e9cifiques \u00a0peuvent \u00eatre de nature \u00e9pid\u00e9miologique, sociologique, cartographique, \u00e9conomique, et quantitatifs ou qualitatifs.\u00a0<\/strong><\/p>\n<p>\u00a0<\/p>\n<h2>Quelques exemples<\/h2>\n<p>\t\t\t\t\t\t\u00c9tude sur l\u2019acc\u00e8s aux soins et \u00e0 la pr\u00e9vention des publics en situation de tr\u00e8s grande pr\u00e9carit\u00e9 &#8211; Vitry-Sur-Seine (Ile de France)\t\t\t\t\t<\/p>\n<p>Compte tenu de ses caract\u00e9ristiques sociod\u00e9mographiques, <strong>les questions d\u2019acc\u00e8s aux soins et de pr\u00e9carit\u00e9<\/strong> sont au c\u0153ur de des pr\u00e9occupations de la ville de Vitry-sur-Seine. Aussi, celle-ci a souhait\u00e9 que soit r\u00e9alis\u00e9e une \u00e9tude sp\u00e9cifique sur <strong>l\u2019acc\u00e8s \u00e0 la pr\u00e9vention et aux soins des habitants en situation de tr\u00e8s grande pr\u00e9carit\u00e9<\/strong>, et des usagers qui demeurent tr\u00e8s souvent \u00e0 l\u2019\u00e9cart des circuits habituels.<\/p>\n<p>L\u2019objectif de cette \u00e9tude \u00e9tait de rep\u00e9rer les freins et leviers de l\u2019acc\u00e8s aux soins et \u00e0 la pr\u00e9vention des publics les plus pr\u00e9caires. Il s\u2019agissait donc\u00a0:<\/p>\n<ul>\n<li>d\u2019identifier les publics les plus en difficult\u00e9 dans l\u2019acc\u00e8s aux soins et \u00e0 la pr\u00e9vention, ceci \u00e0 partir d\u2019une typologie \u00e9tablie en amont,<\/li>\n<li>de caract\u00e9riser les motifs de leurs difficult\u00e9s d\u2019acc\u00e8s aux soins et \u00e0 la pr\u00e9vention,<\/li>\n<li>d\u2019identifier leurs parcours (structures et dispositifs existants, et modalit\u00e9s de suivi des parcours de sant\u00e9),<\/li>\n<li>et de d\u00e9finir des propositions d\u2019actions pour l\u2019am\u00e9lioration de l\u2019acc\u00e8s aux soins et \u00e0 la pr\u00e9vention des publics en tr\u00e8s grande pr\u00e9carit\u00e9.<\/li>\n<\/ul>\n<p>Etude bas\u00e9e en grande partie sur des entretiens en face \u00e0 face avec les principaux intervenants des acteurs locaux au contact de ces publics en tr\u00e8s grande pr\u00e9carit\u00e9, ainsi que sur des visites sur site ayant permis \u00e0 la fois de rencontrer les \u00e9quipes sur place et d\u2019interroger des usagers de ces structures d\u2019h\u00e9bergement, d\u2019accueil caritatif et\/ou d\u2019accompagnement social.<\/p>\n<p>Les orientations qui se d\u00e9gagent de cette \u00e9tude en mati\u00e8re d\u2019actions devraient \u00eatre int\u00e9gr\u00e9es dans le Contrat local de sant\u00e9 de la ville.<\/p>\n<p>\t\t\t\t\t\tEtude sur l\u2019offre de services et d\u2019h\u00e9bergement des personnes \u00e2g\u00e9es pour la commune nouvelle Or\u00e9e d\u2019Anjou (Pays de la Loire)\t\t\t\t\t<\/p>\n<p><em>Les b\u00e2timents d\u2019un l\u2019EHPAD, celui de la commune de Champtoceaux devenant v\u00e9tustes et non aux normes, la Commune nouvelle d\u2019Or\u00e9e d\u2019Anjou s\u2019est engag\u00e9e dans une r\u00e9flexion plus globale, sur l\u2019offre d\u2019accueil en h\u00e9bergement pour personnes \u00e2g\u00e9es et son ad\u00e9quation avec les besoins, comme le souhaitaient \u00e9galement le Conseil D\u00e9partemental et l\u2019Agence R\u00e9gionale de Sant\u00e9. Le territoire disposait de 5 EHPAD et une R\u00e9sidence services.<\/em><\/p>\n<p><em>L\u2019objectif de notre mission \u00e9tait de r\u00e9pondre aux questionnements suivants\u00a0:<\/em><\/p>\n<ul>\n<li><em>Quels sont les besoins en termes d\u2019h\u00e9bergement pour les personnes \u00e2g\u00e9es sur le territoire\u00a0?<\/em><\/li>\n<li><em>Quelle offre de service correspondrait aux besoins et aux souhaits des personnes \u00e2g\u00e9es du territoire et r\u00e9pondrait aux manques identifi\u00e9s sur le territoire par les acteurs de la prise en charge des personnes \u00e2g\u00e9es\u00a0?<\/em><\/li>\n<li><em>Quelle organisation territoriale, regroupement, mutualisation de l\u2019offre de service promouvoir\u00a0?<\/em><\/li>\n<\/ul>\n<p>\t\t\t\t\t\tEnqu\u00eate qualitative \u00ab Vieillir : quelles perspectives en Biterrois \u00bb &#8211; Agglom\u00e9ration B\u00e9ziers M\u00e9diterran\u00e9e (Occitanie)\t\t\t\t\t<\/p>\n<table>\n<tbody>\n<tr>\n<td>\n<p><em>L\u2019enqu\u00eate \u00ab\u00a0Vieillir\u00a0: quelles perspectives en Biterrois<strong>\u00a0<\/strong>?\u00a0\u00bb sur la Communaut\u00e9 d\u2019agglom\u00e9ration B\u00e9ziers M\u00e9diterran\u00e9e (CABM) visait \u00e0 explorer les aspects sanitaires, m\u00e9dico-sociaux et sociaux du parcours de la personne \u00e2g\u00e9e autour de son projet de vie.<\/em><\/p>\n<p><em>\u00a0Les objectifs de cette enqu\u00eate r\u00e9alis\u00e9e en 2012 \u00e9taient de\u00a0:<\/em><\/p>\n<ul>\n<li><em>conna\u00eetre de mani\u00e8re fine la population \u00e2g\u00e9e dans ses probl\u00e9matiques sanitaires et sociales\u00a0;<\/em><\/li>\n<li><em>conna\u00eetre les services qui peuvent apporter une r\u00e9ponse \u00e0 ces probl\u00e9matiques\u00a0;<\/em><\/li>\n<li><em>d\u00e9gager des constats et perspectives pour \u00e9tayer la r\u00e9flexion en cours sur l\u2019\u00e9laboration du Contrat local de sant\u00e9.<\/em><\/li>\n<\/ul>\n<p><em>\u00a0Nous avons analys\u00e9 :<\/em><\/p>\n<ul>\n<li>\u00a0<em>les donn\u00e9es socio-d\u00e9mographiques disponibles ;<\/em><\/li>\n<li><em>les donn\u00e9es sur l\u2019offre\u00a0;<\/em><\/li>\n<li><em>les pr\u00e9occupations et attentes des professionnels\u00a0: s\u00e9ance collective d\u00e9j\u00e0 cit\u00e9e du Comit\u00e9 technique et de suivi, puis entretiens individuels ou collectifs avec 13 professionnels ;<\/em><\/li>\n<li><em>les situations, pr\u00e9occupations et attentes de 10 personnes \u00e2g\u00e9es rencontr\u00e9es en entretien individuel.<\/em><\/li>\n<\/ul>\n<p><em>Pour travailler sur des pistes d\u2019action, sur la base du document d\u2019analyse synth\u00e9tique centr\u00e9 sur l\u2019identification des probl\u00e9matiques jug\u00e9es prioritaires, nous avons organis\u00e9 une journ\u00e9e de travail avec le Comit\u00e9 technique et de suivi, \u00e9largi pour l\u2019occasion \u00e0 tous les professionnels rencontr\u00e9s en entretien. <\/em><em>Afin d\u2019animer cette s\u00e9ance, et en fonction de son objectif, nous avons utilis\u00e9 une m\u00e9thode d&rsquo;animation qui permet d\u2019organiser la hi\u00e9rarchisation des probl\u00e8mes et de proc\u00e9der \u00e0 des choix : d\u00e9finition d\u2019un ordre de priorit\u00e9 par d\u00e9bat puis vote individuel avec syst\u00e8me de pond\u00e9ration.<\/em><\/p>\n<\/td>\n<\/tr>\n<\/tbody>\n<\/table>\n<h2>Nos derni\u00e8res r\u00e9f\u00e9rences<\/h2>\n<h4 style=\"text-align: justify; margin: 0cm 0cm 0.0001pt;\"><strong>&lsquo;;\u00a0\u00bb>Le d\u00e9tail de nos r\u00e9f\u00e9rences est disponible sur demande (cf contact\u00a0). Ci-dessous les prestations depuis 2010.<br \/><\/strong><\/h4>\n<p style=\"text-align: left;\">\u00a0<\/p>\n<ul>\n<li><strong>Cavaillon (Provence-Alpes-C\u00f4te d&rsquo;Azur). <\/strong>Etude d&rsquo;\u00e9valuation d&rsquo;impacts sur la sant\u00e9 du projet de renouvellement urbain de Cavaillon, en collaboration avec CODRA \u2013 en cours<\/li>\n<li><strong>Union Saint Martin (Ile de France)<\/strong>. Etude sur la sant\u00e9 des Pr\u00eatres en activit\u00e9 &#8211; \u00a0En cours<\/li>\n<li><strong>Communaut\u00e9 de communes du Val de Vienne (Nouvelle Aquitaine). <\/strong>Etude relative au \u00ab Bien vieillir \u00bb sur le territoire intercommunal du Val de Vienne avec CISAME (coop\u00e9rative-bureau d\u2019\u00e9tudes en ing\u00e9nierie sociale bas\u00e9 \u00e0 Toulouse) 2017<\/li>\n<li style=\"list-style-type: none;\"><\/li>\n<li><strong>Basse Navarre (Aquitaine).\u00a0 <\/strong>Identification des besoins de prises en charge m\u00e9dico-psychologiques &#8211; 2017<\/li>\n<li><strong>Commune de Vitry-sur-Seine. <\/strong>Etude sur l\u2019acc\u00e8s aux soins et \u00e0 la pr\u00e9vention des publics en situation de tr\u00e8s grande pr\u00e9carit\u00e9 &#8211; 2016<\/li>\n<li><strong>Commune nouvelle Or\u00e9e d\u2019Anjou : <\/strong>Etude sur l\u2019offre de services et d\u2019h\u00e9bergement des personnes \u00e2g\u00e9es &#8211; 2015<\/li>\n<li><strong>Etude personnes \u00e2g\u00e9es &#8211; Agglom\u00e9ration B\u00e9ziers M\u00e9diterran\u00e9e. <\/strong>Enqu\u00eate qualitative \u00ab\u00a0Vieillir\u00a0: quelles perspectives en Biterrois\u00a0\u00bb &#8211; 2012<\/li>\n<li><strong>Education th\u00e9rapeutique &#8211; URCAM Pays de la Loire. <\/strong>\u00c9ducation th\u00e9rapeutique du patient pour les pathologies cardio-vasculaires, diab\u00e8te et ob\u00e9sit\u00e9 en secteur ambulatoire &#8211; \u00c9tat des lieux, \u00e9tude des besoins et strat\u00e9gies de d\u00e9veloppement, Pays de la Loire, 2009<\/li>\n<\/ul>\n<p>\u00a0<\/p>\n<p><em><u><strong>Etudes cartographiques dans le cadre des missions suivantes :<\/strong> <\/u><\/em><\/p>\n<ul>\n<li><strong>Offre de m\u00e9decine g\u00e9n\u00e9rale Communaut\u00e9 de Communes de Mortagne sur S\u00e8vre (Pays de la Loire). <\/strong>Audit territorial sur la sant\u00e9 &#8211; Cartographie de l\u2019offre de m\u00e9decine g\u00e9n\u00e9rale, indicateurs actuels et prospectifs &#8211; 2014<\/li>\n<li><strong>Offre de soins Poitiers (Poitou-Charentes). <\/strong>Diagnostic sant\u00e9 port\u00e9 par les habitants du quartier des 3 cit\u00e9s \u00e0 Poitiers) &#8211; Cartographie de l\u2019offre de soins de premier recours et analyse g\u00e9ographique sur l\u2019accessibilit\u00e9 physique &#8211; 2013<\/li>\n<li><strong>Offre de sant\u00e9 Bagneux (Ile de France). <\/strong>R\u00e9alisation du diagnostic local de sant\u00e9 de la Ville de Bagneux &#8211; Cartographie de l\u2019offre de sant\u00e9 et analyse g\u00e9ographique sur l\u2019accessibilit\u00e9 physique\u00a0 &#8211; 2013<\/li>\n<li><strong>Offre de sant\u00e9 Communaut\u00e9 d\u2019Agglom\u00e9ration des Deux Rives de Seine (Ile de France). <\/strong>Diagnostic de sant\u00e9 dans le cadre du Contrat Local de Sant\u00e9 et de l\u2019Atelier Sant\u00e9 Ville de &#8211; Cartographie de l\u2019offre de sant\u00e9 et analyse g\u00e9ographique sur l\u2019accessibilit\u00e9 physique &#8211; 2013<\/li>\n<li><strong>Offre de soins Agglom\u00e9ration de Niort (Poitou-Charentes). <\/strong>Etude de l\u2019offre de soins et de strat\u00e9gies d\u2019implantation de p\u00f4les de sant\u00e9 dans l\u2019agglom\u00e9ration de Niort ainsi que l\u2019\u00e9tude pr\u00e9-op\u00e9rationnelle du projet de \u00ab\u00a0Sant\u00e9 Marais\u00a0\u00bb &#8211; R\u00e9alisation d\u2019une cartographie sur la d\u00e9mographie m\u00e9dicale et d\u2019une cartographie des potentialit\u00e9s de structuration de l\u2019offre de sante &#8211; 2011, 2012<\/li>\n<\/ul>\n","protected":false},"excerpt":{"rendered":"<p>Descriptif \u00e9tudes en sant\u00e9 publique Icone M\u00e9diation Sant\u00e9 m\u00e8ne des travaux d\u2019\u00e9tudes en terme de besoins de sant\u00e9 et de r\u00e9ponses d\u2019organisations des soins et de pr\u00e9vention pour des \u00a0domaines et populations sp\u00e9cifiques. \u00a0 Il \u00e9t\u00e9 notamment d\u00e9velopp\u00e9 une expertise en mati\u00e8re de sant\u00e9 des jeunes,\u00a0 sant\u00e9 environnement, PMI, sant\u00e9\u2026<\/p>\n<p> <a class=\"continue-reading-link\" href=\"http:\/\/www.iconemediationsante.fr\/icone-new\/?page_id=4540\"><span>Lire la suite<\/span><i class=\"icon-right-dir\"><\/i><\/a><\/p>\n","protected":false},"author":2,"featured_media":0,"parent":4334,"menu_order":0,"comment_status":"closed","ping_status":"closed","template":"","meta":[],"tags":[],"_links":{"self":[{"href":"http:\/\/www.iconemediationsante.fr\/icone-new\/index.php?rest_route=\/wp\/v2\/pages\/4540"}],"collection":[{"href":"http:\/\/www.iconemediationsante.fr\/icone-new\/index.php?rest_route=\/wp\/v2\/pages"}],"about":[{"href":"http:\/\/www.iconemediationsante.fr\/icone-new\/index.php?rest_route=\/wp\/v2\/types\/page"}],"author":[{"embeddable":true,"href":"http:\/\/www.iconemediationsante.fr\/icone-new\/index.php?rest_route=\/wp\/v2\/users\/2"}],"replies":[{"embeddable":true,"href":"http:\/\/www.iconemediationsante.fr\/icone-new\/index.php?rest_route=%2Fwp%2Fv2%2Fcomments&post=4540"}],"version-history":[{"count":18,"href":"http:\/\/www.iconemediationsante.fr\/icone-new\/index.php?rest_route=\/wp\/v2\/pages\/4540\/revisions"}],"predecessor-version":[{"id":5397,"href":"http:\/\/www.iconemediationsante.fr\/icone-new\/index.php?rest_route=\/wp\/v2\/pages\/4540\/revisions\/5397"}],"up":[{"embeddable":true,"href":"http:\/\/www.iconemediationsante.fr\/icone-new\/index.php?rest_route=\/wp\/v2\/pages\/4334"}],"wp:attachment":[{"href":"http:\/\/www.iconemediationsante.fr\/icone-new\/index.php?rest_route=%2Fwp%2Fv2%2Fmedia&parent=4540"}],"wp:term":[{"taxonomy":"post_tag","embeddable":true,"href":"http:\/\/www.iconemediationsante.fr\/icone-new\/index.php?rest_route=%2Fwp%2Fv2%2Ftags&post=4540"}],"curies":[{"name":"wp","href":"https:\/\/api.w.org\/{rel}","templated":true}]}}