{"id":4429,"date":"2017-03-17T14:22:12","date_gmt":"2017-03-17T13:22:12","guid":{"rendered":"http:\/\/www.iconemediationsante.fr\/icone-new\/?page_id=4429"},"modified":"2022-02-24T16:13:55","modified_gmt":"2022-02-24T15:13:55","slug":"descriptif-qualite-du-1er-recours","status":"publish","type":"page","link":"http:\/\/www.iconemediationsante.fr\/icone-new\/?page_id=4429","title":{"rendered":"Descriptif parcours de sant\u00e9 et qualit\u00e9 du premier recours"},"content":{"rendered":"<h2>Descriptif parcours de sant\u00e9 et qualit\u00e9 du premier recours<\/h2>\n<p><strong>Analyse, soutien \u00e0 l\u2019organisation, \u00e9valuation des parcours de soins et de sant\u00e9.<\/strong><\/p>\n<p>\u00a0<\/p>\n<p><strong>Accompagnement des d\u00e9marches qualit\u00e9 en premiers recours aupr\u00e8s des professionnels\u00a0<br \/><\/strong><\/p>\n<p>\u00a0<\/p>\n<h2>Quelques exemples<\/h2>\n<p>\t\t\t\t\t\tFili\u00e8res de soins g\u00e9riatriques en Bretagne\t\t\t\t\t<\/p>\n<p><em>Cette \u00e9tude a consist\u00e9 en un \u00e9tat des lieux des fili\u00e8res g\u00e9riatriques Bretonnes au sens de la circulaire de 2007 (hospitali\u00e8re), de sa perception par les partenaires non hospitaliers, et au regard de cet \u00e9tat des lieux l\u2019\u00e9laboration de propositions d\u2019\u00e9volution quantitatives et qualitatives.<\/em><\/p>\n<p><em>Ce travail servant \u00e0 l\u2019ARS de pr\u00e9alable \u00e0 ses propositions discut\u00e9es avec les instances concern\u00e9es pour la conception du nouveau SROS.<\/em><\/p>\n<p><em>Tr\u00e8s int\u00e9ressant travail vis-\u00e0-vis du sujet et du fonctionnement de l\u2019ARS. Tr\u00e8s bonne collaboration avec les responsables du secteur m\u00e9dico-social de l\u2019ARS.<\/em><\/p>\n<p>\t\t\t\t\t\tD\u00e9marches qualit\u00e9 avec la Revue Prescrire\t\t\t\t\t<\/p>\n<p><em><strong>Collaboration r\u00e9guli\u00e8re entre PRESCRIRE et Icone m\u00e9diation sant\u00e9 dont l\u2019objectif est de potentialiser les travaux des deux partenaires en vue de participer \u00e0 l\u2019am\u00e9lioration des connaissances et actions en mati\u00e8re de soins et de sant\u00e9 publique<\/strong><\/em><\/p>\n<ul>\n<li><em>\u00a0Aide \u00e0 l&rsquo;a<\/em><em>nalyse de prescriptions. <br \/><\/em><\/li>\n<li><em>Ecriture d\u2019articles sur des initiatives de sant\u00e9 publique <br \/><\/em><\/li>\n<\/ul>\n<p>\t\t\t\t\t\tProgramme \u00ab Groupes Qualit\u00e9 de la prescription pharmaceutique en m\u00e9decine g\u00e9n\u00e9rale \u00bb (Bretagne)\t\t\t\t\t<\/p>\n<p><em>Lors de la premi\u00e8re exp\u00e9rimentation test\u00e9e sur 3 groupes, ICONES avait particip\u00e9 \u00e0 la conception, la mise en \u0153uvre du programme, l&rsquo;animation des groupes et l&rsquo;\u00e9valuation. <\/em><\/p>\n<p><em>\u00c0 l&rsquo;occasion de l&rsquo;extension du programme \u00e0 14 groupes (les 3 premiers et 11 nouveaux) la prestation d&rsquo;ICONES s&rsquo;est principalement recentr\u00e9e sur l&rsquo;\u00e9valuation : en continu (retours d&rsquo;information m\u00e9dico-\u00e9conomique aux m\u00e9decins) et finale (sous sa forme Moyens \u2013 Proc\u00e9dures et R\u00e9sultats) et l&rsquo;animation de 4 groupes (2 anciens, et 2 nouveaux). La formation des animateurs par ICONES \u00e0 l&rsquo;animation de r\u00e9unions de groupe a \u00e9t\u00e9 moins dense qu&rsquo;initialement pr\u00e9vue.<\/em><\/p>\n<p><em>Au total, l&rsquo;extension de 3 \u00e0 14 groupes a \u00e9t\u00e9 une r\u00e9ussite sur le plan de sa mise en \u0153uvre. Les r\u00e9sultats en terme de qualit\u00e9 et de co\u00fbt des prescriptions pharmaceutiques sont positifs et comparables \u00e0 la premi\u00e8re exp\u00e9rimentation.<\/em><\/p>\n<p><em>C&rsquo;est sur le plan \u00e9conomique un succ\u00e8s relatif, il reste une marge pour atteindre le niveau escompt\u00e9\u2026<\/em><\/p>\n<h2>Nos derni\u00e8res r\u00e9f\u00e9rences<\/h2>\n<h4 style=\"text-align: justify; margin: 0cm 0cm 0.0001pt;\"><strong>&lsquo;;\u00a0\u00bb>Le d\u00e9tail de nos r\u00e9f\u00e9rences est disponible sur demande (cf contact\u00a0). Ci-dessous les prestations en cours.<br \/><\/strong><\/h4>\n<p style=\"text-align: left;\">\u00a0<\/p>\n<ul>\n<li><strong>ARS Pays de la Loire : <\/strong>Evaluation du dispositif ESP CLAP en Pays de la Loire &#8211; 2021<\/li>\n<li><strong>D\u00e9marches qualit\u00e9 avec Revue Prescrire.<\/strong> Collaboration avec la revue Prescrire en terme d\u2019\u00e9tudes, de conseil, de valorisation exp\u00e9riences sur le terrain, depuis 2011.\u00a0 Collaboration avec la revue Prescrire pour des \u00e9tudes statistiques &#8211; depuis 2013<\/li>\n<li><strong>R\u00e8glement arbitral. <\/strong>Evaluation du r\u00e8glement arbitral fragonard pour l\u2019IRDES : la p\u00e9rennisation des nouvelles modalit\u00e9s de r\u00e9mun\u00e9ration collectives des structures de sante pluri-professionnelles de proximit\u00e9 &#8211; en cours<\/li>\n<li><strong>Asal\u00e9e. <\/strong>Evaluation de l\u2019exp\u00e9rimentation ASALEE pour l\u2019IRDES dans le cadre des exp\u00e9rimentations de nouveaux modes de r\u00e9mun\u00e9ration (ENMR) &#8211; en cours<\/li>\n<li><strong>ARS Pays de la Loire. <\/strong>Accompagnement \u00e0 l\u2019installation des professionnels de sant\u00e9 de premier recours dans les territoires fragiles en r\u00e9gion Pays de la Loire &#8211; 2017<\/li>\n<li><strong>Fili\u00e8res de soins g\u00e9riatriques en Bretagne.<\/strong> Etat des lieux qualitatif &#8211; enjeux et propositions d\u2019actions des fili\u00e8res de soins g\u00e9riatriques hospitali\u00e8res en Bretagne \u2013 ARS Bretagne \u2013 2011<\/li>\n<li><strong>Ligue contre le cancer &#8211; Enqu\u00eate sociologique. <\/strong>Etude sociologique sur la place des b\u00e9n\u00e9voles dans la prise en charge de la maladie, 2010<\/li>\n<li><strong>Groupe de pairs maladies professionnelles (Basse Normandie).<\/strong> Evaluation du projet de constitution d\u2019un groupe de pairs adapt\u00e9 en vue de l\u2019\u00e9laboration d\u2019un r\u00e9f\u00e9rentiel de prise en charge m\u00e9dico-sociale des maladies professionnelles, Orne \u2013 2007<\/li>\n<li><strong>Livret d\u2019accueil de cabinets lib\u00e9raux (Bretagne).<\/strong> Evaluation du livret d\u2019accueil de cabinets lib\u00e9raux, Ille-et-Vilaine \u2013 2006<\/li>\n<li><strong>Groupes de pairs qualit\u00e9 des soins (Bretagne).<\/strong> Evaluation d\u2019un programme de 5 groupes de pairs pour l\u2019Association des GEn\u00e9ralistes BRetons pour la Qualit\u00e9 des Soins, Bretagne \u2013 Evaluation qualitative et m\u00e9dico-\u00e9conomique &#8211; 2007<\/li>\n<li><strong>Programme \u00ab\u00a0Groupes Qualit\u00e9 de la prescription pharmaceutique en m\u00e9decine g\u00e9n\u00e9rale\u00a0\u00bb (Bretagne).<\/strong> Exp\u00e9rimentation sur 3 sites puis extension \u00e0 12. Mission d\u2019aide \u00e0 la mise en \u0153uvre, animation, suivi et \u00e9valuation pour l\u2019URCAM et l\u2019URML \u2013 de 2001 \u00e0 2006<\/li>\n<\/ul>\n","protected":false},"excerpt":{"rendered":"<p>Descriptif parcours de sant\u00e9 et qualit\u00e9 du premier recours Analyse, soutien \u00e0 l\u2019organisation, \u00e9valuation des parcours de soins et de sant\u00e9. \u00a0 Accompagnement des d\u00e9marches qualit\u00e9 en premiers recours aupr\u00e8s des professionnels\u00a0 \u00a0 Quelques exemples Fili\u00e8res de soins g\u00e9riatriques en Bretagne Cette \u00e9tude a consist\u00e9 en un \u00e9tat des lieux\u2026<\/p>\n<p> <a class=\"continue-reading-link\" href=\"http:\/\/www.iconemediationsante.fr\/icone-new\/?page_id=4429\"><span>Lire la suite<\/span><i class=\"icon-right-dir\"><\/i><\/a><\/p>\n","protected":false},"author":2,"featured_media":0,"parent":4165,"menu_order":0,"comment_status":"closed","ping_status":"closed","template":"","meta":[],"tags":[],"_links":{"self":[{"href":"http:\/\/www.iconemediationsante.fr\/icone-new\/index.php?rest_route=\/wp\/v2\/pages\/4429"}],"collection":[{"href":"http:\/\/www.iconemediationsante.fr\/icone-new\/index.php?rest_route=\/wp\/v2\/pages"}],"about":[{"href":"http:\/\/www.iconemediationsante.fr\/icone-new\/index.php?rest_route=\/wp\/v2\/types\/page"}],"author":[{"embeddable":true,"href":"http:\/\/www.iconemediationsante.fr\/icone-new\/index.php?rest_route=\/wp\/v2\/users\/2"}],"replies":[{"embeddable":true,"href":"http:\/\/www.iconemediationsante.fr\/icone-new\/index.php?rest_route=%2Fwp%2Fv2%2Fcomments&post=4429"}],"version-history":[{"count":19,"href":"http:\/\/www.iconemediationsante.fr\/icone-new\/index.php?rest_route=\/wp\/v2\/pages\/4429\/revisions"}],"predecessor-version":[{"id":5487,"href":"http:\/\/www.iconemediationsante.fr\/icone-new\/index.php?rest_route=\/wp\/v2\/pages\/4429\/revisions\/5487"}],"up":[{"embeddable":true,"href":"http:\/\/www.iconemediationsante.fr\/icone-new\/index.php?rest_route=\/wp\/v2\/pages\/4165"}],"wp:attachment":[{"href":"http:\/\/www.iconemediationsante.fr\/icone-new\/index.php?rest_route=%2Fwp%2Fv2%2Fmedia&parent=4429"}],"wp:term":[{"taxonomy":"post_tag","embeddable":true,"href":"http:\/\/www.iconemediationsante.fr\/icone-new\/index.php?rest_route=%2Fwp%2Fv2%2Ftags&post=4429"}],"curies":[{"name":"wp","href":"https:\/\/api.w.org\/{rel}","templated":true}]}}