{"id":4342,"date":"2017-02-13T14:57:54","date_gmt":"2017-02-13T13:57:54","guid":{"rendered":"http:\/\/www.iconemediationsante.fr\/icone-new\/?page_id=4342"},"modified":"2017-06-27T16:03:26","modified_gmt":"2017-06-27T15:03:26","slug":"reseaux-et-structures-de-sante","status":"publish","type":"page","link":"http:\/\/www.iconemediationsante.fr\/icone-new\/?page_id=4342","title":{"rendered":"R\u00e9seaux et structures de sant\u00e9"},"content":{"rendered":"<p>&nbsp;<\/p>\n<h1>R\u00e9seaux et structures de sant\u00e9<\/h1>\n<h2>Etablissements de sant\u00e9 et m\u00e9dico-sociaux<\/h2>\n<p><img loading=\"lazy\" src=\"http:\/\/www.iconemediationsante.fr\/icone-new\/wp-content\/uploads\/onglet-\u00e9tablissements-de-sant\u00e9-1030x700.jpg\" sizes=\"(max-width: 900px) 100vw, 900px\" srcset=\"http:\/\/www.iconemediationsante.fr\/icone-new\/wp-content\/uploads\/onglet-\u00e9tablissements-de-sant\u00e9.jpg 1030w, http:\/\/www.iconemediationsante.fr\/icone-new\/wp-content\/uploads\/onglet-\u00e9tablissements-de-sant\u00e9-300x204.jpg 300w, http:\/\/www.iconemediationsante.fr\/icone-new\/wp-content\/uploads\/onglet-\u00e9tablissements-de-sant\u00e9-768x522.jpg 768w, http:\/\/www.iconemediationsante.fr\/icone-new\/wp-content\/uploads\/onglet-\u00e9tablissements-de-sant\u00e9-221x150.jpg 221w, http:\/\/www.iconemediationsante.fr\/icone-new\/wp-content\/uploads\/onglet-\u00e9tablissements-de-sant\u00e9-150x102.jpg 150w\" alt=\"\" width=\"900\" height=\"612\" \/><br \/>\n<a href=\"http:\/\/www.iconemediationsante.fr\/icone-new\/?page_id=4555\"><br \/>\nPlus d&rsquo;informations<br \/>\n<\/a><\/p>\n<p>Nous accompagnons dans leurs \u00e9volutions et organisation\u00a0 les\u00a0 <strong>centres hospitaliers, cliniques, centres de r\u00e9\u00e9ducation. <\/strong><\/p>\n<p>Une grande exp\u00e9rience a \u00e9t\u00e9 d\u00e9velopp\u00e9e avec <strong>les h\u00f4pitaux de proximit\u00e9<\/strong> (ex-h\u00f4pitaux locaux) dont la particularit\u00e9 essentielle est l\u2019articulation avec les m\u00e9decins g\u00e9n\u00e9ralistes<strong>. <\/strong><\/p>\n<p>Nous intervenons aupr\u00e8s des<strong> EHPAD, SAMSAH, APAJH <\/strong>et sommes habilit\u00e9 par l\u2019<strong>ANESM <\/strong>pour l\u2019\u00e9valuation externe des \u00e9tablissements et services sociaux et m\u00e9dico-sociaux.<\/p>\n<p>&nbsp;<\/p>\n<h2>R\u00e9seaux de sant\u00e9 et de soins<\/h2>\n<p><img loading=\"lazy\" src=\"http:\/\/www.iconemediationsante.fr\/icone-new\/wp-content\/uploads\/onglet-r\u00e9seaux-1030x730.jpg\" sizes=\"(max-width: 900px) 100vw, 900px\" srcset=\"http:\/\/www.iconemediationsante.fr\/icone-new\/wp-content\/uploads\/onglet-r\u00e9seaux.jpg 1030w, http:\/\/www.iconemediationsante.fr\/icone-new\/wp-content\/uploads\/onglet-r\u00e9seaux-300x213.jpg 300w, http:\/\/www.iconemediationsante.fr\/icone-new\/wp-content\/uploads\/onglet-r\u00e9seaux-768x544.jpg 768w, http:\/\/www.iconemediationsante.fr\/icone-new\/wp-content\/uploads\/onglet-r\u00e9seaux-212x150.jpg 212w, http:\/\/www.iconemediationsante.fr\/icone-new\/wp-content\/uploads\/onglet-r\u00e9seaux-150x106.jpg 150w\" alt=\"\" width=\"900\" height=\"638\" \/><br \/>\n<a href=\"http:\/\/www.iconemediationsante.fr\/icone-new\/?page_id=4764\"><br \/>\nPlus d&rsquo;informations<br \/>\n<\/a><\/p>\n<p><strong>Nous accompagnons la conception et le suivi et l\u2019\u00e9valuation des r\u00e9seaux de soins et de sant\u00e9.<\/strong><\/p>\n","protected":false},"excerpt":{"rendered":"<p>&nbsp; R\u00e9seaux et structures de sant\u00e9 Etablissements de sant\u00e9 et m\u00e9dico-sociaux Plus d&rsquo;informations Nous accompagnons dans leurs \u00e9volutions et organisation\u00a0 les\u00a0 centres hospitaliers, cliniques, centres de r\u00e9\u00e9ducation. Une grande exp\u00e9rience a \u00e9t\u00e9 d\u00e9velopp\u00e9e avec les h\u00f4pitaux de proximit\u00e9 (ex-h\u00f4pitaux locaux) dont la particularit\u00e9 essentielle est l\u2019articulation avec les m\u00e9decins g\u00e9n\u00e9ralistes.\u2026<\/p>\n<p> <a class=\"continue-reading-link\" href=\"http:\/\/www.iconemediationsante.fr\/icone-new\/?page_id=4342\"><span>Lire la suite<\/span><i class=\"icon-right-dir\"><\/i><\/a><\/p>\n","protected":false},"author":2,"featured_media":0,"parent":5007,"menu_order":0,"comment_status":"closed","ping_status":"closed","template":"","meta":[],"tags":[55,50,51],"_links":{"self":[{"href":"http:\/\/www.iconemediationsante.fr\/icone-new\/index.php?rest_route=\/wp\/v2\/pages\/4342"}],"collection":[{"href":"http:\/\/www.iconemediationsante.fr\/icone-new\/index.php?rest_route=\/wp\/v2\/pages"}],"about":[{"href":"http:\/\/www.iconemediationsante.fr\/icone-new\/index.php?rest_route=\/wp\/v2\/types\/page"}],"author":[{"embeddable":true,"href":"http:\/\/www.iconemediationsante.fr\/icone-new\/index.php?rest_route=\/wp\/v2\/users\/2"}],"replies":[{"embeddable":true,"href":"http:\/\/www.iconemediationsante.fr\/icone-new\/index.php?rest_route=%2Fwp%2Fv2%2Fcomments&post=4342"}],"version-history":[{"count":19,"href":"http:\/\/www.iconemediationsante.fr\/icone-new\/index.php?rest_route=\/wp\/v2\/pages\/4342\/revisions"}],"predecessor-version":[{"id":4982,"href":"http:\/\/www.iconemediationsante.fr\/icone-new\/index.php?rest_route=\/wp\/v2\/pages\/4342\/revisions\/4982"}],"up":[{"embeddable":true,"href":"http:\/\/www.iconemediationsante.fr\/icone-new\/index.php?rest_route=\/wp\/v2\/pages\/5007"}],"wp:attachment":[{"href":"http:\/\/www.iconemediationsante.fr\/icone-new\/index.php?rest_route=%2Fwp%2Fv2%2Fmedia&parent=4342"}],"wp:term":[{"taxonomy":"post_tag","embeddable":true,"href":"http:\/\/www.iconemediationsante.fr\/icone-new\/index.php?rest_route=%2Fwp%2Fv2%2Ftags&post=4342"}],"curies":[{"name":"wp","href":"https:\/\/api.w.org\/{rel}","templated":true}]}}