{"id":4334,"date":"2017-02-13T14:56:22","date_gmt":"2017-02-13T13:56:22","guid":{"rendered":"http:\/\/www.iconemediationsante.fr\/icone-new\/?page_id=4334"},"modified":"2024-08-27T15:54:31","modified_gmt":"2024-08-27T14:54:31","slug":"sante-des-territoires","status":"publish","type":"page","link":"http:\/\/www.iconemediationsante.fr\/icone-new\/?page_id=4334","title":{"rendered":"Sant\u00e9 des territoires"},"content":{"rendered":"<h1>\n\t\t\t\t\tSant\u00e9 des territoires et des populations<br \/>\n\t\t\t\t<\/h1>\n<\/p>\n<h2>Strat\u00e9gies locales de sant\u00e9<\/h2>\n<p>\t\t<img width=\"900\" height=\"612\" src=\"http:\/\/www.iconemediationsante.fr\/icone-new\/wp-content\/uploads\/Onglet-strat\u00e9gies-locales-1-1030x700.jpg\" alt=\"\" loading=\"lazy\" srcset=\"http:\/\/www.iconemediationsante.fr\/icone-new\/wp-content\/uploads\/Onglet-strat\u00e9gies-locales-1.jpg 1030w, http:\/\/www.iconemediationsante.fr\/icone-new\/wp-content\/uploads\/Onglet-strat\u00e9gies-locales-1-300x204.jpg 300w, http:\/\/www.iconemediationsante.fr\/icone-new\/wp-content\/uploads\/Onglet-strat\u00e9gies-locales-1-768x522.jpg 768w, http:\/\/www.iconemediationsante.fr\/icone-new\/wp-content\/uploads\/Onglet-strat\u00e9gies-locales-1-221x150.jpg 221w, http:\/\/www.iconemediationsante.fr\/icone-new\/wp-content\/uploads\/Onglet-strat\u00e9gies-locales-1-150x102.jpg 150w\" sizes=\"(max-width: 900px) 100vw, 900px\" \/><br \/>\n\t\t\t<a href=\"http:\/\/www.iconemediationsante.fr\/icone-new\/?page_id=4435\"><br \/>\n\t\t\t\t\t\t\t\t\t\tPlus d&rsquo;informations<br \/>\n\t\t\t<\/a><\/p>\n<p><strong>Icone M\u00e9diation Sant\u00e9 r\u00e9alise des\u00a0 diagnostics territoriaux de sant\u00e9, participatifs, associant les acteurs de la sant\u00e9, les \u00e9lus et les habitants et les accompagne pour la d\u00e9finition de strat\u00e9gies de sant\u00e9.<\/strong><\/p>\n<p>Il a \u00e9t\u00e9\u00a0 ainsi r\u00e9alis\u00e9 de nombreuses prestations (diagnostics, plans d\u2019actions, \u00e9valuations) dans le cadre des Contrats locaux de sant\u00e9, Ateliers sant\u00e9 ville et des\u00a0 diagnostics et strat\u00e9gies territoriales de soins et de sant\u00e9.<\/p>\n<p>\u00a0<\/p>\n<p>Nous intervenons \u00e9galement sur des <strong>d\u00e9marches d\u2019urbanisme favorable \u00e0 la sant\u00e9 (UFS), d&rsquo;\u00e9valuations d\u2019impact sur la sant\u00e9 (EIS)<\/strong>.<\/p>\n<p><strong>Environ 120 prestations ont \u00e9t\u00e9 r\u00e9alis\u00e9es dans ce domaine.<\/strong><\/p>\n<h3>Plus de 120 prestations &#8230;<\/h3>\n<p>\t\t\t\t\t\t<a href=\"https:\/\/www.google.com\/maps\/d\/u\/0\/edit?mid=1SNQ3jvl9JD7Eyh8HEp-eL_tw4lw&amp;hl=fr&amp;ll=46.64982814513091%2C-0.5910137854004951&amp;z=6\"><br \/>\n\t\t<img width=\"554\" height=\"520\" src=\"http:\/\/www.iconemediationsante.fr\/icone-new\/wp-content\/uploads\/Strategies-locales-de-sante.jpg\" alt=\"\" loading=\"lazy\" srcset=\"http:\/\/www.iconemediationsante.fr\/icone-new\/wp-content\/uploads\/Strategies-locales-de-sante.jpg 554w, http:\/\/www.iconemediationsante.fr\/icone-new\/wp-content\/uploads\/Strategies-locales-de-sante-300x282.jpg 300w, http:\/\/www.iconemediationsante.fr\/icone-new\/wp-content\/uploads\/Strategies-locales-de-sante-160x150.jpg 160w, http:\/\/www.iconemediationsante.fr\/icone-new\/wp-content\/uploads\/Strategies-locales-de-sante-150x141.jpg 150w\" sizes=\"(max-width: 554px) 100vw, 554px\" \/>\t\t\t\t<\/a><\/p>\n<h2>Etudes en sant\u00e9 publique<\/h2>\n<p>\t\t<img width=\"900\" height=\"612\" src=\"http:\/\/www.iconemediationsante.fr\/icone-new\/wp-content\/uploads\/onglet-etudes-sp-1030x700.jpg\" alt=\"\" loading=\"lazy\" srcset=\"http:\/\/www.iconemediationsante.fr\/icone-new\/wp-content\/uploads\/onglet-etudes-sp.jpg 1030w, http:\/\/www.iconemediationsante.fr\/icone-new\/wp-content\/uploads\/onglet-etudes-sp-300x204.jpg 300w, http:\/\/www.iconemediationsante.fr\/icone-new\/wp-content\/uploads\/onglet-etudes-sp-768x522.jpg 768w, http:\/\/www.iconemediationsante.fr\/icone-new\/wp-content\/uploads\/onglet-etudes-sp-221x150.jpg 221w, http:\/\/www.iconemediationsante.fr\/icone-new\/wp-content\/uploads\/onglet-etudes-sp-150x102.jpg 150w\" sizes=\"(max-width: 900px) 100vw, 900px\" \/><br \/>\n\t\t\t<a href=\"http:\/\/www.iconemediationsante.fr\/icone-new\/?page_id=4540\"><br \/>\n\t\t\t\t\t\t\t\t\t\tPlus d&rsquo;informations<br \/>\n\t\t\t<\/a><\/p>\n<p>\u00a0<\/p>\n<p>\u00a0<\/p>\n<p><strong>Icone M\u00e9diation Sant\u00e9 m\u00e8ne des travaux d\u2019\u00e9tudes en terme de besoins de sant\u00e9 et de r\u00e9ponses d\u2019organisations des soins et de pr\u00e9vention pour des \u00a0domaines et populations sp\u00e9cifiques. <\/strong><\/p>\n<p>\u00a0<\/p>\n<p><strong>Il \u00e9t\u00e9 notamment d\u00e9velopp\u00e9 une expertise en mati\u00e8re de sant\u00e9 des jeunes,\u00a0 sant\u00e9 environnement, PMI, sant\u00e9 pr\u00e9carit\u00e9, prise en charge des personnes \u00e2g\u00e9es, d\u00e9marches participatives des usagers dans le syst\u00e8me de sant\u00e9<\/strong><\/p>\n<p>\u00a0<\/p>\n<p>\u00a0<\/p>\n<h2>Politiques r\u00e9gionales de sant\u00e9<\/h2>\n<p>\t\t<img width=\"900\" height=\"612\" src=\"http:\/\/www.iconemediationsante.fr\/icone-new\/wp-content\/uploads\/onglet-politiques-reg-1030x700.jpg\" alt=\"\" loading=\"lazy\" srcset=\"http:\/\/www.iconemediationsante.fr\/icone-new\/wp-content\/uploads\/onglet-politiques-reg.jpg 1030w, http:\/\/www.iconemediationsante.fr\/icone-new\/wp-content\/uploads\/onglet-politiques-reg-300x204.jpg 300w, http:\/\/www.iconemediationsante.fr\/icone-new\/wp-content\/uploads\/onglet-politiques-reg-768x522.jpg 768w, http:\/\/www.iconemediationsante.fr\/icone-new\/wp-content\/uploads\/onglet-politiques-reg-221x150.jpg 221w, http:\/\/www.iconemediationsante.fr\/icone-new\/wp-content\/uploads\/onglet-politiques-reg-150x102.jpg 150w\" sizes=\"(max-width: 900px) 100vw, 900px\" \/><br \/>\n\t\t\t<a href=\"http:\/\/www.iconemediationsante.fr\/icone-new\/?page_id=4546\"><br \/>\n\t\t\t\t\t\t\t\t\t\tPlus d&rsquo;informations<br \/>\n\t\t\t<\/a><\/p>\n<p>\u00a0<\/p>\n<p>\u00a0<\/p>\n<p>\u00a0<\/p>\n<p><strong>Nous accompagnons les ARS sur des PRS, PRAPS, PRSE, PSRS, Programmes sp\u00e9cifiques sur certaines pathologies.<\/strong><\/p>\n<p>\u00a0<\/p>\n<p>\u00a0<\/p>\n","protected":false},"excerpt":{"rendered":"<p>Sant\u00e9 des territoires et des populations Strat\u00e9gies locales de sant\u00e9 Plus d&rsquo;informations Icone M\u00e9diation Sant\u00e9 r\u00e9alise des\u00a0 diagnostics territoriaux de sant\u00e9, participatifs, associant les acteurs de la sant\u00e9, les \u00e9lus et les habitants et les accompagne pour la d\u00e9finition de strat\u00e9gies de sant\u00e9. Il a \u00e9t\u00e9\u00a0 ainsi r\u00e9alis\u00e9 de nombreuses\u2026<\/p>\n<p> <a class=\"continue-reading-link\" href=\"http:\/\/www.iconemediationsante.fr\/icone-new\/?page_id=4334\"><span>Lire la suite<\/span><i class=\"icon-right-dir\"><\/i><\/a><\/p>\n","protected":false},"author":2,"featured_media":0,"parent":5007,"menu_order":0,"comment_status":"closed","ping_status":"closed","template":"","meta":[],"tags":[45,46,56],"_links":{"self":[{"href":"http:\/\/www.iconemediationsante.fr\/icone-new\/index.php?rest_route=\/wp\/v2\/pages\/4334"}],"collection":[{"href":"http:\/\/www.iconemediationsante.fr\/icone-new\/index.php?rest_route=\/wp\/v2\/pages"}],"about":[{"href":"http:\/\/www.iconemediationsante.fr\/icone-new\/index.php?rest_route=\/wp\/v2\/types\/page"}],"author":[{"embeddable":true,"href":"http:\/\/www.iconemediationsante.fr\/icone-new\/index.php?rest_route=\/wp\/v2\/users\/2"}],"replies":[{"embeddable":true,"href":"http:\/\/www.iconemediationsante.fr\/icone-new\/index.php?rest_route=%2Fwp%2Fv2%2Fcomments&post=4334"}],"version-history":[{"count":56,"href":"http:\/\/www.iconemediationsante.fr\/icone-new\/index.php?rest_route=\/wp\/v2\/pages\/4334\/revisions"}],"predecessor-version":[{"id":5608,"href":"http:\/\/www.iconemediationsante.fr\/icone-new\/index.php?rest_route=\/wp\/v2\/pages\/4334\/revisions\/5608"}],"up":[{"embeddable":true,"href":"http:\/\/www.iconemediationsante.fr\/icone-new\/index.php?rest_route=\/wp\/v2\/pages\/5007"}],"wp:attachment":[{"href":"http:\/\/www.iconemediationsante.fr\/icone-new\/index.php?rest_route=%2Fwp%2Fv2%2Fmedia&parent=4334"}],"wp:term":[{"taxonomy":"post_tag","embeddable":true,"href":"http:\/\/www.iconemediationsante.fr\/icone-new\/index.php?rest_route=%2Fwp%2Fv2%2Ftags&post=4334"}],"curies":[{"name":"wp","href":"https:\/\/api.w.org\/{rel}","templated":true}]}}