{"id":4165,"date":"2017-02-04T12:10:38","date_gmt":"2017-02-04T11:10:38","guid":{"rendered":"http:\/\/www.iconemediationsante.fr\/icone-new\/?page_id=4165"},"modified":"2026-04-16T08:26:31","modified_gmt":"2026-04-16T07:26:31","slug":"soins-primaires","status":"publish","type":"page","link":"http:\/\/www.iconemediationsante.fr\/icone-new\/?page_id=4165","title":{"rendered":"Soins primaires"},"content":{"rendered":"<h1>\n\t\t\t\t\tSoins primaires &#8211; Parcours de sant\u00e9<br \/>\n\t\t\t\t<\/h1>\n<\/p>\n<h2>Maisons et p\u00f4les de sant\u00e9 \/ Communaut\u00e9s Professionnelles Territoriales de Sant\u00e9 (CPTS)<\/h2>\n<p>\t\t<img width=\"300\" height=\"200\" src=\"http:\/\/www.iconemediationsante.fr\/icone-new\/wp-content\/uploads\/MSP-g\u00e9vez\u00e9-300x200.png\" alt=\"\" loading=\"lazy\" srcset=\"https:\/\/www.iconemediationsante.fr\/icone-new\/wp-content\/uploads\/MSP-g\u00e9vez\u00e9.png 300w, https:\/\/www.iconemediationsante.fr\/icone-new\/wp-content\/uploads\/MSP-g\u00e9vez\u00e9-225x150.png 225w, https:\/\/www.iconemediationsante.fr\/icone-new\/wp-content\/uploads\/MSP-g\u00e9vez\u00e9-150x100.png 150w\" sizes=\"(max-width: 300px) 100vw, 300px\" \/><br \/>\n\t\t\t<a href=\"http:\/\/www.iconemediationsante.fr\/icone-new\/?page_id=4227\"><br \/>\n\t\t\t\t\t\t\t\t\t\tPlus d&rsquo;informations<br \/>\n\t\t\t<\/a><\/p>\n<p>Depuis plus de 20 ans, Icone M\u00e9diation Sant\u00e9 accompagne de nombreux projets de maison de sant\u00e9 pluridisciplinaire en milieu rural, semi rural, quartiers de grande ville, ou territoires urbains d\u00e9favoris\u00e9s, soit sous forme d\u2019\u00e9tude de faisabilit\u00e9, d\u2019accompagnement \u00ab starter \u00bb ponctuel pour le d\u00e9marrage de regroupements professionnels, soit pour des interventions plus longues aupr\u00e8s des professionnels dans le cadre de la conception du projet de sant\u00e9 des maisons et p\u00f4les de sant\u00e9 pluridisciplinaires. La demande est issue des professionnels, des ARS, des collectivit\u00e9s locales ou des \u00e9tablissements de sant\u00e9.\u00a0<\/p>\n<p>\u00a0<\/p>\n<p>Nous accompagnons \u00e9galement actuellement <strong>5 p\u00f4les de sant\u00e9 dans la mise en \u0153uvre de leur projet de sant\u00e9\u00a0:<\/strong> expertise de sant\u00e9 publique, aide \u00e0 l\u2019\u00e9laboration de protocoles, suivi et \u00e9valuation d\u2019actions de sant\u00e9 et du projet global, aide \u00e0 la gestion du p\u00f4le aide \u00e0 la constitution de la SISA, r\u00e8glement int\u00e9rieur, dossier de r\u00e9ponse \u00e0 appel \u00e0 projet, relations partenariales\u2026\u00a0<\/p>\n<p>\u00a0<\/p>\n<p>Icone M\u00e9diation Sant\u00e9 est <strong>labellis\u00e9<\/strong> pour accompagner les projets de MSP par les ARS de <strong>Normandie <\/strong>depuis 2007, de <strong>Bretagne <\/strong>depuis 2010, de <strong>Grand Est<\/strong> depuis 2011 et de <strong>Hauts-de-France<\/strong> depuis 2015. Nous sommes \u00e9galement retenus sur la liste des bureaux d\u2019\u00e9tudes par l\u2019ARS Ile de France.<\/p>\n<p>\u00a0<\/p>\n<p><strong>\u232a Plus de 290 projets ont \u00e9t\u00e9 accompagn\u00e9s.<\/strong><\/p>\n<p>\u00a0<\/p>\n<p>Nous intervenons \u00e9galement aupr\u00e8s des professionnels de sant\u00e9 dans l\u2019\u00e9laboration de projets de sant\u00e9 ou l&rsquo;aide \u00e0 la r\u00e9daction de plan de gestion de crise sanitaire de <strong>Communaut\u00e9 Professionnelle Territoriale de Sant\u00e9 &#8211; CPTS. <\/strong><\/p>\n<p><strong>\u232a 25 CPTS ont \u00e9t\u00e9 accompagn\u00e9es \u00e0 ce jour.<\/strong><\/p>\n<p>\u00a0<\/p>\n<p>Sont \u00e9galement r\u00e9alis\u00e9es si besoin des prestations d\u2019organisation de la mise en \u0153uvre et de l\u2019\u00e9valuation de ces projets de sant\u00e9.<b> <\/b><\/p>\n<h4>Plus de 290 interventions &#8230;<\/h4>\n<p>\t\t\t\t\t\t<a href=\"https:\/\/www.google.com\/maps\/d\/embed?mid=1obX2Q2BYNnF-mLmS5_6UMk5oajw&amp;hl=fr%22%20width%3D%22640%22%20height%3D%22480%22%3E%3C%2Fiframe%3E&amp;ll=47.5369055894684%2C1.2363055468749735&amp;z=6\" target=\"_blank\" rel=\"noopener\"><br \/>\n\t\t<img width=\"638\" height=\"577\" src=\"http:\/\/www.iconemediationsante.fr\/icone-new\/wp-content\/uploads\/Prestation-MSP-F\u00e9vrier-2022.png\" alt=\"\" loading=\"lazy\" srcset=\"https:\/\/www.iconemediationsante.fr\/icone-new\/wp-content\/uploads\/Prestation-MSP-F\u00e9vrier-2022.png 638w, https:\/\/www.iconemediationsante.fr\/icone-new\/wp-content\/uploads\/Prestation-MSP-F\u00e9vrier-2022-300x271.png 300w, https:\/\/www.iconemediationsante.fr\/icone-new\/wp-content\/uploads\/Prestation-MSP-F\u00e9vrier-2022-166x150.png 166w, https:\/\/www.iconemediationsante.fr\/icone-new\/wp-content\/uploads\/Prestation-MSP-F\u00e9vrier-2022-150x136.png 150w\" sizes=\"(max-width: 638px) 100vw, 638px\" \/>\t\t\t\t<\/a><\/p>\n<h2>Parcours de sant\u00e9 et qualit\u00e9 du premier recours<\/h2>\n<p>\t\t<img width=\"300\" height=\"204\" src=\"http:\/\/www.iconemediationsante.fr\/icone-new\/wp-content\/uploads\/onglet-1er-recours-2-300x204.jpg\" alt=\"\" loading=\"lazy\" srcset=\"https:\/\/www.iconemediationsante.fr\/icone-new\/wp-content\/uploads\/onglet-1er-recours-2-300x204.jpg 300w, https:\/\/www.iconemediationsante.fr\/icone-new\/wp-content\/uploads\/onglet-1er-recours-2-768x522.jpg 768w, https:\/\/www.iconemediationsante.fr\/icone-new\/wp-content\/uploads\/onglet-1er-recours-2.jpg 1030w, https:\/\/www.iconemediationsante.fr\/icone-new\/wp-content\/uploads\/onglet-1er-recours-2-221x150.jpg 221w, https:\/\/www.iconemediationsante.fr\/icone-new\/wp-content\/uploads\/onglet-1er-recours-2-150x102.jpg 150w\" sizes=\"(max-width: 300px) 100vw, 300px\" \/><br \/>\n\t\t\t<a href=\"http:\/\/www.iconemediationsante.fr\/icone-new\/?page_id=4429\"><br \/>\n\t\t\t\t\t\t\t\t\t\tPlus d&rsquo;informations<br \/>\n\t\t\t<\/a><\/p>\n<p>Prestations en mati\u00e8re d\u2019organisation des soins de premiers recours r\u00e9alis\u00e9es aupr\u00e8s des professionnels de sant\u00e9, ARS, URPS et collectivit\u00e9s locales, associations d\u2019usagers\u00a0,..<\/p>\n<ul>\n<li>Parcours de soins et de sant\u00e9<\/li>\n<li>D\u00e9marches qualit\u00e9<\/li>\n<li>Evaluation des soins<\/li>\n<\/ul>\n","protected":false},"excerpt":{"rendered":"<p>Soins primaires &#8211; Parcours de sant\u00e9 Maisons et p\u00f4les de sant\u00e9 \/ Communaut\u00e9s Professionnelles Territoriales de Sant\u00e9 (CPTS) Plus d&rsquo;informations Depuis plus de 20 ans, Icone M\u00e9diation Sant\u00e9 accompagne de nombreux projets de maison de sant\u00e9 pluridisciplinaire en milieu rural, semi rural, quartiers de grande ville, ou territoires urbains d\u00e9favoris\u00e9s,\u2026<\/p>\n<p> <a class=\"continue-reading-link\" href=\"http:\/\/www.iconemediationsante.fr\/icone-new\/?page_id=4165\"><span>Lire la suite<\/span><i class=\"icon-right-dir\"><\/i><\/a><\/p>\n","protected":false},"author":2,"featured_media":0,"parent":5007,"menu_order":0,"comment_status":"closed","ping_status":"closed","template":"","meta":[],"tags":[40,43,53],"_links":{"self":[{"href":"http:\/\/www.iconemediationsante.fr\/icone-new\/index.php?rest_route=\/wp\/v2\/pages\/4165"}],"collection":[{"href":"http:\/\/www.iconemediationsante.fr\/icone-new\/index.php?rest_route=\/wp\/v2\/pages"}],"about":[{"href":"http:\/\/www.iconemediationsante.fr\/icone-new\/index.php?rest_route=\/wp\/v2\/types\/page"}],"author":[{"embeddable":true,"href":"http:\/\/www.iconemediationsante.fr\/icone-new\/index.php?rest_route=\/wp\/v2\/users\/2"}],"replies":[{"embeddable":true,"href":"http:\/\/www.iconemediationsante.fr\/icone-new\/index.php?rest_route=%2Fwp%2Fv2%2Fcomments&post=4165"}],"version-history":[{"count":71,"href":"http:\/\/www.iconemediationsante.fr\/icone-new\/index.php?rest_route=\/wp\/v2\/pages\/4165\/revisions"}],"predecessor-version":[{"id":5638,"href":"http:\/\/www.iconemediationsante.fr\/icone-new\/index.php?rest_route=\/wp\/v2\/pages\/4165\/revisions\/5638"}],"up":[{"embeddable":true,"href":"http:\/\/www.iconemediationsante.fr\/icone-new\/index.php?rest_route=\/wp\/v2\/pages\/5007"}],"wp:attachment":[{"href":"http:\/\/www.iconemediationsante.fr\/icone-new\/index.php?rest_route=%2Fwp%2Fv2%2Fmedia&parent=4165"}],"wp:term":[{"taxonomy":"post_tag","embeddable":true,"href":"http:\/\/www.iconemediationsante.fr\/icone-new\/index.php?rest_route=%2Fwp%2Fv2%2Ftags&post=4165"}],"curies":[{"name":"wp","href":"https:\/\/api.w.org\/{rel}","templated":true}]}}