{"id":3487,"date":"2016-05-03T15:58:32","date_gmt":"2016-05-03T14:58:32","guid":{"rendered":"http:\/\/www.iconemediationsante.fr\/icone-new\/?page_id=3487"},"modified":"2018-09-27T15:55:42","modified_gmt":"2018-09-27T14:55:42","slug":"nos-publications","status":"publish","type":"page","link":"http:\/\/www.iconemediationsante.fr\/icone-new\/?page_id=3487","title":{"rendered":"Publications"},"content":{"rendered":"<h1>\n\t\t\t\t\tNos publications<br \/>\n\t\t\t\t<\/h1>\n<\/p>\n<figure><img src=\"http:\/\/www.iconemediationsante.fr\/icone-new\/wp-content\/uploads\/photo-publication-v2.jpg\" alt=\"photo publication v2\" title=\"photo publication v2\"><\/figure>\n<p>Les publications des membres d\u2019Icone M\u00e9diation Sant\u00e9 sont pr\u00e9sent\u00e9es par grandes th\u00e9matiques\u00a0:<\/p>\n<ul>\n<li>D\u00e9pistage \u00a0<\/li>\n<li>Maison de sant\u00e9 et m\u00e9decine g\u00e9n\u00e9rale &#8211; Premier recours \u00a0<\/li>\n<li>Territoire et sant\u00e9 &#8211; Institutions et collectivit\u00e9s locales \u00a0<\/li>\n<li>Approches populationnelles \u00a0<\/li>\n<li>Pathologies particuli\u00e8res et th\u00e9rapeutiques<\/li>\n<\/ul>\n<p style=\"text-align: center;\"><strong>\u00a0<\/strong><\/p>\n<h3>D\u00e9pistage<\/h3>\n<p><strong>Publications,<\/strong> <strong> participation \u00e0 ouvrage collectif<\/strong><\/p>\n<p><strong>PIETTE C, DURAND G,<\/strong> BRETAGNE J.F, FAIVRE J. OncologyAdditional mailing phase for FIT after a medical offer phase: The bestway to improve compliance with colorectal cancer screening in France. Digestive and Liver Disease, octobre 2016.<\/p>\n<p>LE ROY F, MANFREDI S, HAMONIC S, <strong>PIETTE C,<\/strong> BOUGUEN G, RIOU F, BRETAGNE JF. Frequency of and risk factors for the surgical resection of nonmalignant colorectal polyps: a population-based study. Endoscopy. 2016 Mar; 48(3):263-70. Doi: 10.1055\/s-0034-1392976. Epub 2015 Sep 4.<\/p>\n<p>DENIS B, SAULEAU EA, GENDRE I, EXBRAYAT C, <strong>PIETTE C,<\/strong> DANCOURT V, FOLL Y, HADAD HA, BAILLY L, PERRIN P. The mean number of adenomas per procedure should become the gold standard to measure the neoplasia yield of colonoscopy: A population-based cohort study.Dig Liver Dis. 2013 Sep 17. doi:pii: S1590-8658(13)00412-X.<\/p>\n<p>FAIVRE J, DANCOURT V, DENIS B, DORVAL E, <strong>PIETTE C,<\/strong> PERRIN P, BIDAN JM, JARD C, JUNG S, LEVILLAIN R, VIGUIER J, BRETAGNE JF. Comparison between a guaiac and three immunochemical faecal occult blood tests in screening for colorectal cancer. Eur J Cancer. 2012 Nov;48(16):2969-76.<\/p>\n<p>LEJEUNE, <strong>K LE GLEUT,<\/strong> C. GALLIMARD, <strong>G. DURAND,<\/strong> V. DANCOURT, J. FAIVRE, The cost-effectiveness of three immunochemichal versus guaiac faecal occult blood tests for colorectal cancer screening in France, Int J Techn Assess Health Care, en cours de soumission, septembre 2012<\/p>\n<p>FAIVRE J, DANCOURT V, MANFREDI S, DENIS B, <strong>DURAND G<\/strong>, GENDRE I ET AL. positivity rates and performances of immunochemical faecal occult blood tests at different cut-off levels within a colorectal cancer screening programme. dig liver dis 2012;44:700-4.<\/p>\n<p>DENIS B, SAULEAU EA, GENDRE I, <strong>PIETTE C<\/strong>, BRETAGNE JF, PERRIN P. Measurement of adenoma detection and discrimination during colonoscopy in routine practice: an exploratory study.Gastrointest Endosc. 2011 Dec;74(6):1325-36.<\/p>\n<p>BRETAGNE JF, HAMONIC S, <strong>PIETTE C<\/strong>, MANFREDI S, MALLARD G, <strong>DURAND G<\/strong>, RIOU F. Neoplasia detection rates after positive fecal occult blood test results are not affected by endoscopy center: a population-based study.Gastrointest Endosc. 2011 Jul;74(1):141-7.<\/p>\n<p>MANFREDI S, PHILIP J, CAMPILLO B, <strong>PIETTE C<\/strong>, <strong>DURAND G<\/strong>, RIOU F, BRETAGNE JF. The positive predictive value of guaiac faecal occult blood test in relation to the number of positive squares in two consecutive rounds of colorectal cancer screening. Eur J Cancer Prev. 2011 Jul;20(4):277-82.<\/p>\n<p>BRETAGNE JF, MANFREDI S, <strong>PIETTE C<\/strong>, HAMONIC S, <strong>DURAND G<\/strong>, RIOU F. Yield of high-grade dysplasia based on polyp size detected at colonoscopy: a series of 2295 examinations following a positive fecal occult blood test in a population-based study. Dis Colon Rectum. 2010 Mar;53(3):339-45.<\/p>\n<p>BRETAGNE JF, HAMONIC S, <strong>PIETTE C<\/strong>, MANFREDI S, LERAY E, <strong>DURAND G<\/strong>, RIOU F. Variations between endoscopists in rates of detection of colorectal neoplasia and their impact on a regional screening program based on colonoscopy after fecal occult blood testing. Gastrointest Endosc. 2010 Feb;71(2):335-41.<\/p>\n<p>COMIT\u00c9 F\u00c9MININ 35, ADECI 35, <strong> ICONES,<\/strong> Elisa Qu\u00e9m\u00e9neur, D\u00e9pistage des cancers et populations en situation de pr\u00e9carit\u00e9\u00a0: conception, mise en \u0153uvre et \u00e9valuation d\u2019une action sp\u00e9cifique de mobilisation, 2009, \u00e9tude INCA 2008\/2009. Etude pr\u00e9sent\u00e9e \u00e0 l\u2019INVS, novembre 2009.<\/p>\n<p>COMIT\u00c9 F\u00c9MININ 35, ADECI 35, <strong> ICONES,<\/strong> Elisa Qu\u00e9m\u00e9neur, D\u00e9pistage des cancers et populations en situation de pr\u00e9carit\u00e9\u00a0: conception, mise en \u0153uvre et \u00e9valuation d\u2019une action sp\u00e9cifique de mobilisation, 2009, \u00e9tude INCA 2008\/2009. Etude pr\u00e9sent\u00e9e \u00e0 l\u2019INVS, novembre 2009.<\/p>\n<p>LAVOU\u00c9 V, GAUTIER C, <strong>PIETTE C<\/strong>, POR\u00c9E P, MESBAH H, FOUCHER F, VIALARD J, LEV\u00caQUE J. [Cytological study of 191 women with invasive cancer of the uterine cervix in Brittany, France]. J Gynecol Obstet Biol Reprod (Paris). 2009 Sep;38(5):396-403.<\/p>\n<p>MANFREDI S, <strong>PIETTE C<\/strong>, <strong>DURAND G<\/strong>, PLIHON G, MALLARD G, BRETAGNE JF. Colonoscopy results of a French regional FOBT-based colorectal cancer screening program with high compliance. Endoscopy. 2008 May;40(5):422-7.<\/p>\n<p>CLAPPIER P, MALLARD G, BRETAGNE JF, <strong>PIETTE C<\/strong>, <strong>DURAND G<\/strong>\u00a0; \u00c9tude des motifs de non participation \u00e0 la campagne de d\u00e9pistage du cancer colorectal\u00a0; Gastroenterol Clin Biol 2006;30: A141<\/p>\n<p>FAIVRE J, DANCOURT V, LEJEUNE C, TAZI MA, LAMOUR J, <strong> \u00a0DURAND G<\/strong> ET AL. Reduction in colorectal cancer mortality by fecal occult blood screening in a French controlled study. Gastroenterology 2004;126:1674-80.<\/p>\n<p>RIOU F, <strong>PIETTE C<\/strong>, EVRARD MY, <strong>DURAND G<\/strong>, BOHEC C, DE KORVIN B. [Breast cancer screening and medical consumption]. Rev Epidemiol Sante Publique. 2000 Aug;48(4):333-40.<\/p>\n<p>MAZURIER, H. LE NEEL, C. CORRE, <strong>C. PIETTE.<\/strong> D\u00e9pistage des cancers du col de l&rsquo;ut\u00e9rus par les m\u00e9decins g\u00e9n\u00e9ralistes. Etude de la pratique des frottis cervicaux chez les patientes \u00e2g\u00e9es de 25 \u00e0 65 ans de 26 m\u00e9decins du pays de Rennes. Revue du praticien m\u00e9decine g\u00e9n\u00e9rale. N\u00b0486, 2000\/01\/31, pages 207-213.<\/p>\n<p>DE KORVIN B, COURTEL ML, BOHEC C, <strong> DURAND G<\/strong>, <strong>PIETTE C<\/strong>, LE FR\u00caCHE JN, DUVAUFERRIER R, RAM\u00c9E A. [Radiologic analysis of known-interval cancers after 2 years of organized mass screening for breast cancer in Ille-et-Vilaine]. J Radiol. 1998 Nov;79(11):1379-86.<\/p>\n<p>LACOUR A, MAMELLE N, ARNOLD F, BAZIN B, BOHEC C, BREGEAULT A, CHAPERON J, DUBUC M, DURU G, EXBRAYAT C, FONTAINE D, MANUEL C, OBADIA Y, <strong>PIETTE C<\/strong>, SAN MARCO\u00a0 JL, SCHAFFER P, TRUGEON A, BREMOND A, CHARLES R, COHEN M, CORDIER B, DUBREUIL A, NAMER M, RENAUD R, ALLEMAND H, ET AL. [Mass screening programs for breast cancer in France. Comparative evaluation]. J Gynecol Obstet Biol Reprod (Paris). 1997;26(5):470-83.<\/p>\n<p>LACOUR A, MAMELLE N, ARNOLD F, BAZIN B, BOHEC C, BR\u00c9GEAULT A, CHAPERON J, DUBUC M, DURU G, EXBRAYAT C, FONTAINE D, MANUEL C, OBADIA Y, <strong>PIETTE C<\/strong>, SAN MARCO JL, SCHAFFER P, TRUGEON A, ALLEMAND H. Mass screening programs for breast cancer in France&#8211;average values of assessment criteria. Cancer Detect Prev.1997;21(3):221-30.<\/p>\n<p>MAMELLE , A. LACOUR,\u00a0 F. ARNOLD, B. BAZIN, C. BOHEC, A. BREGEAULT, J. CHAPERON, M. DUBUC, G. DURU, C. EXBRAYAT, D. FONTAINE, Y. OBADIA, <strong>C. PIETTE<\/strong>, J.L. SAN MARCO, P. SCHAFFER, A. TRUGEON, C. MANUEL, A. BREMOND, R. CHARLES, M. COHEN, A. DUBREUIL, N. NAMER, B. CORDIER, R. RENAUD, M. THIRION, P. WINCKEL, M. BOLLA, J.P. GIORDANELLA, J.M. BENECH, H. ALLEMAND : R\u00e9sultats des programmes de d\u00e9pistage de masse du cancer du sein en France. La Presse M\u00e9dicale, 16 novembre 1996, 25, n\u00b035.<\/p>\n<p>MAMELLE N, LACOUR A, ARNOLD F, BAZIN B, BOHEC C, BREGEAULT A, CHAPERON J, DUBUC M, DURU G, EXBRAYAT C, FONTAINE D, OBADIA Y, <strong>PIETTE C<\/strong>, SAN MARCO JL, SCHAFFER P, TRUGEON A, MANUEL C, BREMOND A, CHARLES R, COHEN M, DUBREUIL A, NAMER M, CORDIER B, RENAUD R, ALLEMAND H, ET AL. Results of mass screening programs for breast cancer in France. Presse Med. 1996 Nov 16;25(35):1663-6. Review.<\/p>\n<p>MAMELLE N, LACOUR A, ANES A, BAZIN B, CHAPERON J, DURU G, <strong>PIETTE C<\/strong>, SAN MARCO JL, SCHAFFER P, ARNOLD F, ET AL. Experience in mass screening of breast cancer with mammography in France. Rev Epidemiol Sante Publique. 1994;42(1):34-49.<\/p>\n<p>ARVEUX P., <strong>DURAND G<\/strong>., MILOR C., BEDENNE L., LEVY D., BUI DAN HA DOAN, FAIVRE J., Views of a general population on mass screening for colorectal cancer: the burgurdy study, Prev. Med., 1992 ; 21 : 574-581.<\/p>\n<p>\u00a0<\/p>\n<h3>Maison de sant\u00e9 et m\u00e9decine g\u00e9n\u00e9rale &#8211; Premier recours<\/h3>\n<p><strong>Publications,<\/strong> <strong> participation \u00e0 ouvrage collectif<\/strong><\/p>\n<p><strong>G. DURAND.<\/strong> Quels projets de sant\u00e9 pour les maisons de sant\u00e9 ? Prescrire. 2018;38 (417) : 539-542<\/p>\n<p>C\u00e9cile Fournier (Irdes), <strong>Isabelle Bourgeois (Icone M\u00e9diation Sant\u00e9, Irdes),<\/strong> Michel Naiditch (Irdes). Action de sant\u00e9 lib\u00e9rale en \u00e9quipe (Asal\u00e9e) : un espace de transformation des pratiques en soins primaires. Questions d\u2019\u00e9conomies de la Sant\u00e9 &#8211; N\u00b0 232 &#8211; Avril 2018. <strong><a style=\"color: #ff6600;\" href=\"http:\/\/www.irdes.fr\/recherche\/questions-d-economie-de-la-sante\/232-action-de-sante-liberale-en-equipe-asalee.pdf\">D\u00e9couvrir l&rsquo;article<\/a><\/strong><\/p>\n<p><strong>I. BOURGEOIS.<\/strong> Les dimensions cognitives de l\u2019intervention en sant\u00e9 publique\u00a0: l\u2019accompagnement de deux projets de sant\u00e9 de premier recours en milieu rural. Sant\u00e9 Publique, n\u00b0 3, mai-juin 2015 &#8211; p. 343-351<\/p>\n<p><strong>G. DURAND.<\/strong> Les maisons de sant\u00e9 : beaucoup de bruit\u2026 pour quelque chose. Prescrire. 2012;32 (346): 614-619.<\/p>\n<p><strong>G. DURAND.<\/strong> Les maisons de sant\u00e9 en France en 2012, \u00e0 partir de l\u2019analyse d\u2019une soixantaine de projets. Prescrire. 2012;32 (346): 620-625.<\/p>\n<p><strong> G. DURAND.<\/strong> Les regroupements de professionnels de sant\u00e9 ailleurs qu\u2019en France. Prescrire 2012;32 (346): 617.<\/p>\n<p><strong>G DURAND, K. GUILLOUX, V. BAUDOT. <\/strong>Participation \u00e0 la valorisation d\u2019initiatives innovantes dans le domaine du soin sous forme de participation \u00e0 diff\u00e9rents articles pour Prescrire\u00a0de 2012 \u00e0 2016: MSP Vanault-les-Dames \/ P\u00f4le de sant\u00e9 Mayenne \/ Fili\u00e8res g\u00e9riatriques Saint Malo \/ R\u00e9seau de sant\u00e9 de B\u00e9ziers,\u00a0 CLSM Dijon \u00a0\u00a0\u00a0\u00a0\u00a0\u00a0<\/p>\n<p>RIOU F, <strong>PIETTE C<\/strong>, <strong>DURAND G<\/strong>, CHAPERON J. Results of a 12-month quality-circle prescribing improvement programme for GPs. Br J Gen Pract. 2007 Jul;57(540):574-6.<\/p>\n<p><strong>I. BOURGEOIS.\u00a0<\/strong>\u00ab\u00a0Le m\u00e9decin traitant dans la r\u00e9forme de l&rsquo;Assurance Maladie. Une \u00e9tape symbolique pour la cause g\u00e9n\u00e9raliste\u00a0\u00bb, Esprit, F\u00e9vrier 2005.<\/p>\n<p>\u00a0<\/p>\n<p><strong>Ouvrage, coordination d&rsquo;un num\u00e9ro sp\u00e9cial de revue, coordination d&rsquo;un ouvrage collectif<\/strong><\/p>\n<p><strong> I. BOURGEOIS.<\/strong> \u00ab Le m\u00e9decin g\u00e9n\u00e9raliste dans le travail m\u00e9dical de premier recours, entre dynamiques locales et logiques de client\u00e8le. Les cas de quatre espaces relationnels en m\u00e9decine g\u00e9n\u00e9rale \u00bb. Th\u00e8se soutenue \u00e0 l\u2019Institut d\u2019\u00c9tudes Politiques de Paris le 29 mai 2007 sous la direction de Francis Pav\u00e9.<\/p>\n<p><strong> G. DURAND,<\/strong> J.F. DONNARD. Les nouveaux champs d&rsquo;activit\u00e9 du praticien : \u00e9pid\u00e9miologie de terrain, recherche clinique, pr\u00e9vention, \u00e9ducation sanitaire, sant\u00e9 communautaire. Union Nationale des Associations de Formation M\u00e9dicale Continue. (U.N.A.F.O.R.M.E.C.), 1985. 239 p.<\/p>\n<p><strong>G. DURAND, <\/strong>F. RIOU et coll. Pr\u00e9vention, Epid\u00e9miologie, Evaluation : Beaucoup de bruit pour quelque chose. Pratiques ou les cahiers de la m\u00e9decine utopique, n\u00b0 54-55, 01\/11\/1982, 128 p.<\/p>\n<p>\u00a0<\/p>\n<p><strong>Communication<\/strong><\/p>\n<p><strong>I. BOURGEOIS.<\/strong> M\u00e9decins g\u00e9n\u00e9ralistes et m\u00e9decins sp\u00e9cialistes : des dynamiques d&rsquo;adressage instables, ou comment prendre position entre ses patients et ses pairs, Colloque ENSP-AFS. Approches sociologiques de la m\u00e9decine g\u00e9n\u00e9rale, Juin 2006.<\/p>\n<p><strong>I. BOURGEOIS.\u00a0 <\/strong>Approche institutionnelle de la m\u00e9decine g\u00e9n\u00e9rale, Colloque ENSP-AFS. Approches sociologiques de la m\u00e9decine g\u00e9n\u00e9rale, Mai 2006.<\/p>\n<p><strong>I. BOURGEOIS<\/strong>.\u00a0\u00a0 Les mod\u00e8les de relation m\u00e9decin-patient en sociologie, 4\u00e8mem Congr\u00e8s International de Recherche en M\u00e9decine G\u00e9n\u00e9rale, Novembre 2005.<\/p>\n<p><strong>I. BOURGEOIS.\u00a0\u00a0 <\/strong>Savoir formel, savoir \u00e9labor\u00e9 \u00e0 partir des situations de travail. Quels savoirs en m\u00e9decine g\u00e9n\u00e9rale ? Les pratiques m\u00e9dicales face aux recommandations de pratiques, Conf\u00e9rence interm\u00e9diaire du RC 52 Sociologie des groupes professionnels de l&rsquo;Association Internationale de Sociologie. Savoir, travail, organisation, Septembre 2004.<\/p>\n<p><strong>I. BOURGEOIS.\u00a0\u00a0\u00a0 <\/strong>Dynamiques d&rsquo;adressage du patient et r\u00e9seaux de correspondants en m\u00e9decine g\u00e9n\u00e9rale, Pr\u00e9sentation aux journ\u00e9es FROG : \u00ab\u00a0Organisations, communaut\u00e9s, r\u00e9seaux : les nouvelles formes de l&rsquo;action collective\u00a0\u00bb, 2002.<\/p>\n<p><strong>I. BOURGEOIS.\u00a0 <\/strong>Interactions entre patient et m\u00e9decin g\u00e9n\u00e9raliste en situation de premier recours, S\u00e9minaire doctorants organis\u00e9 par le Centre de Sociologie de l&rsquo;Innovation sur le th\u00e8me de l&rsquo;interaction entre patients et soignants, 2001.<\/p>\n<p><strong>I. BOURGEOIS.\u00a0 <\/strong>Sp\u00e9cificit\u00e9s de la pratique m\u00e9dicale g\u00e9n\u00e9raliste : un premier recours pour le patient, Pr\u00e9sentation aux journ\u00e9es de communication de la Soci\u00e9t\u00e9 Fran\u00e7aise de M\u00e9decine G\u00e9n\u00e9rale, 2001.<\/p>\n<p>\u00a0<\/p>\n<h3>Territoire et sant\u00e9 &#8211; Institutions et collectivit\u00e9 locales<\/h3>\n<p><strong>Publications,<\/strong> <strong> participation \u00e0 ouvrage collectif<\/strong><\/p>\n<p><strong> I. BOURGEOIS.<\/strong> Les collectivit\u00e9s territoriales face \u00e0 la p\u00e9rennisation de l\u2019offre de soins de premier recours. L\u2019intervention d\u2019un dialogue entre \u00e9lus et professionnels de sant\u00e9 lib\u00e9raux. Retour d\u2019exp\u00e9riences d\u2019interventions en sant\u00e9 publique. In T. Alam, M. Gurrichaga, Collectivit\u00e9s, territoires et sant\u00e9. .Regards crois\u00e9s sur les fronti\u00e8res de la sant\u00e9, 2015, L\u2019Harmattan, p. 299-317<\/p>\n<p><strong>V. BAUDOT.<\/strong> L\u2019appui aux collectivit\u00e9s territoriales par l\u2019ing\u00e9nierie. Revue Actualit\u00e9 et dossier en sant\u00e9 publique (ADSP). N\u00b082, mars 2013.<\/p>\n<p><strong>V. BAUDOT.<\/strong> Avantages et limites du diagnostic local de sant\u00e9 : approche m\u00e9thodologique, prise en compte du contexte local et accompagnement des professionnels. Association \u00ab Elus, Sant\u00e9 Publique et Territoires \u00bb, 2009.<\/p>\n<p><strong>V. BAUDOT<\/strong>. Accompagnement d\u2019un groupe de travail du R\u00e9seau fran\u00e7ais des villes sant\u00e9 de l\u2019OMS pour la r\u00e9daction d\u2019un Guide sur les actions dans le domaine du cancer. R\u00e9seau Fran\u00e7ais des Villes-Sant\u00e9 de l\u2019Organisation Mondiale de la Sant\u00e9. 2005<\/p>\n<p>\u00a0<\/p>\n<p><strong>Ouvrage, coordination d&rsquo;un num\u00e9ro sp\u00e9cial de revue, coordination d&rsquo;un ouvrage collectif<\/strong><\/p>\n<p><strong>K. GUILLOUX &#8211; V. BAUDOT. <\/strong>Habitat social et sant\u00e9 mentale : cadre juridique et institutionnel, pratiques et ressources. L&rsquo;Union sociale pour l&rsquo;habitat. Rep\u00e8res n\u00b024. 2016\/10.<\/p>\n<p><strong>K. GUILLOUX. <\/strong>Sant\u00e9 et d\u00e9veloppement social urbain : outils et m\u00e9thodes. GRES 31 (Catherine Fabre, Ketty Guilloux) et Sant\u00e9 et communication (V\u00e9ra Ribault). Publication de la D\u00e9l\u00e9gation interminist\u00e9rielle \u00e0 la ville et au d\u00e9veloppement social urbain,Paris, 1992, 29 p.<\/p>\n<p><strong>K. GUILLOUX.<\/strong> La sant\u00e9 au Val Fourr\u00e9, Mantes-La-Jolie (78). Paris : Editions AIDDA, 1990\/06, 121 p., ann., ISBN 2-907226-07-X, FRA<\/p>\n<p>\u00a0<\/p>\n<p><strong>Communication<br \/><\/strong><\/p>\n<p>FERMON B., <strong>BOURGEOIS I.<\/strong>, SALLES C. Des nouveaux acteurs de la qualit\u00e9 : les r\u00e9f\u00e9rents qualit\u00e9 du secteur m\u00e9dico-social, Deuxi\u00e8me congr\u00e8s de l&rsquo;AFS. Session Action publique dans le champ de la sant\u00e9. Sociologie de la maladie et sant\u00e9, sociologie des professions, D\u00e9cembre 2006.<\/p>\n<p>FERMON B., <strong>BOURGEOIS I.,<\/strong> SALLES C. Guide pratique sur les d\u00e9marches qualit\u00e9 dans le secteur m\u00e9dico-social associatif, LEGOS-Universit\u00e9 Paris Dauphine, 2006.<\/p>\n<p><strong>\u00a0<\/strong><\/p>\n<h3>Approches populationnelles<\/h3>\n<p><strong>Publications,<\/strong> <strong> participation \u00e0 ouvrage collectif<\/strong><\/p>\n<p>GRIMAUD O, <strong>PIETTE C<\/strong>, CLAPPIER P, DEGUEN S, POMMIER J. [School sport injuries in the state schools of Ille-et-Vilaine (France)]. Arch Pediatr. 2007 Apr;14(4):392-3.<\/p>\n<p><strong>K. GUILLOUX.<\/strong> D\u00e9pistage et pr\u00e9vention des an\u00e9mies ferriptives chez les jeunes enfants. Echanges Sant\u00e9 Social, N\u00b075 (1994), pages 65-68<\/p>\n<p><strong>\u00a0<\/strong><strong>K. GUILLOUX. <\/strong>Le diagnostic local. Informations sociales, n\u00b0 26, 1993, pages 44-53, ISSN 0046-9459, FRA<\/p>\n<p>\u00a0<\/p>\n<p><strong>Ouvrage, coordination d&rsquo;un num\u00e9ro sp\u00e9cial de revue, coordination d&rsquo;un ouvrage collectif<\/strong><\/p>\n<p><strong>K. GUILLOUX<\/strong>. Accompagnement d\u2019un groupe de travail avec des \u00e9lus de plusieurs villes et r\u00e9daction d\u2019un Guide sur la sant\u00e9 des Gens du voyage. R\u00e9seau Fran\u00e7ais des Villes-Sant\u00e9 de l\u2019Organisation Mondiale de la Sant\u00e9. 2009<\/p>\n<p><strong>K. GUILLOUX.<\/strong>Les espaces sant\u00e9 jeunes &#8211; Sp\u00e9cificit\u00e9 et pertinence des pratiques professionnelles &#8211; 2003, publi\u00e9 par la Fondation de France<\/p>\n<p><strong>K. GUILLOUX.<\/strong> Pratiques en sant\u00e9-pr\u00e9carit\u00e9\u00a0: la sant\u00e9 publique \u00e0 l\u2019\u00e9preuve du terrain. Animation de groupes de travail et r\u00e9daction d\u2019un document m\u00e9thodologique. Ouvrage publi\u00e9 en d\u00e9cembre 1997 par le Minist\u00e8re de l&#8217;emploi et de la solidarit\u00e9-secr\u00e9tariat d&rsquo;\u00e9tat \u00e0 la sant\u00e9.<\/p>\n<p><strong>K. GUILLOUX.<\/strong> \u00ab\u00a0Mener un programme en sant\u00e9 des jeunes &#8211; Guide de conduite \u00e0 l\u2019\u00e9chelle d\u00e9partementale ou locale\u00a0\u00bb Publication &#8211; ouvrage publi\u00e9 en mai 1996 par la Direction G\u00e9n\u00e9rale de la Sant\u00e9 et par la Fondation de France.<\/p>\n<p>\u00a0<\/p>\n<h3>Pathologies particuli\u00e8res et th\u00e9rapeutiques<\/h3>\n<p><strong>Publications,<\/strong> <strong> participation \u00e0 ouvrage collectif<\/strong><\/p>\n<p>\u00a0<\/p>\n<p>HILL C, NICOT P, <strong>PIETTE C, LE GLEUT K, DURAND G,<\/strong> TOUSSAINT B. \u00ab\u00a0Domperidone-attributable deaths in France\u00a0\u00bb in press 2015 Pharmacoepidemiology and Drug Safety.<\/p>\n<p>URFALINO P., BONETTI E., DALGALARRONDO S., HAURAY B., <strong>BOURGEOIS I.<\/strong> Les recommandations \u00e0 l&rsquo;aune des pratiques. Le cas de l&rsquo;asthme et du d\u00e9pistage du cancer du sein, Rapport CSO-Union R\u00e9gionale des m\u00e9decins lib\u00e9raux de Poitou-Charentes, 51 pages, 2002.<\/p>\n<p>ROBERT, P.J. TOULEMONT, <strong>C. PIETTE,<\/strong> D. BAUDET, A. LE CALLONNEC, M. URVOY : Indications et r\u00e9sultats des k\u00e9ratoplasties perforantes \u00e0 propos de 112 cas, Bull. Soc. Opht. France, 1993, XCIII.<\/p>\n<p>HERBIN M, <strong>PIETTE C<\/strong>, VENOT A, DEVAUX JY, REIGNEAU O, BOMPART F, OPRIOU A, LETRAIT M, DE LAUTURE D, STRAUCH G. Automated analysis of the McKenzie test through color slide digitization and processing. Methods Find Exp Clin Pharmacol. 1991 Sep;13(7):499-503<\/p>\n<p><strong>PIETTE,<\/strong> J. CHAPERON, D. DELAMAIRE, C. CATTENOZ : Pr\u00e9valence des infections nosocomiales dans un service hospitalier de g\u00e9riatrie. La Revue de G\u00e9riatrie, Mars 1991, Tome 16, N\u00b03.<\/p>\n<p>HERESBACH D, BRETAGNE JF, RAOUL JL, CHAPERON J, <strong>PIETTE C<\/strong>, SIPROUDHIS L, GASTARD J, GOSSELIN M. Prognosis and prognostic factors of hemorrhage by rupture of varices in cirrhotic patients in the era of endoscopic sclerotherapy. Gastroenterol Clin Biol. 1991;15(11):838-44.<\/p>\n<p>HERBIN M, VENOT A, DEVAUX JY, <strong>PIETTE C<\/strong>. Color quantitation through image processing in dermatology. IEEE Trans Med Imaging. 1990;9(3):262-9.<\/p>\n<p><strong>PIETTE C<\/strong>, DE MOUZON J, BACHELOT A, SPIRA A. In-vitro fertilization: influence of women&rsquo;s age on pregnancy rates. Hum Reprod. 1990 Jan;5(1):56-9.<\/p>\n<p>HERBIN, <strong>C. PIETTE,<\/strong> J.Y. DEVAUX, A. VENOT : Analyse automatis\u00e9e du test de Mac Kenzie et nouvelle m\u00e9thode d&rsquo;\u00e9valuation des traitements du psoriasis. Informatique et M\u00e9dicaments, 2, Edition Springer-Verlag, 1989.<\/p>\n<p>FIVNAT pr\u00e9sent\u00e9 par J. DE MOUZON, J. BELLAISH-ALLART, J. DUBUISSON, J. MONTAGUS, J. TESTART, A. BACHELOT, <strong>C. PIETTE<\/strong> : Dossier FIVNAT &#8211; Analyse des r\u00e9sultats 1986. G\u00e9n\u00e9ralit\u00e9s, indication, stimulation, rang de la tentative, \u00e2ge de le femme. Contr. Fert. Sexual., 1987, 15 : 740-746<\/p>\n<p>\u00a0<\/p>\n","protected":false},"excerpt":{"rendered":"<p>Nos publications Les publications des membres d\u2019Icone M\u00e9diation Sant\u00e9 sont pr\u00e9sent\u00e9es par grandes th\u00e9matiques\u00a0: D\u00e9pistage \u00a0 Maison de sant\u00e9 et m\u00e9decine g\u00e9n\u00e9rale &#8211; Premier recours \u00a0 Territoire et sant\u00e9 &#8211; Institutions et collectivit\u00e9s locales \u00a0 Approches populationnelles \u00a0 Pathologies particuli\u00e8res et th\u00e9rapeutiques \u00a0 D\u00e9pistage Publications, participation \u00e0 ouvrage collectif PIETTE\u2026<\/p>\n<p> <a class=\"continue-reading-link\" href=\"http:\/\/www.iconemediationsante.fr\/icone-new\/?page_id=3487\"><span>Lire la suite<\/span><i class=\"icon-right-dir\"><\/i><\/a><\/p>\n","protected":false},"author":2,"featured_media":0,"parent":0,"menu_order":0,"comment_status":"closed","ping_status":"closed","template":"","meta":[],"tags":[],"_links":{"self":[{"href":"http:\/\/www.iconemediationsante.fr\/icone-new\/index.php?rest_route=\/wp\/v2\/pages\/3487"}],"collection":[{"href":"http:\/\/www.iconemediationsante.fr\/icone-new\/index.php?rest_route=\/wp\/v2\/pages"}],"about":[{"href":"http:\/\/www.iconemediationsante.fr\/icone-new\/index.php?rest_route=\/wp\/v2\/types\/page"}],"author":[{"embeddable":true,"href":"http:\/\/www.iconemediationsante.fr\/icone-new\/index.php?rest_route=\/wp\/v2\/users\/2"}],"replies":[{"embeddable":true,"href":"http:\/\/www.iconemediationsante.fr\/icone-new\/index.php?rest_route=%2Fwp%2Fv2%2Fcomments&post=3487"}],"version-history":[{"count":46,"href":"http:\/\/www.iconemediationsante.fr\/icone-new\/index.php?rest_route=\/wp\/v2\/pages\/3487\/revisions"}],"predecessor-version":[{"id":5265,"href":"http:\/\/www.iconemediationsante.fr\/icone-new\/index.php?rest_route=\/wp\/v2\/pages\/3487\/revisions\/5265"}],"wp:attachment":[{"href":"http:\/\/www.iconemediationsante.fr\/icone-new\/index.php?rest_route=%2Fwp%2Fv2%2Fmedia&parent=3487"}],"wp:term":[{"taxonomy":"post_tag","embeddable":true,"href":"http:\/\/www.iconemediationsante.fr\/icone-new\/index.php?rest_route=%2Fwp%2Fv2%2Ftags&post=3487"}],"curies":[{"name":"wp","href":"https:\/\/api.w.org\/{rel}","templated":true}]}}