{"id":3307,"date":"2016-02-02T21:07:07","date_gmt":"2016-02-02T20:07:07","guid":{"rendered":"http:\/\/..\/?page_id=3307"},"modified":"2026-04-15T14:46:29","modified_gmt":"2026-04-15T13:46:29","slug":"nos-partenaires","status":"publish","type":"page","link":"http:\/\/www.iconemediationsante.fr\/icone-new\/?page_id=3307","title":{"rendered":"Nos partenaires"},"content":{"rendered":"<p>\t\t<img width=\"900\" height=\"84\" src=\"http:\/\/www.iconemediationsante.fr\/icone-new\/wp-content\/uploads\/bandeau-valeurs-1600x150.png\" alt=\"\" loading=\"lazy\" srcset=\"https:\/\/www.iconemediationsante.fr\/icone-new\/wp-content\/uploads\/bandeau-valeurs.png 1600w, https:\/\/www.iconemediationsante.fr\/icone-new\/wp-content\/uploads\/bandeau-valeurs-300x28.png 300w, https:\/\/www.iconemediationsante.fr\/icone-new\/wp-content\/uploads\/bandeau-valeurs-768x72.png 768w, https:\/\/www.iconemediationsante.fr\/icone-new\/wp-content\/uploads\/bandeau-valeurs-1030x97.png 1030w, https:\/\/www.iconemediationsante.fr\/icone-new\/wp-content\/uploads\/bandeau-valeurs-250x23.png 250w, https:\/\/www.iconemediationsante.fr\/icone-new\/wp-content\/uploads\/bandeau-valeurs-150x14.png 150w\" sizes=\"(max-width: 900px) 100vw, 900px\" \/>\t\t<\/p>\n<h1>\n\t\t\t\t\tNos partenaires<br \/>\n\t\t\t\t<\/h1>\n<\/p>\n<h5 align=\"justify\"><strong>Dans le cadre de ses prestations, Icone M\u00e9diation Sant\u00e9, b\u00e9n\u00e9ficie d\u2019un r\u00e9seau de partenaires avec lesquels les collaborations sont r\u00e9guli\u00e8res.<\/strong><br \/><\/h5>\n<p align=\"justify\">\u00a0<\/p>\n<p>\t\t\t\t\t\t<a href=\"http:\/\/www.prescrire.org\" target=\"_blank\" rel=\"noopener\"><br \/>\n\t\t<img width=\"250\" height=\"73\" src=\"http:\/\/www.iconemediationsante.fr\/icone-new\/wp-content\/uploads\/logo_prescrire-250x73.jpg\" alt=\"\" loading=\"lazy\" srcset=\"https:\/\/www.iconemediationsante.fr\/icone-new\/wp-content\/uploads\/logo_prescrire-250x73.jpg 250w, https:\/\/www.iconemediationsante.fr\/icone-new\/wp-content\/uploads\/logo_prescrire-300x87.jpg 300w, https:\/\/www.iconemediationsante.fr\/icone-new\/wp-content\/uploads\/logo_prescrire-150x44.jpg 150w, https:\/\/www.iconemediationsante.fr\/icone-new\/wp-content\/uploads\/logo_prescrire.jpg 333w\" sizes=\"(max-width: 250px) 100vw, 250px\" \/>\t\t\t\t<\/a><\/p>\n<h2><a href=\"http:\/\/www.prescrire.org\">La Revue Prescrire<br \/>\n<\/a><\/h2>\n<p style=\"margin: 0cm; margin-bottom: .0001pt;\">La grande revue m\u00e9dicale et de sant\u00e9 publique fran\u00e7aise. La r\u00e9f\u00e9rence en terme de rigueur d\u2019analyse, d\u2019ind\u00e9pendance, sans subvention, ni publicit\u00e9, ni actionnaire, ni sponsor.<\/p>\n<p>\t\t\t\t\t\t<a href=\"http:\/\/www.codra-conseil.com\/\" target=\"_blank\" rel=\"noopener\"><br \/>\n\t\t<img width=\"300\" height=\"99\" src=\"http:\/\/www.iconemediationsante.fr\/icone-new\/wp-content\/uploads\/CODRA-300x99.png\" alt=\"\" loading=\"lazy\" srcset=\"https:\/\/www.iconemediationsante.fr\/icone-new\/wp-content\/uploads\/CODRA-300x99.png 300w, https:\/\/www.iconemediationsante.fr\/icone-new\/wp-content\/uploads\/CODRA-250x83.png 250w, https:\/\/www.iconemediationsante.fr\/icone-new\/wp-content\/uploads\/CODRA-150x50.png 150w, https:\/\/www.iconemediationsante.fr\/icone-new\/wp-content\/uploads\/CODRA.png 335w\" sizes=\"(max-width: 300px) 100vw, 300px\" \/>\t\t\t\t<\/a><\/p>\n<h2><a href=\"http:\/\/www.codra-conseil.com\/\">Codra<\/a><\/h2>\n<p>Bureau d&rsquo;\u00e9tudes, de conseils et d&rsquo;aide \u00e0 la d\u00e9cision en am\u00e9nagement du territoire situ\u00e9 en r\u00e9gion parisienne. Une collaboration enrichissante sur des missions men\u00e9es en commun.<\/p>\n<p>\t\t\t\t\t\t<a href=\"http:\/\/www.orsbretagne.fr\" target=\"_blank\" rel=\"noopener\"><br \/>\n\t\t<img width=\"300\" height=\"108\" src=\"http:\/\/www.iconemediationsante.fr\/icone-new\/wp-content\/uploads\/ORS-Bretagne-300x108.png\" alt=\"\" loading=\"lazy\" srcset=\"https:\/\/www.iconemediationsante.fr\/icone-new\/wp-content\/uploads\/ORS-Bretagne-300x108.png 300w, https:\/\/www.iconemediationsante.fr\/icone-new\/wp-content\/uploads\/ORS-Bretagne-250x90.png 250w, https:\/\/www.iconemediationsante.fr\/icone-new\/wp-content\/uploads\/ORS-Bretagne-150x54.png 150w, https:\/\/www.iconemediationsante.fr\/icone-new\/wp-content\/uploads\/ORS-Bretagne.png 317w\" sizes=\"(max-width: 300px) 100vw, 300px\" \/>\t\t\t\t<\/a><\/p>\n<h2><a href=\"http:\/\/orsbretagne.typepad.fr\/ors_bretagne\/\" target=\"_blank\" rel=\"noopener\">Observatoire R\u00e9gional de Sant\u00e9 Bretagne<\/a><\/h2>\n<p style=\"margin: 0cm; margin-bottom: .0001pt;\">Un observatoire renomm\u00e9 pour la qualit\u00e9 de ses travaux<\/p>\n<p>\t\t\t\t\t\t<a href=\"http:\/\/www.uvsq.fr\" target=\"_blank\" rel=\"noopener\"><br \/>\n\t\t<img width=\"203\" height=\"97\" src=\"http:\/\/www.iconemediationsante.fr\/icone-new\/wp-content\/uploads\/Ankri-1.png\" alt=\"\" loading=\"lazy\" srcset=\"https:\/\/www.iconemediationsante.fr\/icone-new\/wp-content\/uploads\/Ankri-1.png 203w, https:\/\/www.iconemediationsante.fr\/icone-new\/wp-content\/uploads\/Ankri-1-150x72.png 150w\" sizes=\"(max-width: 203px) 100vw, 203px\" \/>\t\t\t\t<\/a><\/p>\n<h2><a href=\"http:\/\/www.uvsq.fr\" target=\"_blank\" rel=\"noopener\">Universit\u00e9 de Versailles &#8211; D\u00e9partement Universitaire Sant\u00e9 Publique Paris XIII<\/a><\/h2>\n<p style=\"margin: 0cm; margin-bottom: .0001pt;\">Collaboration avec le Professeur Jo\u00ebl Ankri, Professeur de sant\u00e9 publique<\/p>\n<p style=\"margin: 0cm; margin-bottom: .0001pt;\">\u00a0<\/p>\n<p>\t\t\t\t\t\t<a href=\"http:\/\/www.links.fr\/\" target=\"_blank\" rel=\"noopener\"><br \/>\n\t\t<img width=\"150\" height=\"51\" src=\"http:\/\/www.iconemediationsante.fr\/icone-new\/wp-content\/uploads\/links.png\" alt=\"\" loading=\"lazy\" \/>\t\t\t\t<\/a><\/p>\n<h2><a href=\"http:\/\/www.links.fr\/\" target=\"_blank\" rel=\"noopener\">Links<\/a><\/h2>\n<p style=\"margin: 0cm; margin-bottom: .0001pt;\">Monsieur Husson de la soci\u00e9t\u00e9 Links, soci\u00e9t\u00e9 d\u2019\u00e9dition, d\u2019int\u00e9gration et d\u2019exploitation informatique.Le cousu main en mati\u00e8re de logiciel de sant\u00e9 publique<\/p>\n<p>\t\t\t\t\t\t<a href=\"http:\/\/gcscapps.fr\" target=\"_blank\" rel=\"noopener\"><br \/>\n\t\t<img width=\"150\" height=\"53\" src=\"http:\/\/www.iconemediationsante.fr\/icone-new\/wp-content\/uploads\/capps-bretagne-2.png\" alt=\"\" loading=\"lazy\" \/>\t\t\t\t<\/a><\/p>\n<h2><a href=\"http:\/\/gcscapps.fr\" target=\"_blank\" rel=\"noopener\">GCS &#8211; CAPPS Bretagne<\/a><\/h2>\n<p style=\"margin: 0cm; margin-bottom: .0001pt;\">Structure de Coop\u00e9ration pour l\u2019Am\u00e9lioration des Pratiques Professionnelles en Sant\u00e9 Bretagne. <\/p>\n<p style=\"margin: 0cm; margin-bottom: .0001pt;\">David Veillard et Pascal Jarno<\/p>\n<p style=\"margin: 0cm; margin-bottom: .0001pt;\">Les d\u00e9marches qualit\u00e9 des \u00e9tablissements de sant\u00e9 en Bretagne<\/p>\n<p>\t\t\t\t\t\t<a href=\"http:\/\/www.houdart.org\/\" target=\"_blank\" rel=\"noopener\"><br \/>\n\t\t<img width=\"150\" height=\"47\" src=\"http:\/\/www.iconemediationsante.fr\/icone-new\/wp-content\/uploads\/CAB-OUDART-1.png\" alt=\"\" loading=\"lazy\" \/>\t\t\t\t<\/a><\/p>\n<h2><a href=\"http:\/\/www.houdart.org\/\" target=\"_blank\" rel=\"noopener\">Cabinet Houdard<\/a><\/h2>\n<p>\u00a0<\/p>\n<p>Claude Evin, nouveau membre du cabinet Oudard. Un grand ministre dans un cabinet de r\u00e9f\u00e9rence<\/p>\n<p style=\"margin: 0cm; margin-bottom: .0001pt;\">\u00a0<\/p>\n","protected":false},"excerpt":{"rendered":"<p>Nos partenaires Dans le cadre de ses prestations, Icone M\u00e9diation Sant\u00e9, b\u00e9n\u00e9ficie d\u2019un r\u00e9seau de partenaires avec lesquels les collaborations sont r\u00e9guli\u00e8res. \u00a0 La Revue Prescrire La grande revue m\u00e9dicale et de sant\u00e9 publique fran\u00e7aise. La r\u00e9f\u00e9rence en terme de rigueur d\u2019analyse, d\u2019ind\u00e9pendance, sans subvention, ni publicit\u00e9, ni actionnaire, ni\u2026<\/p>\n<p> <a class=\"continue-reading-link\" href=\"http:\/\/www.iconemediationsante.fr\/icone-new\/?page_id=3307\"><span>Lire la suite<\/span><i class=\"icon-right-dir\"><\/i><\/a><\/p>\n","protected":false},"author":1,"featured_media":0,"parent":4659,"menu_order":0,"comment_status":"closed","ping_status":"closed","template":"","meta":[],"tags":[],"_links":{"self":[{"href":"http:\/\/www.iconemediationsante.fr\/icone-new\/index.php?rest_route=\/wp\/v2\/pages\/3307"}],"collection":[{"href":"http:\/\/www.iconemediationsante.fr\/icone-new\/index.php?rest_route=\/wp\/v2\/pages"}],"about":[{"href":"http:\/\/www.iconemediationsante.fr\/icone-new\/index.php?rest_route=\/wp\/v2\/types\/page"}],"author":[{"embeddable":true,"href":"http:\/\/www.iconemediationsante.fr\/icone-new\/index.php?rest_route=\/wp\/v2\/users\/1"}],"replies":[{"embeddable":true,"href":"http:\/\/www.iconemediationsante.fr\/icone-new\/index.php?rest_route=%2Fwp%2Fv2%2Fcomments&post=3307"}],"version-history":[{"count":109,"href":"http:\/\/www.iconemediationsante.fr\/icone-new\/index.php?rest_route=\/wp\/v2\/pages\/3307\/revisions"}],"predecessor-version":[{"id":5634,"href":"http:\/\/www.iconemediationsante.fr\/icone-new\/index.php?rest_route=\/wp\/v2\/pages\/3307\/revisions\/5634"}],"up":[{"embeddable":true,"href":"http:\/\/www.iconemediationsante.fr\/icone-new\/index.php?rest_route=\/wp\/v2\/pages\/4659"}],"wp:attachment":[{"href":"http:\/\/www.iconemediationsante.fr\/icone-new\/index.php?rest_route=%2Fwp%2Fv2%2Fmedia&parent=3307"}],"wp:term":[{"taxonomy":"post_tag","embeddable":true,"href":"http:\/\/www.iconemediationsante.fr\/icone-new\/index.php?rest_route=%2Fwp%2Fv2%2Ftags&post=3307"}],"curies":[{"name":"wp","href":"https:\/\/api.w.org\/{rel}","templated":true}]}}