{"id":3242,"date":"2016-01-31T11:48:02","date_gmt":"2016-01-31T10:48:02","guid":{"rendered":"http:\/\/..\/?page_id=3242"},"modified":"2017-06-07T12:40:44","modified_gmt":"2017-06-07T11:40:44","slug":"valeurs-et-engagement","status":"publish","type":"page","link":"http:\/\/www.iconemediationsante.fr\/icone-new\/?page_id=3242","title":{"rendered":"Nos valeurs"},"content":{"rendered":"<p>\t\t<img loading=\"lazy\" width=\"900\" height=\"84\" src=\"http:\/\/www.iconemediationsante.fr\/icone-new\/wp-content\/uploads\/bandeau-valeurs-1600x150.png\" alt=\"\" srcset=\"http:\/\/www.iconemediationsante.fr\/icone-new\/wp-content\/uploads\/bandeau-valeurs.png 1600w, http:\/\/www.iconemediationsante.fr\/icone-new\/wp-content\/uploads\/bandeau-valeurs-300x28.png 300w, http:\/\/www.iconemediationsante.fr\/icone-new\/wp-content\/uploads\/bandeau-valeurs-768x72.png 768w, http:\/\/www.iconemediationsante.fr\/icone-new\/wp-content\/uploads\/bandeau-valeurs-1030x97.png 1030w, http:\/\/www.iconemediationsante.fr\/icone-new\/wp-content\/uploads\/bandeau-valeurs-250x23.png 250w, http:\/\/www.iconemediationsante.fr\/icone-new\/wp-content\/uploads\/bandeau-valeurs-150x14.png 150w\" sizes=\"(max-width: 900px) 100vw, 900px\" \/>\t\t<\/p>\n<h1>\n\t\t\t\t\tNos valeurs<br \/>\n\t\t\t\t<\/h1>\n<\/p>\n<h3>Au service des habitants et des professionnels<\/h3>\n<p>\u00a0<\/p>\n<p><strong>Au service des habitants et des professionnels<\/strong> : Recherche d\u2019une implication active des professionnels et habitants concern\u00e9s par la prestation<\/p>\n<p>\u00a0<\/p>\n<p><strong>Ind\u00e9pendance :<\/strong> Icone M\u00e9diation Sant\u00e9 est une soci\u00e9t\u00e9 anonyme au statut de Soci\u00e9t\u00e9 par Actions Simplifi\u00e9e (SAS). Le capital est d\u00e9tenu \u00e0 hauteur de 80% par l\u2019ensemble de son personnel. Un comit\u00e9 d\u2019\u00e9thique veille au respect des valeurs dans la r\u00e9alisation de nos prestations. Ces diff\u00e9rents aspects assurent l\u2019ind\u00e9pendance d\u2019Icone M\u00e9diation Sant\u00e9 vis-\u00e0-vis d\u2019institutions sanitaires ou m\u00e9dico-sociales, d\u2019industries ou de corporations. Elle fonctionne en co-gestion. Ses membres s\u2019engagent les uns vis-\u00e0-vis des autres \u00e0 partager les responsabilit\u00e9s et les d\u00e9cisions des fonctions de Pr\u00e9sidence et de Direction de la soci\u00e9t\u00e9 et \u00e0 en assumer les cons\u00e9quences juridiques, p\u00e9nales, fiscales et financi\u00e8res.<\/p>\n<p>\u00a0<\/p>\n<p><strong>Rigueur et souplesse<\/strong><\/p>\n<ul>\n<li>Rigueur scientifique,<\/li>\n<li>Respect des d\u00e9lais et des budgets<\/li>\n<li>Prestations modulables, adaptation aux besoins sp\u00e9cifiques du commanditaire<\/li>\n<\/ul>\n<p>\u00a0<\/p>\n<p><strong>Transparence et pr\u00e9vention des conflits d\u2019int\u00e9r\u00eat :<\/strong> Afin d\u2019\u00e9viter tout conflit d\u2019int\u00e9r\u00eat et d\u2019\u00eatre totalement ind\u00e9pendant dans ses conseils et interventions, Icone M\u00e9diation Sant\u00e9 refuse volontairement d\u2019\u00e9tendre ses prestations au-del\u00e0 de son m\u00e9tier de sant\u00e9 publique. Nous pouvons \u00eatre amen\u00e9s \u00e0 travailler, selon vos souhaits et besoins, avec des \u00e9diteurs de logiciel, juristes, promoteurs, architectes, programmistes, avec lesquels nous n\u2019entretenons aucun lien d\u2019int\u00e9r\u00eat. Par ailleurs, Icone M\u00e9diation Sant\u00e9 n\u2019a aucun lien d\u2019int\u00e9r\u00eat avec les laboratoires pharmaceutiques.<\/p>\n","protected":false},"excerpt":{"rendered":"<p>Nos valeurs Au service des habitants et des professionnels \u00a0 Au service des habitants et des professionnels : Recherche d\u2019une implication active des professionnels et habitants concern\u00e9s par la prestation \u00a0 Ind\u00e9pendance : Icone M\u00e9diation Sant\u00e9 est une soci\u00e9t\u00e9 anonyme au statut de Soci\u00e9t\u00e9 par Actions Simplifi\u00e9e (SAS). Le capital\u2026<\/p>\n<p> <a class=\"continue-reading-link\" href=\"http:\/\/www.iconemediationsante.fr\/icone-new\/?page_id=3242\"><span>Lire la suite<\/span><i class=\"icon-right-dir\"><\/i><\/a><\/p>\n","protected":false},"author":1,"featured_media":0,"parent":4659,"menu_order":0,"comment_status":"closed","ping_status":"closed","template":"","meta":[],"tags":[],"_links":{"self":[{"href":"http:\/\/www.iconemediationsante.fr\/icone-new\/index.php?rest_route=\/wp\/v2\/pages\/3242"}],"collection":[{"href":"http:\/\/www.iconemediationsante.fr\/icone-new\/index.php?rest_route=\/wp\/v2\/pages"}],"about":[{"href":"http:\/\/www.iconemediationsante.fr\/icone-new\/index.php?rest_route=\/wp\/v2\/types\/page"}],"author":[{"embeddable":true,"href":"http:\/\/www.iconemediationsante.fr\/icone-new\/index.php?rest_route=\/wp\/v2\/users\/1"}],"replies":[{"embeddable":true,"href":"http:\/\/www.iconemediationsante.fr\/icone-new\/index.php?rest_route=%2Fwp%2Fv2%2Fcomments&post=3242"}],"version-history":[{"count":29,"href":"http:\/\/www.iconemediationsante.fr\/icone-new\/index.php?rest_route=\/wp\/v2\/pages\/3242\/revisions"}],"predecessor-version":[{"id":4821,"href":"http:\/\/www.iconemediationsante.fr\/icone-new\/index.php?rest_route=\/wp\/v2\/pages\/3242\/revisions\/4821"}],"up":[{"embeddable":true,"href":"http:\/\/www.iconemediationsante.fr\/icone-new\/index.php?rest_route=\/wp\/v2\/pages\/4659"}],"wp:attachment":[{"href":"http:\/\/www.iconemediationsante.fr\/icone-new\/index.php?rest_route=%2Fwp%2Fv2%2Fmedia&parent=3242"}],"wp:term":[{"taxonomy":"post_tag","embeddable":true,"href":"http:\/\/www.iconemediationsante.fr\/icone-new\/index.php?rest_route=%2Fwp%2Fv2%2Ftags&post=3242"}],"curies":[{"name":"wp","href":"https:\/\/api.w.org\/{rel}","templated":true}]}}