{"id":12,"date":"2016-01-28T21:15:29","date_gmt":"2016-01-28T20:15:29","guid":{"rendered":"http:\/\/..\/?page_id=12"},"modified":"2017-06-27T15:53:23","modified_gmt":"2017-06-27T14:53:23","slug":"historique","status":"publish","type":"page","link":"http:\/\/www.iconemediationsante.fr\/icone-new\/?page_id=12","title":{"rendered":"Historique"},"content":{"rendered":"<p>\t\t<img loading=\"lazy\" width=\"900\" height=\"84\" src=\"http:\/\/www.iconemediationsante.fr\/icone-new\/wp-content\/uploads\/bandeau-historique-v3-1600x150.png\" alt=\"\" srcset=\"http:\/\/www.iconemediationsante.fr\/icone-new\/wp-content\/uploads\/bandeau-historique-v3.png 1600w, http:\/\/www.iconemediationsante.fr\/icone-new\/wp-content\/uploads\/bandeau-historique-v3-300x28.png 300w, http:\/\/www.iconemediationsante.fr\/icone-new\/wp-content\/uploads\/bandeau-historique-v3-768x72.png 768w, http:\/\/www.iconemediationsante.fr\/icone-new\/wp-content\/uploads\/bandeau-historique-v3-1030x97.png 1030w, http:\/\/www.iconemediationsante.fr\/icone-new\/wp-content\/uploads\/bandeau-historique-v3-250x23.png 250w, http:\/\/www.iconemediationsante.fr\/icone-new\/wp-content\/uploads\/bandeau-historique-v3-150x14.png 150w\" sizes=\"(max-width: 900px) 100vw, 900px\" \/>\t\t<\/p>\n<h1>\n\t\t\t\t\tHistorique<br \/>\n\t\t\t\t<\/h1>\n<\/p>\n<p style=\"text-align: left;\">\u00a0<\/p>\n<p>Les ann\u00e9es 1980 o\u00f9 les futurs\/nouveaux professionnels de sant\u00e9 r\u00eavaient d\u2019exercer diff\u00e9remment la m\u00e9decine.\u00a0En Midi-Pyr\u00e9n\u00e9es, Bourgogne, Bretagne et Ile de France, quelques m\u00e9decins fra\u00eechement sortis de l\u2019Universit\u00e9 participaient \u00e0 cette r\u00e9flexion.<\/p>\n<p>\u00a0<\/p>\n<ul>\n<li>A Toulouse, l\u2019opportunit\u00e9 s\u2019est concr\u00e9tis\u00e9e sous la forme de \u00ab recherches actions \u00bb aupr\u00e8s des publics particuliers : migrants et habitants de quartiers sensibles gr\u00e2ce \u00e0 des cr\u00e9dits r\u00e9gionalis\u00e9s de pr\u00e9vention propos\u00e9s par la DRASS. L\u2019association GRES B nait en 1982. Elle deviendra GRES 31, puis GRES MEDIATION SANTE (SARL) naitra en 1993.<\/li>\n<li>A Tournus et Dijon, des actions coordonn\u00e9es de sant\u00e9 publique se d\u00e9veloppent entre m\u00e9decins g\u00e9n\u00e9ralistes et universitaires sur les besoins locaux de sant\u00e9, l\u2019adaptation des actions de sant\u00e9 publique \u00e0 l\u2019exercice quotidien, l\u2019exp\u00e9rimentation de programmes de d\u00e9pistage des cancers.<\/li>\n<\/ul>\n<ul>\n<li>A Paris, tout ce petit monde se croise et se recroise notamment \u00e0 la MIRE, et en lien avec l\u2019\u00e9quipe de la Revue Prescrire avec laquelle beaucoup \u00e9changent, collaborent ou accompagnent sa d\u00e9marche.<\/li>\n<\/ul>\n<ul>\n<li>A Rennes, une dynamique de sant\u00e9 publique universitaire aide la rencontre entre ces acteurs et les jeunes internes (Association GRIS). Il en nait ICONES en 1991. Les premiers travaux concernent l\u2019organisation de programmes de d\u00e9pistage des cancers (conception, mise en \u0153uvre et \u00e9valuation), les projets d\u2019\u00e9tablissements sanitaires et m\u00e9dicosociaux, les alternatives \u00e0 l\u2019hospitalisation, la formation continue.<\/li>\n<\/ul>\n<p>\u00a0<\/p>\n<p>Les \u00e9quipes s\u2019enrichissent de sp\u00e9cialistes en sciences humaines (sociologues, \u00e9conomistes, g\u00e9ographe, \u2026), les ann\u00e9es passent, les travaux se diversifient. La prestation de service dans le domaine de la sant\u00e9 est n\u00e9e et reconnue.<\/p>\n<p>\u00a0<\/p>\n<p>Les \u00e9quipes de\u00a0 Rennes et Toulouse se rencontrent souvent, \u00e9changent leurs exp\u00e9riences, m\u00e8nent des missions en commun. Des participations crois\u00e9es aux capitaux des deux soci\u00e9t\u00e9s se mettent en place. Les deux structures se rapprochent et d\u00e9cident de n\u2019en faire plus qu\u2019une\u2026<\/p>\n<p>\u00a0<\/p>\n<p>Qu\u2019il soit ici rendu hommage aux personnalit\u00e9s qui ont permis, accompagn\u00e9, aid\u00e9, soutenu la r\u00e9flexion des membre de ce qu\u2019est devenu progressivement Icone m\u00e9diation sant\u00e9 et tout particuli\u00e8rement parmi les bonnes f\u00e9es et mages qui ont permis et veill\u00e9 sur notre parcours le Docteur Madeleine Leloup, les professeurs Jacques Chaperon, Bernard Pissaro et Jean Faivre, les docteurs Fran\u00e7oise Riou, Danielle et Gilles Bardelay. Sans eux \u2026<\/p>\n","protected":false},"excerpt":{"rendered":"<p>Historique \u00a0 Les ann\u00e9es 1980 o\u00f9 les futurs\/nouveaux professionnels de sant\u00e9 r\u00eavaient d\u2019exercer diff\u00e9remment la m\u00e9decine.\u00a0En Midi-Pyr\u00e9n\u00e9es, Bourgogne, Bretagne et Ile de France, quelques m\u00e9decins fra\u00eechement sortis de l\u2019Universit\u00e9 participaient \u00e0 cette r\u00e9flexion. \u00a0 A Toulouse, l\u2019opportunit\u00e9 s\u2019est concr\u00e9tis\u00e9e sous la forme de \u00ab recherches actions \u00bb aupr\u00e8s des publics\u2026<\/p>\n<p> <a class=\"continue-reading-link\" href=\"http:\/\/www.iconemediationsante.fr\/icone-new\/?page_id=12\"><span>Lire la suite<\/span><i class=\"icon-right-dir\"><\/i><\/a><\/p>\n","protected":false},"author":1,"featured_media":0,"parent":4659,"menu_order":0,"comment_status":"closed","ping_status":"closed","template":"","meta":[],"tags":[],"_links":{"self":[{"href":"http:\/\/www.iconemediationsante.fr\/icone-new\/index.php?rest_route=\/wp\/v2\/pages\/12"}],"collection":[{"href":"http:\/\/www.iconemediationsante.fr\/icone-new\/index.php?rest_route=\/wp\/v2\/pages"}],"about":[{"href":"http:\/\/www.iconemediationsante.fr\/icone-new\/index.php?rest_route=\/wp\/v2\/types\/page"}],"author":[{"embeddable":true,"href":"http:\/\/www.iconemediationsante.fr\/icone-new\/index.php?rest_route=\/wp\/v2\/users\/1"}],"replies":[{"embeddable":true,"href":"http:\/\/www.iconemediationsante.fr\/icone-new\/index.php?rest_route=%2Fwp%2Fv2%2Fcomments&post=12"}],"version-history":[{"count":70,"href":"http:\/\/www.iconemediationsante.fr\/icone-new\/index.php?rest_route=\/wp\/v2\/pages\/12\/revisions"}],"predecessor-version":[{"id":5036,"href":"http:\/\/www.iconemediationsante.fr\/icone-new\/index.php?rest_route=\/wp\/v2\/pages\/12\/revisions\/5036"}],"up":[{"embeddable":true,"href":"http:\/\/www.iconemediationsante.fr\/icone-new\/index.php?rest_route=\/wp\/v2\/pages\/4659"}],"wp:attachment":[{"href":"http:\/\/www.iconemediationsante.fr\/icone-new\/index.php?rest_route=%2Fwp%2Fv2%2Fmedia&parent=12"}],"wp:term":[{"taxonomy":"post_tag","embeddable":true,"href":"http:\/\/www.iconemediationsante.fr\/icone-new\/index.php?rest_route=%2Fwp%2Fv2%2Ftags&post=12"}],"curies":[{"name":"wp","href":"https:\/\/api.w.org\/{rel}","templated":true}]}}