{"id":1012,"date":"2013-04-03T16:06:54","date_gmt":"2013-04-03T16:06:54","guid":{"rendered":"http:\/\/www.kriesi.at\/themes\/enfold\/?page_id=1012"},"modified":"2025-04-28T08:28:01","modified_gmt":"2025-04-28T07:28:01","slug":"actualites","status":"publish","type":"page","link":"http:\/\/www.iconemediationsante.fr\/icone-new\/?page_id=1012","title":{"rendered":"Actualit\u00e9s"},"content":{"rendered":"<h1>\n\t\t\t\t\tActualit\u00e9s<br \/>\n\t\t\t\t<\/h1>\n<\/p>\n<p>\t\t<img width=\"300\" height=\"181\" src=\"http:\/\/www.iconemediationsante.fr\/icone-new\/wp-content\/uploads\/news-g2aa5af62a_1920-300x181.jpg\" alt=\"\" loading=\"lazy\" srcset=\"https:\/\/www.iconemediationsante.fr\/icone-new\/wp-content\/uploads\/news-g2aa5af62a_1920-300x181.jpg 300w, https:\/\/www.iconemediationsante.fr\/icone-new\/wp-content\/uploads\/news-g2aa5af62a_1920-768x464.jpg 768w, https:\/\/www.iconemediationsante.fr\/icone-new\/wp-content\/uploads\/news-g2aa5af62a_1920-1030x622.jpg 1030w, https:\/\/www.iconemediationsante.fr\/icone-new\/wp-content\/uploads\/news-g2aa5af62a_1920-248x150.jpg 248w, https:\/\/www.iconemediationsante.fr\/icone-new\/wp-content\/uploads\/news-g2aa5af62a_1920-150x91.jpg 150w, https:\/\/www.iconemediationsante.fr\/icone-new\/wp-content\/uploads\/news-g2aa5af62a_1920.jpg 1920w\" sizes=\"(max-width: 300px) 100vw, 300px\" \/>\t\t<\/p>\n<h2>Bureaux en co-living<\/h2>\n<p>Nous proposons des bureaux en co-living au sein de nos locaux de Rennes : 1 \u00e0 4 bureaux : surfaces de 9 m<sup>2<\/sup> \u00e0 12 m<sup>2<\/sup><\/p>\n<p><a href=\"https:\/\/www.ouestfrance-immo.com\/immobilier\/location\/divers\/rennes-35-35238\/18725266.htm?utm_source=email_relationnel&#038;utm_medium=email_interne&#038;utm_campaign=conf_publication_PA_gratuite&#038;utm_content=annonce\"><strong>Plus d&rsquo;informations<\/strong><\/a><\/p>\n<h2>Nouvelles prestations &#8230;<\/h2>\n<p><strong>Des nouveaux accompagnements aupr\u00e8s des professionnels de sant\u00e9 <\/strong>(\u00e9tude de faisabilit\u00e9, \u00e9laboration du projet de sant\u00e9, mise en \u0153uvre du projet de sant\u00e9)<strong> :<\/strong><\/p>\n<p>\u00a0<\/p>\n<ul>\n<li><strong>R\u00e9gion Bretagne <\/strong>: \u00e9laboration des projets de sant\u00e9 sur <strong>le quartier Cesson \u00e0 Saint Brieuc, quartier Longchamps \u00e0 Rennes, &#8230;<\/strong><\/li>\n<li><strong>R\u00e9gion Hauts de France\u00a0: <\/strong>accompagnement \u00e0 l\u2019\u00e9laboration des loyers pour la <strong>MSP de Mers-les-Bains.<\/strong><\/li>\n<\/ul>\n<ul>\n<li><strong>R\u00e9gion Normandie\u00a0:\u00a0<\/strong> Etude de faisabilit\u00e9 pour le <strong>PSLA Dives-sur-Mer \/ Cabourg \/ Houlgate<\/strong>, aide \u00e0 l&rsquo;\u00e9laboration du projet de sant\u00e9 pour le <strong>PSLA Le Neubourg.\u00a0 <\/strong><\/li>\n<\/ul>\n<p>\u00a0<\/p>\n<p><strong>Des nouvelles coordinations de p\u00f4les de sant\u00e9 <\/strong>(expertise de sant\u00e9 publique, aide \u00e0 l\u2019\u00e9laboration de protocoles, suivi et \u00e9valuation d\u2019actions de sant\u00e9 et du projet global, aide \u00e0 la gestion du p\u00f4le, &#8230;)<\/p>\n<ul>\n<li><strong>P\u00f4le de sant\u00e9 Bonchamp-Argentr\u00e9 <\/strong>(Pays de la Loire)<\/li>\n<li><strong>P\u00f4le m\u00e9dical Champeval <\/strong>(Ile de France)<strong><br \/><\/strong><\/li>\n<\/ul>\n<p>\u00a0<\/p>\n<p>Des nouveaux accompagnements \u00e0 l&rsquo;\u00e9laboration de projets de sant\u00e9 aupr\u00e8s des <strong>Communaut\u00e9s Professionnelles Territoriales de Sant\u00e9 (<\/strong>CPTS) :\u00a0<\/p>\n<ul>\n<li><strong>Aide \u00e0 la mise en oeuvre du projet de sant\u00e9 de la CPTS OCTAV<\/strong> (Orly, Choisy-le-Roi, Thiais, Ablon-sur-Seine, Villeneuve-le-Roi) (Ile de France)<\/li>\n<li><strong>Aide \u00e0 la mise en oeuvre du projet de sant\u00e9 de la CPTS UBM<\/strong> (Ile de France)<\/li>\n<li>\n<p><strong>Elaboration du projet de sant\u00e9 de la CPTS Orne Ouest<\/strong> (r\u00e9gions Normandie)<\/p>\n<\/li>\n<\/ul>\n<p>\u00a0<\/p>\n<p><strong>Des nouveaux accompagnements dans les strat\u00e9gies de sant\u00e9 :<br \/><\/strong><\/p>\n<ul>\n<li>Assistance \u00e0 l\u2019\u00e9laboration d\u2019un Contrat Local de Sant\u00e9 pour le <strong>Pays de Pouzauges <\/strong>(Pays de la Loire)<\/li>\n<li>R\u00e9alisation pour l&rsquo;ARS Bourgogne Franche Comt\u00e9 de <strong>diagnostics territoriaux de sant\u00e9 pour 11\u00a0 CLS<\/strong><\/li>\n<\/ul>\n<h2>Nos derni\u00e8res publications &#8230;<\/h2>\n<p><strong>Parution d&rsquo;articles : <br \/><\/strong><\/p>\n<p>\u00a0<\/p>\n<ul>\n<li>\n<p><strong>Isabelle BOURGEOIS a particip\u00e9 via l\u2019IRDES \u00e0 l\u2019\u00e9valuation du dispositif Asal\u00e9e qui a donn\u00e9 lieu \u00e0 une parution des r\u00e9sultats dans \u00ab\u00a0Questions d\u2019\u00e9conomie de la sant\u00e9\u00a0\u00bb n\u00b0239 \u00a0de f\u00e9vrier 2019. <a href=\"http:\/\/www.irdes.fr\/recherche\/questions-d-economie-de-la-sante\/239-des-organisations-et-pratiques-cooperatives-diverses-entre-medecins-generalistes-et-infirmieres-dans-le-dispositif-asalee.pdf\">D\u00e9couvrir l&rsquo;article<\/a> <\/strong><\/p>\n<\/li>\n<\/ul>\n<p>\u00a0<\/p>\n<ul>\n<li>G. DURAND. Quels projets de sant\u00e9 pour les maisons de sant\u00e9 ? Prescrire. 2018;38 (417) : 539-542<\/li>\n<\/ul>\n<p>\u00a0<\/p>\n<ul>\n<li>C\u00e9cile Fournier (Irdes), <strong>Isabelle Bourgeois (Icone M\u00e9diation Sant\u00e9, Irdes),<\/strong> Michel Naiditch (Irdes). Action de sant\u00e9 lib\u00e9rale en \u00e9quipe (Asal\u00e9e) : un espace de transformation des pratiques en soins primaires. Questions d\u2019\u00e9conomies de la Sant\u00e9 &#8211; N\u00b0 232 &#8211; Avril 2018. <strong><a href=\"http:\/\/www.irdes.fr\/recherche\/questions-d-economie-de-la-sante\/232-action-de-sante-liberale-en-equipe-asalee.pdf\">D\u00e9couvrir l&rsquo;article<\/a><\/strong><\/li>\n<\/ul>\n<p>\u00a0<\/p>\n<p>\u00a0<\/p>\n","protected":false},"excerpt":{"rendered":"<p>Actualit\u00e9s Bureaux en co-living Nous proposons des bureaux en co-living au sein de nos locaux de Rennes : 1 \u00e0 4 bureaux : surfaces de 9 m2 \u00e0 12 m2 Plus d&rsquo;informations Nouvelles prestations &#8230; Des nouveaux accompagnements aupr\u00e8s des professionnels de sant\u00e9 (\u00e9tude de faisabilit\u00e9, \u00e9laboration du projet de\u2026<\/p>\n<p> <a class=\"continue-reading-link\" href=\"http:\/\/www.iconemediationsante.fr\/icone-new\/?page_id=1012\"><span>Lire la suite<\/span><i class=\"icon-right-dir\"><\/i><\/a><\/p>\n","protected":false},"author":1,"featured_media":0,"parent":0,"menu_order":0,"comment_status":"closed","ping_status":"closed","template":"","meta":[],"tags":[],"_links":{"self":[{"href":"http:\/\/www.iconemediationsante.fr\/icone-new\/index.php?rest_route=\/wp\/v2\/pages\/1012"}],"collection":[{"href":"http:\/\/www.iconemediationsante.fr\/icone-new\/index.php?rest_route=\/wp\/v2\/pages"}],"about":[{"href":"http:\/\/www.iconemediationsante.fr\/icone-new\/index.php?rest_route=\/wp\/v2\/types\/page"}],"author":[{"embeddable":true,"href":"http:\/\/www.iconemediationsante.fr\/icone-new\/index.php?rest_route=\/wp\/v2\/users\/1"}],"replies":[{"embeddable":true,"href":"http:\/\/www.iconemediationsante.fr\/icone-new\/index.php?rest_route=%2Fwp%2Fv2%2Fcomments&post=1012"}],"version-history":[{"count":176,"href":"http:\/\/www.iconemediationsante.fr\/icone-new\/index.php?rest_route=\/wp\/v2\/pages\/1012\/revisions"}],"predecessor-version":[{"id":5619,"href":"http:\/\/www.iconemediationsante.fr\/icone-new\/index.php?rest_route=\/wp\/v2\/pages\/1012\/revisions\/5619"}],"wp:attachment":[{"href":"http:\/\/www.iconemediationsante.fr\/icone-new\/index.php?rest_route=%2Fwp%2Fv2%2Fmedia&parent=1012"}],"wp:term":[{"taxonomy":"post_tag","embeddable":true,"href":"http:\/\/www.iconemediationsante.fr\/icone-new\/index.php?rest_route=%2Fwp%2Fv2%2Ftags&post=1012"}],"curies":[{"name":"wp","href":"https:\/\/api.w.org\/{rel}","templated":true}]}}