{"id":10,"date":"2016-01-28T21:15:15","date_gmt":"2016-01-28T20:15:15","guid":{"rendered":"http:\/\/..\/?page_id=10"},"modified":"2026-04-15T13:39:20","modified_gmt":"2026-04-15T12:39:20","slug":"contact","status":"publish","type":"page","link":"http:\/\/www.iconemediationsante.fr\/icone-new\/?page_id=10","title":{"rendered":"Contact"},"content":{"rendered":"<h1>\n\t\t\t\t\tNous contacter<br \/>\n\t\t\t\t<\/h1>\n<\/p>\n<p><iframe loading=\"lazy\" style=\"border: 0;\" src=\"https:\/\/www.google.com\/maps\/embed?pb=!1m18!1m12!1m3!1d5328.527253892048!2d-1.7044902993552173!3d48.10515000097688!2m3!1f0!2f0!3f0!3m2!1i1024!2i768!4f13.1!3m3!1m2!1s0x480ee07c2c54c6c9%3A0x209a9e644fec0bbc!2s83+Boulevard+Voltaire%2C+35000+Rennes!5e0!3m2!1sfr!2sfr!4v1504261245485\" width=\"600\" height=\"450\" frameborder=\"0\" allowfullscreen=\"allowfullscreen\"><\/iframe><\/p>\n<p><strong>Icone M\u00e9diation Sant\u00e9<br \/>Si\u00e8ge social : 81 Mail Fran\u00e7ois Mitterrand &#8211; 35000 RENNES<br \/>Tel. 02 99 31 75 00 &#8211; E-mail : <a style=\"color: #333333;\" href=\"mailto:accueil@iconemediationsante.fr\">accueil@iconemediationsante.fr <\/a><\/strong><\/p>\n<p><strong>Antennes Paris &#8211; Avignon <br \/><\/strong><\/p>\n<p>Pour nous contacter, vous pouvez utiliser ce formulaire. Nous vous r\u00e9pondrons dans les meilleurs d\u00e9lais.<\/p>\n<hr \/>\n<div role=\"form\" class=\"wpcf7\" id=\"wpcf7-f4047-o1\" lang=\"fr-FR\" dir=\"ltr\">\n<div class=\"screen-reader-response\"><\/div>\n<form action=\"\/icone-new\/index.php?rest_route=%2Fwp%2Fv2%2Fpages%2F10#wpcf7-f4047-o1\" method=\"post\" class=\"wpcf7-form\" novalidate=\"novalidate\">\n<div style=\"display: none;\">\n<input type=\"hidden\" name=\"_wpcf7\" value=\"4047\" \/>\n<input type=\"hidden\" name=\"_wpcf7_version\" value=\"4.6.1\" \/>\n<input type=\"hidden\" name=\"_wpcf7_locale\" value=\"fr_FR\" \/>\n<input type=\"hidden\" name=\"_wpcf7_unit_tag\" value=\"wpcf7-f4047-o1\" \/>\n<input type=\"hidden\" name=\"_wpnonce\" value=\"db53d0b203\" \/>\n<\/div>\n<p>Votre nom:<br \/>\n<span class=\"wpcf7-form-control-wrap nom\"><input type=\"text\" name=\"nom\" value=\"\" size=\"40\" class=\"wpcf7-form-control wpcf7-text wpcf7-validates-as-required\" aria-required=\"true\" aria-invalid=\"false\" \/><\/span><\/p>\n<p>Votre pr\u00e9nom:<br \/>\n<span class=\"wpcf7-form-control-wrap prenom\"><input type=\"text\" name=\"prenom\" value=\"\" size=\"40\" class=\"wpcf7-form-control wpcf7-text wpcf7-validates-as-required\" aria-required=\"true\" aria-invalid=\"false\" \/><\/span><\/p>\n<p>Votre email:<br \/>\n<span class=\"wpcf7-form-control-wrap email\"><input type=\"email\" name=\"email\" value=\"\" size=\"40\" class=\"wpcf7-form-control wpcf7-text wpcf7-email wpcf7-validates-as-required wpcf7-validates-as-email\" aria-required=\"true\" aria-invalid=\"false\" \/><\/span> <\/p>\n<p>Votre t\u00e9l\u00e9phone :<br \/>\n<span class=\"wpcf7-form-control-wrap telephone\"><input type=\"tel\" name=\"telephone\" value=\"\" size=\"40\" class=\"wpcf7-form-control wpcf7-text wpcf7-tel wpcf7-validates-as-tel\" aria-invalid=\"false\" \/><\/span><\/p>\n<p>Votre message :<br \/>\n<span class=\"wpcf7-form-control-wrap msg\"><textarea name=\"msg\" cols=\"40\" rows=\"10\" class=\"wpcf7-form-control wpcf7-textarea\" aria-invalid=\"false\"><\/textarea><\/span><\/p>\n<p><input type=\"submit\" value=\"Valider\" class=\"wpcf7-form-control wpcf7-submit\" \/><\/p>\n<div class=\"wpcf7-response-output wpcf7-display-none\"><\/div><\/form><\/div>\n","protected":false},"excerpt":{"rendered":"<p>Nous contacter Icone M\u00e9diation Sant\u00e9Si\u00e8ge social : 81 Mail Fran\u00e7ois Mitterrand &#8211; 35000 RENNESTel. 02 99 31 75 00 &#8211; E-mail : accueil@iconemediationsante.fr Antennes Paris &#8211; Avignon Pour nous contacter, vous pouvez utiliser ce formulaire. Nous vous r\u00e9pondrons dans les meilleurs d\u00e9lais.<\/p>\n<p> <a class=\"continue-reading-link\" href=\"http:\/\/www.iconemediationsante.fr\/icone-new\/?page_id=10\"><span>Lire la suite<\/span><i class=\"icon-right-dir\"><\/i><\/a><\/p>\n","protected":false},"author":1,"featured_media":0,"parent":0,"menu_order":0,"comment_status":"closed","ping_status":"closed","template":"","meta":[],"tags":[],"_links":{"self":[{"href":"http:\/\/www.iconemediationsante.fr\/icone-new\/index.php?rest_route=\/wp\/v2\/pages\/10"}],"collection":[{"href":"http:\/\/www.iconemediationsante.fr\/icone-new\/index.php?rest_route=\/wp\/v2\/pages"}],"about":[{"href":"http:\/\/www.iconemediationsante.fr\/icone-new\/index.php?rest_route=\/wp\/v2\/types\/page"}],"author":[{"embeddable":true,"href":"http:\/\/www.iconemediationsante.fr\/icone-new\/index.php?rest_route=\/wp\/v2\/users\/1"}],"replies":[{"embeddable":true,"href":"http:\/\/www.iconemediationsante.fr\/icone-new\/index.php?rest_route=%2Fwp%2Fv2%2Fcomments&post=10"}],"version-history":[{"count":45,"href":"http:\/\/www.iconemediationsante.fr\/icone-new\/index.php?rest_route=\/wp\/v2\/pages\/10\/revisions"}],"predecessor-version":[{"id":5623,"href":"http:\/\/www.iconemediationsante.fr\/icone-new\/index.php?rest_route=\/wp\/v2\/pages\/10\/revisions\/5623"}],"wp:attachment":[{"href":"http:\/\/www.iconemediationsante.fr\/icone-new\/index.php?rest_route=%2Fwp%2Fv2%2Fmedia&parent=10"}],"wp:term":[{"taxonomy":"post_tag","embeddable":true,"href":"http:\/\/www.iconemediationsante.fr\/icone-new\/index.php?rest_route=%2Fwp%2Fv2%2Ftags&post=10"}],"curies":[{"name":"wp","href":"https:\/\/api.w.org\/{rel}","templated":true}]}}